{"id":1645,"date":"2019-03-19T09:26:37","date_gmt":"2019-03-19T09:26:37","guid":{"rendered":"http:\/\/www.mczgroup.it\/die-marken-mcz-group\/brisach\/"},"modified":"2019-03-27T09:44:07","modified_gmt":"2019-03-27T09:44:07","slug":"brisach","status":"publish","type":"page","link":"https:\/\/www.mczgroup.it\/de\/die-marken-mcz-group\/brisach\/","title":{"rendered":"Brisach"},"content":{"rendered":"<section class=\"wpb-content-wrapper\"><p>[vc_row][vc_column][vc_column_text el_id=&#8220;breadcrumbs&#8220;]<span><span><a href=\"https:\/\/www.mczgroup.it\/de\/\">MCZ GROUP<\/a><\/span><\/span>[\/vc_column_text][\/vc_column][\/vc_row][vc_row][vc_column width=&#8220;10\/12&#8243;][vc_single_image image=&#8220;812&#8243; img_size=&#8220;full&#8220;][\/vc_column][vc_column width=&#8220;2\/12&#8243;][\/vc_column][\/vc_row][vc_row][vc_column width=&#8220;5\/12&#8243; el_class=&#8220;scheda-brand-logo&#8220;][vc_single_image image=&#8220;841&#8243; img_size=&#8220;full&#8220; alignment=&#8220;center&#8220;][vc_empty_space height=&#8220;10px&#8220;][vc_btn title=&#8220;Zur Webseite&#8220; style=&#8220;classic&#8220; shape=&#8220;square&#8220; color=&#8220;white&#8220; align=&#8220;center&#8220; button_block=&#8220;true&#8220; el_class=&#8220;btn-primary&#8220; link=&#8220;url:http%3A%2F%2Fwww.brisach.com%2F||target:%20_blank|&#8220;][\/vc_column][vc_column width=&#8220;7\/12&#8243; el_class=&#8220;scheda-brand-description&#8220;][vc_column_text]<\/p>\n<h1>Full-Service<br \/>\nf\u00fcr den Einzelh\u00e4ndler<\/h1>\n<p>[\/vc_column_text][vc_empty_space height=&#8220;25px&#8220;][vc_column_text el_class=&#8220;description&#8220;]<\/p>\n<h3>WARENKLASSEN<\/h3>\n<p>Holz-, Pellet-, Gas- und mit Bioethanol befeuerte \u00d6fen, Kamine und Kamineins\u00e4tze.<\/p>\n<h3>ZIELGRUPPE<\/h3>\n<p>Fortschrittliche Verbraucher, die Holz lieben, anspruchsvoll und serviceorientiert sind.<\/p>\n<h3>PRODUKT<\/h3>\n<p>Gro\u00dfes Sortiment an technisch und \u00e4sthetisch hochentwickelten Ger\u00e4ten mit modernem oder traditionellem Design, die sich an den Trends des Sektors orientieren.<\/p>\n<h3>VERTRIEB<\/h3>\n<p>\u00dcber ein Netz von Fachh\u00e4ndlern, die Produkte und Dienstleistungen unter der Marke Brisach vertreiben.[\/vc_column_text][\/vc_column][\/vc_row][vc_row][vc_column][vc_empty_space height=&#8220;100px&#8220;][\/vc_column][\/vc_row]<\/p>\n<\/section>","protected":false},"excerpt":{"rendered":"<p>[vc_row][vc_column][vc_column_text el_id=&#8220;breadcrumbs&#8220;][\/vc_column_text][\/vc_column][\/vc_row][vc_row][vc_column width=&#8220;10\/12&#8243;][vc_single_image image=&#8220;812&#8243; img_size=&#8220;full&#8220;][\/vc_column][vc_column width=&#8220;2\/12&#8243;][\/vc_column][\/vc_row][vc_row][vc_column width=&#8220;5\/12&#8243; el_class=&#8220;scheda-brand-logo&#8220;][vc_single_image image=&#8220;841&#8243; img_size=&#8220;full&#8220; alignment=&#8220;center&#8220;][vc_empty_space height=&#8220;10px&#8220;][vc_btn title=&#8220;Zur Webseite&#8220; style=&#8220;classic&#8220; shape=&#8220;square&#8220; color=&#8220;white&#8220; align=&#8220;center&#8220; button_block=&#8220;true&#8220; el_class=&#8220;btn-primary&#8220; link=&#8220;url:http%3A%2F%2Fwww.brisach.com%2F||target:%20_blank|&#8220;][\/vc_column][vc_column width=&#8220;7\/12&#8243; el_class=&#8220;scheda-brand-description&#8220;][vc_column_text] Full-Service f\u00fcr den Einzelh\u00e4ndler [\/vc_column_text][vc_empty_space height=&#8220;25px&#8220;][vc_column_text el_class=&#8220;description&#8220;] WARENKLASSEN Holz-, Pellet-, Gas- und mit Bioethanol befeuerte \u00d6fen, Kamine und Kamineins\u00e4tze. ZIELGRUPPE Fortschrittliche Verbraucher, die Holz lieben, anspruchsvoll und serviceorientiert sind. PRODUKT Gro\u00dfes Sortiment [&hellip;]<\/p>\n","protected":false},"author":1,"featured_media":0,"parent":1619,"menu_order":0,"comment_status":"closed","ping_status":"closed","template":"","meta":[],"yoast_head":"<!-- This site is optimized with the Yoast SEO plugin v20.7 - https:\/\/yoast.com\/wordpress\/plugins\/seo\/ -->\n<title>Brisach - Mcz Group<\/title>\n<meta name=\"description\" content=\"Brisach ist eine historische franz\u00f6sische Marke von der Gruppe MCZ. Der Vertrieb erfolgt \u00fcber ein Netz von exklusiven Fachh\u00e4ndlern.\" \/>\n<meta name=\"robots\" content=\"index, follow, max-snippet:-1, max-image-preview:large, max-video-preview:-1\" \/>\n<link rel=\"canonical\" href=\"https:\/\/www.mczgroup.it\/de\/die-marken-mcz-group\/brisach\/\" \/>\n<meta property=\"og:locale\" content=\"de_DE\" \/>\n<meta property=\"og:type\" content=\"article\" \/>\n<meta property=\"og:title\" content=\"Brisach - Mcz Group\" \/>\n<meta property=\"og:description\" content=\"Brisach ist eine historische franz\u00f6sische Marke von der Gruppe MCZ. Der Vertrieb erfolgt \u00fcber ein Netz von exklusiven Fachh\u00e4ndlern.\" \/>\n<meta property=\"og:url\" content=\"https:\/\/www.mczgroup.it\/de\/die-marken-mcz-group\/brisach\/\" \/>\n<meta property=\"og:site_name\" content=\"Mcz Group\" \/>\n<meta property=\"article:modified_time\" content=\"2019-03-27T09:44:07+00:00\" \/>\n<meta name=\"twitter:card\" content=\"summary_large_image\" \/>\n<meta name=\"twitter:label1\" content=\"Gesch\u00e4tzte Lesezeit\" \/>\n\t<meta name=\"twitter:data1\" content=\"1\u00a0Minute\" \/>\n<script type=\"application\/ld+json\" class=\"yoast-schema-graph\">{\"@context\":\"https:\/\/schema.org\",\"@graph\":[{\"@type\":\"WebPage\",\"@id\":\"https:\/\/www.mczgroup.it\/de\/die-marken-mcz-group\/brisach\/\",\"url\":\"https:\/\/www.mczgroup.it\/de\/die-marken-mcz-group\/brisach\/\",\"name\":\"Brisach - Mcz Group\",\"isPartOf\":{\"@id\":\"https:\/\/www.mczgroup.it\/it\/#website\"},\"datePublished\":\"2019-03-19T09:26:37+00:00\",\"dateModified\":\"2019-03-27T09:44:07+00:00\",\"description\":\"Brisach ist eine historische franz\u00f6sische Marke von der Gruppe MCZ. Der Vertrieb erfolgt \u00fcber ein Netz von exklusiven Fachh\u00e4ndlern.\",\"breadcrumb\":{\"@id\":\"https:\/\/www.mczgroup.it\/de\/die-marken-mcz-group\/brisach\/#breadcrumb\"},\"inLanguage\":\"de\",\"potentialAction\":[{\"@type\":\"ReadAction\",\"target\":[\"https:\/\/www.mczgroup.it\/de\/die-marken-mcz-group\/brisach\/\"]}]},{\"@type\":\"BreadcrumbList\",\"@id\":\"https:\/\/www.mczgroup.it\/de\/die-marken-mcz-group\/brisach\/#breadcrumb\",\"itemListElement\":[{\"@type\":\"ListItem\",\"position\":1,\"name\":\"MCZ GROUP\",\"item\":\"https:\/\/www.mczgroup.it\/de\/\"},{\"@type\":\"ListItem\",\"position\":2,\"name\":\"Die Marken\",\"item\":\"https:\/\/www.mczgroup.it\/de\/die-marken-mcz-group\/\"},{\"@type\":\"ListItem\",\"position\":3,\"name\":\"Brisach\"}]},{\"@type\":\"WebSite\",\"@id\":\"https:\/\/www.mczgroup.it\/it\/#website\",\"url\":\"https:\/\/www.mczgroup.it\/it\/\",\"name\":\"Mcz Group\",\"description\":\"\",\"potentialAction\":[{\"@type\":\"SearchAction\",\"target\":{\"@type\":\"EntryPoint\",\"urlTemplate\":\"https:\/\/www.mczgroup.it\/it\/?s={search_term_string}\"},\"query-input\":\"required name=search_term_string\"}],\"inLanguage\":\"de\"}]}<\/script>\n<!-- \/ Yoast SEO plugin. -->","yoast_head_json":{"title":"Brisach - Mcz Group","description":"Brisach ist eine historische franz\u00f6sische Marke von der Gruppe MCZ. Der Vertrieb erfolgt \u00fcber ein Netz von exklusiven Fachh\u00e4ndlern.","robots":{"index":"index","follow":"follow","max-snippet":"max-snippet:-1","max-image-preview":"max-image-preview:large","max-video-preview":"max-video-preview:-1"},"canonical":"https:\/\/www.mczgroup.it\/de\/die-marken-mcz-group\/brisach\/","og_locale":"de_DE","og_type":"article","og_title":"Brisach - Mcz Group","og_description":"Brisach ist eine historische franz\u00f6sische Marke von der Gruppe MCZ. Der Vertrieb erfolgt \u00fcber ein Netz von exklusiven Fachh\u00e4ndlern.","og_url":"https:\/\/www.mczgroup.it\/de\/die-marken-mcz-group\/brisach\/","og_site_name":"Mcz Group","article_modified_time":"2019-03-27T09:44:07+00:00","twitter_card":"summary_large_image","twitter_misc":{"Gesch\u00e4tzte Lesezeit":"1\u00a0Minute"},"schema":{"@context":"https:\/\/schema.org","@graph":[{"@type":"WebPage","@id":"https:\/\/www.mczgroup.it\/de\/die-marken-mcz-group\/brisach\/","url":"https:\/\/www.mczgroup.it\/de\/die-marken-mcz-group\/brisach\/","name":"Brisach - Mcz Group","isPartOf":{"@id":"https:\/\/www.mczgroup.it\/it\/#website"},"datePublished":"2019-03-19T09:26:37+00:00","dateModified":"2019-03-27T09:44:07+00:00","description":"Brisach ist eine historische franz\u00f6sische Marke von der Gruppe MCZ. Der Vertrieb erfolgt \u00fcber ein Netz von exklusiven Fachh\u00e4ndlern.","breadcrumb":{"@id":"https:\/\/www.mczgroup.it\/de\/die-marken-mcz-group\/brisach\/#breadcrumb"},"inLanguage":"de","potentialAction":[{"@type":"ReadAction","target":["https:\/\/www.mczgroup.it\/de\/die-marken-mcz-group\/brisach\/"]}]},{"@type":"BreadcrumbList","@id":"https:\/\/www.mczgroup.it\/de\/die-marken-mcz-group\/brisach\/#breadcrumb","itemListElement":[{"@type":"ListItem","position":1,"name":"MCZ GROUP","item":"https:\/\/www.mczgroup.it\/de\/"},{"@type":"ListItem","position":2,"name":"Die Marken","item":"https:\/\/www.mczgroup.it\/de\/die-marken-mcz-group\/"},{"@type":"ListItem","position":3,"name":"Brisach"}]},{"@type":"WebSite","@id":"https:\/\/www.mczgroup.it\/it\/#website","url":"https:\/\/www.mczgroup.it\/it\/","name":"Mcz Group","description":"","potentialAction":[{"@type":"SearchAction","target":{"@type":"EntryPoint","urlTemplate":"https:\/\/www.mczgroup.it\/it\/?s={search_term_string}"},"query-input":"required name=search_term_string"}],"inLanguage":"de"}]}},"_links":{"self":[{"href":"https:\/\/www.mczgroup.it\/de\/wp-json\/wp\/v2\/pages\/1645"}],"collection":[{"href":"https:\/\/www.mczgroup.it\/de\/wp-json\/wp\/v2\/pages"}],"about":[{"href":"https:\/\/www.mczgroup.it\/de\/wp-json\/wp\/v2\/types\/page"}],"author":[{"embeddable":true,"href":"https:\/\/www.mczgroup.it\/de\/wp-json\/wp\/v2\/users\/1"}],"replies":[{"embeddable":true,"href":"https:\/\/www.mczgroup.it\/de\/wp-json\/wp\/v2\/comments?post=1645"}],"version-history":[{"count":4,"href":"https:\/\/www.mczgroup.it\/de\/wp-json\/wp\/v2\/pages\/1645\/revisions"}],"predecessor-version":[{"id":1904,"href":"https:\/\/www.mczgroup.it\/de\/wp-json\/wp\/v2\/pages\/1645\/revisions\/1904"}],"up":[{"embeddable":true,"href":"https:\/\/www.mczgroup.it\/de\/wp-json\/wp\/v2\/pages\/1619"}],"wp:attachment":[{"href":"https:\/\/www.mczgroup.it\/de\/wp-json\/wp\/v2\/media?parent=1645"}],"curies":[{"name":"wp","href":"https:\/\/api.w.org\/{rel}","templated":true}]}}