{"id":1657,"date":"2019-03-19T09:31:15","date_gmt":"2019-03-19T09:31:15","guid":{"rendered":"http:\/\/www.mczgroup.it\/die-marken-mcz-group\/freepoint\/"},"modified":"2023-02-20T09:28:46","modified_gmt":"2023-02-20T08:28:46","slug":"freepoint","status":"publish","type":"page","link":"https:\/\/www.mczgroup.it\/de\/die-marken-mcz-group\/freepoint\/","title":{"rendered":"FreePoint"},"content":{"rendered":"<section class=\"wpb-content-wrapper\"><p>[vc_row][vc_column][vc_column_text el_id=&#8220;breadcrumbs&#8220;]<span><span><a href=\"https:\/\/www.mczgroup.it\/de\/\">MCZ GROUP<\/a><\/span><\/span>[\/vc_column_text][\/vc_column][\/vc_row][vc_row][vc_column width=&#8220;10\/12&#8243;][vc_single_image image=&#8220;983&#8243; img_size=&#8220;full&#8220;][\/vc_column][vc_column width=&#8220;2\/12&#8243;][\/vc_column][\/vc_row][vc_row][vc_column width=&#8220;5\/12&#8243; el_class=&#8220;scheda-brand-logo&#8220;][vc_single_image image=&#8220;851&#8243; img_size=&#8220;full&#8220; alignment=&#8220;center&#8220;][vc_empty_space height=&#8220;10px&#8220;][vc_btn title=&#8220;Zur Webseite&#8220; style=&#8220;classic&#8220; shape=&#8220;square&#8220; color=&#8220;white&#8220; align=&#8220;center&#8220; button_block=&#8220;true&#8220; el_class=&#8220;btn-primary&#8220; link=&#8220;url:https%3A%2F%2Ffree-point.it%2F|target:_blank&#8220;][\/vc_column][vc_column width=&#8220;7\/12&#8243; el_class=&#8220;scheda-brand-description&#8220;][vc_column_text]<\/p>\n<h1>Einfach sparen<br \/>\nf\u00fcr alle<\/h1>\n<p>[\/vc_column_text][vc_empty_space height=&#8220;25px&#8220;][vc_column_text el_class=&#8220;description&#8220;]<\/p>\n<h3>WARENKLASSEN<\/h3>\n<p>Pellet\u00f6fen.<\/p>\n<h3>ZIELGRUPPE<\/h3>\n<p>Verbraucher, die Funktionalit\u00e4t und ein gutes Preis-Leistungs-Verh\u00e4ltnis suchen und am liebsten bei gro\u00dfen Handelsketten einkaufen.<\/p>\n<h3>PRODUKT<\/h3>\n<p>Ger\u00e4tepalette mit \u00d6fen mit modernem Design, die sich durch besondere Benutzerfreundlichkeit auszeichnen.<\/p>\n<h3>VERTRIEB<\/h3>\n<p>Ausschlie\u00dflich u\u0308ber gro\u00dfe Handelsketten.[\/vc_column_text][\/vc_column][\/vc_row][vc_row][vc_column][vc_empty_space height=&#8220;100px&#8220;][\/vc_column][\/vc_row]<\/p>\n<\/section>","protected":false},"excerpt":{"rendered":"<p>[vc_row][vc_column][vc_column_text el_id=&#8220;breadcrumbs&#8220;][\/vc_column_text][\/vc_column][\/vc_row][vc_row][vc_column width=&#8220;10\/12&#8243;][vc_single_image image=&#8220;983&#8243; img_size=&#8220;full&#8220;][\/vc_column][vc_column width=&#8220;2\/12&#8243;][\/vc_column][\/vc_row][vc_row][vc_column width=&#8220;5\/12&#8243; el_class=&#8220;scheda-brand-logo&#8220;][vc_single_image image=&#8220;851&#8243; img_size=&#8220;full&#8220; alignment=&#8220;center&#8220;][vc_empty_space height=&#8220;10px&#8220;][vc_btn title=&#8220;Zur Webseite&#8220; style=&#8220;classic&#8220; shape=&#8220;square&#8220; color=&#8220;white&#8220; align=&#8220;center&#8220; button_block=&#8220;true&#8220; el_class=&#8220;btn-primary&#8220; link=&#8220;url:https%3A%2F%2Ffree-point.it%2F|target:_blank&#8220;][\/vc_column][vc_column width=&#8220;7\/12&#8243; el_class=&#8220;scheda-brand-description&#8220;][vc_column_text] Einfach sparen f\u00fcr alle [\/vc_column_text][vc_empty_space height=&#8220;25px&#8220;][vc_column_text el_class=&#8220;description&#8220;] WARENKLASSEN Pellet\u00f6fen. ZIELGRUPPE Verbraucher, die Funktionalit\u00e4t und ein gutes Preis-Leistungs-Verh\u00e4ltnis suchen und am liebsten bei gro\u00dfen Handelsketten einkaufen. PRODUKT Ger\u00e4tepalette mit \u00d6fen mit modernem Design, [&hellip;]<\/p>\n","protected":false},"author":1,"featured_media":0,"parent":1619,"menu_order":0,"comment_status":"closed","ping_status":"closed","template":"","meta":[],"yoast_head":"<!-- This site is optimized with the Yoast SEO plugin v20.7 - https:\/\/yoast.com\/wordpress\/plugins\/seo\/ -->\n<title>FreePoint - Mcz Group<\/title>\n<meta name=\"description\" content=\"Unter der Marke Freepoint von der Gruppe MCZ wird eine umfangreiche Produktpalette von Pellet\u00f6fen f\u00fcr den Gro\u00dfhandel produziert.\" \/>\n<meta name=\"robots\" content=\"index, follow, max-snippet:-1, max-image-preview:large, max-video-preview:-1\" \/>\n<link rel=\"canonical\" href=\"https:\/\/www.mczgroup.it\/de\/die-marken-mcz-group\/freepoint\/\" \/>\n<meta property=\"og:locale\" content=\"de_DE\" \/>\n<meta property=\"og:type\" content=\"article\" \/>\n<meta property=\"og:title\" content=\"FreePoint - Mcz Group\" \/>\n<meta property=\"og:description\" content=\"Unter der Marke Freepoint von der Gruppe MCZ wird eine umfangreiche Produktpalette von Pellet\u00f6fen f\u00fcr den Gro\u00dfhandel produziert.\" \/>\n<meta property=\"og:url\" content=\"https:\/\/www.mczgroup.it\/de\/die-marken-mcz-group\/freepoint\/\" \/>\n<meta property=\"og:site_name\" content=\"Mcz Group\" \/>\n<meta property=\"article:modified_time\" content=\"2023-02-20T08:28:46+00:00\" \/>\n<meta name=\"twitter:card\" content=\"summary_large_image\" \/>\n<meta name=\"twitter:label1\" content=\"Gesch\u00e4tzte Lesezeit\" \/>\n\t<meta name=\"twitter:data1\" content=\"1\u00a0Minute\" \/>\n<script type=\"application\/ld+json\" class=\"yoast-schema-graph\">{\"@context\":\"https:\/\/schema.org\",\"@graph\":[{\"@type\":\"WebPage\",\"@id\":\"https:\/\/www.mczgroup.it\/de\/die-marken-mcz-group\/freepoint\/\",\"url\":\"https:\/\/www.mczgroup.it\/de\/die-marken-mcz-group\/freepoint\/\",\"name\":\"FreePoint - Mcz Group\",\"isPartOf\":{\"@id\":\"https:\/\/www.mczgroup.it\/it\/#website\"},\"datePublished\":\"2019-03-19T09:31:15+00:00\",\"dateModified\":\"2023-02-20T08:28:46+00:00\",\"description\":\"Unter der Marke Freepoint von der Gruppe MCZ wird eine umfangreiche Produktpalette von Pellet\u00f6fen f\u00fcr den Gro\u00dfhandel produziert.\",\"breadcrumb\":{\"@id\":\"https:\/\/www.mczgroup.it\/de\/die-marken-mcz-group\/freepoint\/#breadcrumb\"},\"inLanguage\":\"de\",\"potentialAction\":[{\"@type\":\"ReadAction\",\"target\":[\"https:\/\/www.mczgroup.it\/de\/die-marken-mcz-group\/freepoint\/\"]}]},{\"@type\":\"BreadcrumbList\",\"@id\":\"https:\/\/www.mczgroup.it\/de\/die-marken-mcz-group\/freepoint\/#breadcrumb\",\"itemListElement\":[{\"@type\":\"ListItem\",\"position\":1,\"name\":\"MCZ GROUP\",\"item\":\"https:\/\/www.mczgroup.it\/de\/\"},{\"@type\":\"ListItem\",\"position\":2,\"name\":\"Die Marken\",\"item\":\"https:\/\/www.mczgroup.it\/de\/die-marken-mcz-group\/\"},{\"@type\":\"ListItem\",\"position\":3,\"name\":\"FreePoint\"}]},{\"@type\":\"WebSite\",\"@id\":\"https:\/\/www.mczgroup.it\/it\/#website\",\"url\":\"https:\/\/www.mczgroup.it\/it\/\",\"name\":\"Mcz Group\",\"description\":\"\",\"potentialAction\":[{\"@type\":\"SearchAction\",\"target\":{\"@type\":\"EntryPoint\",\"urlTemplate\":\"https:\/\/www.mczgroup.it\/it\/?s={search_term_string}\"},\"query-input\":\"required name=search_term_string\"}],\"inLanguage\":\"de\"}]}<\/script>\n<!-- \/ Yoast SEO plugin. -->","yoast_head_json":{"title":"FreePoint - Mcz Group","description":"Unter der Marke Freepoint von der Gruppe MCZ wird eine umfangreiche Produktpalette von Pellet\u00f6fen f\u00fcr den Gro\u00dfhandel produziert.","robots":{"index":"index","follow":"follow","max-snippet":"max-snippet:-1","max-image-preview":"max-image-preview:large","max-video-preview":"max-video-preview:-1"},"canonical":"https:\/\/www.mczgroup.it\/de\/die-marken-mcz-group\/freepoint\/","og_locale":"de_DE","og_type":"article","og_title":"FreePoint - Mcz Group","og_description":"Unter der Marke Freepoint von der Gruppe MCZ wird eine umfangreiche Produktpalette von Pellet\u00f6fen f\u00fcr den Gro\u00dfhandel produziert.","og_url":"https:\/\/www.mczgroup.it\/de\/die-marken-mcz-group\/freepoint\/","og_site_name":"Mcz Group","article_modified_time":"2023-02-20T08:28:46+00:00","twitter_card":"summary_large_image","twitter_misc":{"Gesch\u00e4tzte Lesezeit":"1\u00a0Minute"},"schema":{"@context":"https:\/\/schema.org","@graph":[{"@type":"WebPage","@id":"https:\/\/www.mczgroup.it\/de\/die-marken-mcz-group\/freepoint\/","url":"https:\/\/www.mczgroup.it\/de\/die-marken-mcz-group\/freepoint\/","name":"FreePoint - Mcz Group","isPartOf":{"@id":"https:\/\/www.mczgroup.it\/it\/#website"},"datePublished":"2019-03-19T09:31:15+00:00","dateModified":"2023-02-20T08:28:46+00:00","description":"Unter der Marke Freepoint von der Gruppe MCZ wird eine umfangreiche Produktpalette von Pellet\u00f6fen f\u00fcr den Gro\u00dfhandel produziert.","breadcrumb":{"@id":"https:\/\/www.mczgroup.it\/de\/die-marken-mcz-group\/freepoint\/#breadcrumb"},"inLanguage":"de","potentialAction":[{"@type":"ReadAction","target":["https:\/\/www.mczgroup.it\/de\/die-marken-mcz-group\/freepoint\/"]}]},{"@type":"BreadcrumbList","@id":"https:\/\/www.mczgroup.it\/de\/die-marken-mcz-group\/freepoint\/#breadcrumb","itemListElement":[{"@type":"ListItem","position":1,"name":"MCZ GROUP","item":"https:\/\/www.mczgroup.it\/de\/"},{"@type":"ListItem","position":2,"name":"Die Marken","item":"https:\/\/www.mczgroup.it\/de\/die-marken-mcz-group\/"},{"@type":"ListItem","position":3,"name":"FreePoint"}]},{"@type":"WebSite","@id":"https:\/\/www.mczgroup.it\/it\/#website","url":"https:\/\/www.mczgroup.it\/it\/","name":"Mcz Group","description":"","potentialAction":[{"@type":"SearchAction","target":{"@type":"EntryPoint","urlTemplate":"https:\/\/www.mczgroup.it\/it\/?s={search_term_string}"},"query-input":"required name=search_term_string"}],"inLanguage":"de"}]}},"_links":{"self":[{"href":"https:\/\/www.mczgroup.it\/de\/wp-json\/wp\/v2\/pages\/1657"}],"collection":[{"href":"https:\/\/www.mczgroup.it\/de\/wp-json\/wp\/v2\/pages"}],"about":[{"href":"https:\/\/www.mczgroup.it\/de\/wp-json\/wp\/v2\/types\/page"}],"author":[{"embeddable":true,"href":"https:\/\/www.mczgroup.it\/de\/wp-json\/wp\/v2\/users\/1"}],"replies":[{"embeddable":true,"href":"https:\/\/www.mczgroup.it\/de\/wp-json\/wp\/v2\/comments?post=1657"}],"version-history":[{"count":5,"href":"https:\/\/www.mczgroup.it\/de\/wp-json\/wp\/v2\/pages\/1657\/revisions"}],"predecessor-version":[{"id":3064,"href":"https:\/\/www.mczgroup.it\/de\/wp-json\/wp\/v2\/pages\/1657\/revisions\/3064"}],"up":[{"embeddable":true,"href":"https:\/\/www.mczgroup.it\/de\/wp-json\/wp\/v2\/pages\/1619"}],"wp:attachment":[{"href":"https:\/\/www.mczgroup.it\/de\/wp-json\/wp\/v2\/media?parent=1657"}],"curies":[{"name":"wp","href":"https:\/\/api.w.org\/{rel}","templated":true}]}}