{"id":1823,"date":"2019-03-05T09:32:04","date_gmt":"2019-03-05T09:32:04","guid":{"rendered":"http:\/\/www.mczgroup.it\/press\/"},"modified":"2026-01-27T16:50:48","modified_gmt":"2026-01-27T15:50:48","slug":"presse","status":"publish","type":"page","link":"https:\/\/www.mczgroup.it\/de\/presse\/","title":{"rendered":"Presse"},"content":{"rendered":"<section class=\"wpb-content-wrapper\"><p>[vc_row][vc_column][vc_empty_space height=&#8220;35px&#8220;][\/vc_column][\/vc_row][vc_row][vc_column][vc_tta_accordion style=&#8220;flat&#8220; shape=&#8220;square&#8220; color=&#8220;white&#8220; c_icon=&#8220;chevron&#8220; c_position=&#8220;right&#8220; active_section=&#8220;10&#8243; no_fill=&#8220;true&#8220; el_class=&#8220;accordion&#8220;][vc_tta_section title=&#8220;PRESSEKONTAKTE&#8220; tab_id=&#8220;1553611432738-e4f91523-590c&#8220;][vc_row_inner][vc_column_inner width=&#8220;1\/3&#8243;][vc_column_text]<strong>MEDIEN-VERANTWORTLICHER<\/strong><br \/>\nPaolo Beacco<br \/>\n<a title=\"\" href=\"mailto:paolo.beacco@mcz.it\">paolo.beacco@mcz.it<\/a>[\/vc_column_text][\/vc_column_inner][vc_column_inner width=&#8220;1\/3&#8243;][vc_column_text]<strong>PRESSEB\u00dcRO F\u00dcR ITALIEN<\/strong><br \/>\nBlu Wom Milano &#8211; Via Giacomo Boni, 29 \u2013 20144 Milano \u2013 Italy<br \/>\n<a href=\"https:\/\/www.bluwom-milano.com\" target=\"_blank\" rel=\"noopener noreferrer\">www.bluwom-milano.com<\/a><br \/>\n<strong>Kundenmanager:<\/strong><br \/>\nPatrizia Fabretti<br \/>\n<a title=\"\" href=\"mailto:p.fabretti@bluwom-milano.com\">p.fabretti@bluwom-milano.com<\/a><br \/>\n<strong>Account Executive:<\/strong><br \/>\nValentina Riva<br \/>\n<a title=\"\" href=\"mailto:v.riva@bluwom-milano.com\">v.riva@bluwom-milano.com<\/a><br \/>\nTelefon +39 02 87384640[\/vc_column_text][\/vc_column_inner][vc_column_inner width=&#8220;1\/3&#8243;][vc_column_text]<strong>INTERNATIONALES PRESSEB\u00dcRO<\/strong><br \/>\nERGO &#8211; Piazza Piemonte, 8 &#8211; 20145 Milano<br \/>\n<a href=\"https:\/\/www.ergo-online.it\" target=\"_blank\" rel=\"noopener noreferrer\">www.ergo-online.it<\/a><br \/>\n<a title=\"\" href=\"mailto:info@ergo-online.it\">info@ergo-online.it<\/a><br \/>\nTelefon +39 02 43995057[\/vc_column_text][\/vc_column_inner][\/vc_row_inner][\/vc_tta_section][vc_tta_section title=&#8220;VOLLST\u00c4NDIGE PRESSEMAPPE&#8220; tab_id=&#8220;1551785765744-2dc923a6-f8d8&#8243;][vc_column_text]Laden Sie hier die komplette und stets aktuelle Pressemappe mit Fotos von Ambienten, Produktdatenbl\u00e4ttern und den neuesten Nachrichten der Marken MCZ. Sie enth\u00e4lt ein Unternehmensprofil mit den neuesten Daten der Gruppe.[\/vc_column_text][vc_btn title=&#8220;DOWNLOAD&#8220; style=&#8220;classic&#8220; shape=&#8220;square&#8220; color=&#8220;white&#8220; align=&#8220;center&#8220; link=&#8220;url:https%3A%2F%2Fwww.mczgroup.com%2Fpresskit|target:_blank&#8220; el_class=&#8220;btn-primary&#8220;][vc_empty_space height=&#8220;40px&#8220;][\/vc_tta_section][vc_tta_section title=&#8220;KATALOGE UND RATGEBER&#8220; tab_id=&#8220;1551785765786-de3b4adf-c8cd&#8220;][vc_column_text]M\u00f6chten Sie mehr \u00fcber das Heizen mit Pellets und Holz erfahren? Auf dieser MCZ-Webseite k\u00f6nnen Sie alle Kataloge (Pellet, Holz, Gas) sowie eine Reihe n\u00fctzlicher Ratschl\u00e4ge herunterladen, die sich ideal f\u00fcr alle eignen, die nicht in der Branche t\u00e4tig sind und genau wissen m\u00f6chten, wie \u00d6fen und Kamine funktionieren und nach welchen Kriterien man sie ausw\u00e4hlt.[\/vc_column_text][vc_btn title=&#8220;ZU DEN RATGEBERN&#8220; style=&#8220;classic&#8220; shape=&#8220;square&#8220; color=&#8220;white&#8220; align=&#8220;center&#8220; link=&#8220;url:https%3A%2F%2Fwww.mcz.it%2Fde%2Fkataloge-und-ratgeber%2F||target:%20_blank|&#8220; el_class=&#8220;btn-primary&#8220;][vc_empty_space height=&#8220;40px&#8220;][\/vc_tta_section][\/vc_tta_accordion][\/vc_column][\/vc_row][vc_row][vc_column][vc_empty_space height=&#8220;80px&#8220;][\/vc_column][\/vc_row][vc_row][vc_column][vc_basic_grid post_type=&#8220;post&#8220; max_items=&#8220;6&#8243; element_width=&#8220;12&#8243; gap=&#8220;0&#8243; item=&#8220;100&#8243; initial_loading_animation=&#8220;none&#8220; grid_id=&#8220;vc_gid:1769529051593-4c301dc9-60bd-1&#8243; offset=&#8220;0&#8243;][\/vc_column][\/vc_row][vc_row][vc_column][vc_btn title=&#8220;ARCHIV KONSULTIEREN&#8220; style=&#8220;classic&#8220; shape=&#8220;square&#8220; color=&#8220;white&#8220; align=&#8220;center&#8220; link=&#8220;url:https%3A%2F%2Fwww.mczgroup.it%2Fde%2Fpresse%2Farchiv%2F|title:Archivio%20Press&#8220; el_class=&#8220;btn-primary&#8220;][vc_empty_space height=&#8220;70px&#8220;][\/vc_column][\/vc_row]<\/p>\n<\/section>","protected":false},"excerpt":{"rendered":"<p>[vc_row][vc_column][vc_empty_space height=&#8220;35px&#8220;][\/vc_column][\/vc_row][vc_row][vc_column][vc_tta_accordion style=&#8220;flat&#8220; shape=&#8220;square&#8220; color=&#8220;white&#8220; c_icon=&#8220;chevron&#8220; c_position=&#8220;right&#8220; active_section=&#8220;10&#8243; no_fill=&#8220;true&#8220; el_class=&#8220;accordion&#8220;][vc_tta_section title=&#8220;PRESSEKONTAKTE&#8220; tab_id=&#8220;1553611432738-e4f91523-590c&#8220;][vc_row_inner][vc_column_inner width=&#8220;1\/3&#8243;][vc_column_text]MEDIEN-VERANTWORTLICHER Paolo Beacco paolo.beacco@mcz.it[\/vc_column_text][\/vc_column_inner][vc_column_inner width=&#8220;1\/3&#8243;][vc_column_text]PRESSEB\u00dcRO F\u00dcR ITALIEN Blu Wom Milano &#8211; Via Giacomo Boni, 29 \u2013 20144 Milano \u2013 Italy www.bluwom-milano.com Kundenmanager: Patrizia Fabretti p.fabretti@bluwom-milano.com Account Executive: Valentina Riva v.riva@bluwom-milano.com Telefon +39 02 87384640[\/vc_column_text][\/vc_column_inner][vc_column_inner width=&#8220;1\/3&#8243;][vc_column_text]INTERNATIONALES PRESSEB\u00dcRO ERGO &#8211; Piazza Piemonte, 8 &#8211; 20145 [&hellip;]<\/p>\n","protected":false},"author":1,"featured_media":0,"parent":0,"menu_order":0,"comment_status":"closed","ping_status":"closed","template":"","meta":[],"yoast_head":"<!-- This site is optimized with the Yoast SEO plugin v20.7 - https:\/\/yoast.com\/wordpress\/plugins\/seo\/ -->\n<title>Presse - Mcz Group<\/title>\n<meta name=\"description\" content=\"Alle Nachrichten, Ereignisse und Pressemitteilungen aus der Welt der Gruppe MCZ.\" \/>\n<meta name=\"robots\" content=\"index, follow, max-snippet:-1, max-image-preview:large, max-video-preview:-1\" \/>\n<link rel=\"canonical\" href=\"https:\/\/www.mczgroup.it\/de\/presse\/\" \/>\n<meta property=\"og:locale\" content=\"de_DE\" \/>\n<meta property=\"og:type\" content=\"article\" \/>\n<meta property=\"og:title\" content=\"Presse - Mcz Group\" \/>\n<meta property=\"og:description\" content=\"Alle Nachrichten, Ereignisse und Pressemitteilungen aus der Welt der Gruppe MCZ.\" \/>\n<meta property=\"og:url\" content=\"https:\/\/www.mczgroup.it\/de\/presse\/\" \/>\n<meta property=\"og:site_name\" content=\"Mcz Group\" \/>\n<meta property=\"article:modified_time\" content=\"2026-01-27T15:50:48+00:00\" \/>\n<meta name=\"twitter:card\" content=\"summary_large_image\" \/>\n<meta name=\"twitter:label1\" content=\"Gesch\u00e4tzte Lesezeit\" \/>\n\t<meta name=\"twitter:data1\" content=\"2\u00a0Minuten\" \/>\n<script type=\"application\/ld+json\" class=\"yoast-schema-graph\">{\"@context\":\"https:\/\/schema.org\",\"@graph\":[{\"@type\":\"WebPage\",\"@id\":\"https:\/\/www.mczgroup.it\/de\/presse\/\",\"url\":\"https:\/\/www.mczgroup.it\/de\/presse\/\",\"name\":\"Presse - Mcz Group\",\"isPartOf\":{\"@id\":\"https:\/\/www.mczgroup.it\/it\/#website\"},\"datePublished\":\"2019-03-05T09:32:04+00:00\",\"dateModified\":\"2026-01-27T15:50:48+00:00\",\"description\":\"Alle Nachrichten, Ereignisse und Pressemitteilungen aus der Welt der Gruppe MCZ.\",\"breadcrumb\":{\"@id\":\"https:\/\/www.mczgroup.it\/de\/presse\/#breadcrumb\"},\"inLanguage\":\"de\",\"potentialAction\":[{\"@type\":\"ReadAction\",\"target\":[\"https:\/\/www.mczgroup.it\/de\/presse\/\"]}]},{\"@type\":\"BreadcrumbList\",\"@id\":\"https:\/\/www.mczgroup.it\/de\/presse\/#breadcrumb\",\"itemListElement\":[{\"@type\":\"ListItem\",\"position\":1,\"name\":\"MCZ GROUP\",\"item\":\"https:\/\/www.mczgroup.it\/de\/\"},{\"@type\":\"ListItem\",\"position\":2,\"name\":\"Presse\"}]},{\"@type\":\"WebSite\",\"@id\":\"https:\/\/www.mczgroup.it\/it\/#website\",\"url\":\"https:\/\/www.mczgroup.it\/it\/\",\"name\":\"Mcz Group\",\"description\":\"\",\"potentialAction\":[{\"@type\":\"SearchAction\",\"target\":{\"@type\":\"EntryPoint\",\"urlTemplate\":\"https:\/\/www.mczgroup.it\/it\/?s={search_term_string}\"},\"query-input\":\"required name=search_term_string\"}],\"inLanguage\":\"de\"}]}<\/script>\n<!-- \/ Yoast SEO plugin. -->","yoast_head_json":{"title":"Presse - Mcz Group","description":"Alle Nachrichten, Ereignisse und Pressemitteilungen aus der Welt der Gruppe MCZ.","robots":{"index":"index","follow":"follow","max-snippet":"max-snippet:-1","max-image-preview":"max-image-preview:large","max-video-preview":"max-video-preview:-1"},"canonical":"https:\/\/www.mczgroup.it\/de\/presse\/","og_locale":"de_DE","og_type":"article","og_title":"Presse - Mcz Group","og_description":"Alle Nachrichten, Ereignisse und Pressemitteilungen aus der Welt der Gruppe MCZ.","og_url":"https:\/\/www.mczgroup.it\/de\/presse\/","og_site_name":"Mcz Group","article_modified_time":"2026-01-27T15:50:48+00:00","twitter_card":"summary_large_image","twitter_misc":{"Gesch\u00e4tzte Lesezeit":"2\u00a0Minuten"},"schema":{"@context":"https:\/\/schema.org","@graph":[{"@type":"WebPage","@id":"https:\/\/www.mczgroup.it\/de\/presse\/","url":"https:\/\/www.mczgroup.it\/de\/presse\/","name":"Presse - Mcz Group","isPartOf":{"@id":"https:\/\/www.mczgroup.it\/it\/#website"},"datePublished":"2019-03-05T09:32:04+00:00","dateModified":"2026-01-27T15:50:48+00:00","description":"Alle Nachrichten, Ereignisse und Pressemitteilungen aus der Welt der Gruppe MCZ.","breadcrumb":{"@id":"https:\/\/www.mczgroup.it\/de\/presse\/#breadcrumb"},"inLanguage":"de","potentialAction":[{"@type":"ReadAction","target":["https:\/\/www.mczgroup.it\/de\/presse\/"]}]},{"@type":"BreadcrumbList","@id":"https:\/\/www.mczgroup.it\/de\/presse\/#breadcrumb","itemListElement":[{"@type":"ListItem","position":1,"name":"MCZ GROUP","item":"https:\/\/www.mczgroup.it\/de\/"},{"@type":"ListItem","position":2,"name":"Presse"}]},{"@type":"WebSite","@id":"https:\/\/www.mczgroup.it\/it\/#website","url":"https:\/\/www.mczgroup.it\/it\/","name":"Mcz Group","description":"","potentialAction":[{"@type":"SearchAction","target":{"@type":"EntryPoint","urlTemplate":"https:\/\/www.mczgroup.it\/it\/?s={search_term_string}"},"query-input":"required name=search_term_string"}],"inLanguage":"de"}]}},"_links":{"self":[{"href":"https:\/\/www.mczgroup.it\/de\/wp-json\/wp\/v2\/pages\/1823"}],"collection":[{"href":"https:\/\/www.mczgroup.it\/de\/wp-json\/wp\/v2\/pages"}],"about":[{"href":"https:\/\/www.mczgroup.it\/de\/wp-json\/wp\/v2\/types\/page"}],"author":[{"embeddable":true,"href":"https:\/\/www.mczgroup.it\/de\/wp-json\/wp\/v2\/users\/1"}],"replies":[{"embeddable":true,"href":"https:\/\/www.mczgroup.it\/de\/wp-json\/wp\/v2\/comments?post=1823"}],"version-history":[{"count":14,"href":"https:\/\/www.mczgroup.it\/de\/wp-json\/wp\/v2\/pages\/1823\/revisions"}],"predecessor-version":[{"id":3527,"href":"https:\/\/www.mczgroup.it\/de\/wp-json\/wp\/v2\/pages\/1823\/revisions\/3527"}],"wp:attachment":[{"href":"https:\/\/www.mczgroup.it\/de\/wp-json\/wp\/v2\/media?parent=1823"}],"curies":[{"name":"wp","href":"https:\/\/api.w.org\/{rel}","templated":true}]}}