{"id":1897,"date":"2019-03-20T15:07:20","date_gmt":"2019-03-20T15:07:20","guid":{"rendered":"http:\/\/www.mczgroup.it\/cookie-policy\/"},"modified":"2020-01-15T16:36:53","modified_gmt":"2020-01-15T15:36:53","slug":"nutzung-von-cookies","status":"publish","type":"page","link":"https:\/\/www.mczgroup.it\/de\/nutzung-von-cookies\/","title":{"rendered":"Nutzung von Cookies"},"content":{"rendered":"<section class=\"wpb-content-wrapper\"><p>[vc_row][vc_column][vc_empty_space height=&#8220;50px&#8220;][\/vc_column][\/vc_row][vc_row][vc_column][vc_column_text]<\/p>\n<h1>Informationsschrift zu verschiedenen Cookie Typen<\/h1>\n<hr \/>\n<p>Gem\u00e4\u00df der Verordnung der Datenschutzbeh\u00f6rde Nr. 229 vom 8. Mai 2014, die die \u201eFestlegung der vereinfachten Modalit\u00e4ten zur Information und Einverst\u00e4ndniserkl\u00e4rung f\u00fcr die Verwendung von Cookies\u201c beinhaltet, informiert die MCZ GROUP S.p.a. mit Sitz in Vigonovo di Fontanafredda (PN), Via La Croce, 8, als Verantwortlicher des Datenschutzes (im Folgenden \u201eVerantwortlicher\u201c) die Nutzer \u00fcber die Verwendung von Cookies beim Besuch dieser Website (im Folgenden \u201eWebsite\u201c).<\/p>\n<p>Es wird darauf hingewiesen, dass diese Informationen nur f\u00fcr die Website gelten und nicht f\u00fcr Websites Dritter, die m\u00f6glicherweise durch hier vorhandenen Links f\u00fcr den Nutzer erreichbar sind.<\/p>\n<h2>Was sind Cookies?<\/h2>\n<p>Ein Cookie ist eine kleine Datei, die an den Browser gesandt wird und auf Ihrem Rechner gespeichert wird, wenn Sie eine Website wie\u00a0www.mcz.it besuchen. Die Cookies erm\u00f6glichen das korrekte Funktionieren der Website und verbessern deren Leistung, liefern dem Betreiber Informationen f\u00fcr statistische und Werbungszwecke, haupts\u00e4chlich, um Ihre Besuche auf der Website durch Speicherung Ihrer Pr\u00e4ferenzen zu optimieren.<\/p>\n<p>Die Website verwendet verschiedene Arten von Cookies, sowohl aus erster Hand, (bereitgestellt und verwaltet von MCZ GROUP S.p.A) und von Seiten Dritter (bereitgestellt und verwaltet von Dritten gem\u00e4\u00df derer Datenschutzpolitik und nicht unter der Kontrolle von MCZ GROUP S.p.a.): nachstehend eine erl\u00e4uternde Tabelle.<\/p>\n<table>\n<tbody>\n<tr>\n<td width=\"241\">ART VON COOKIE<\/td>\n<td width=\"241\">FUNKTION<\/td>\n<\/tr>\n<tr>\n<td width=\"241\">Technische Cookies (Navigationscookies)<\/td>\n<td width=\"241\">Sie garantieren die normale Navigation und Nutzung der Website und haben daher die Aufgabe die Navigation innerhalb der Website funktionell und optimal zu gestalten.<\/td>\n<\/tr>\n<tr>\n<td width=\"241\">Funktionscookies<\/td>\n<td width=\"241\">Sie sind unerl\u00e4sslich, um bestimmte Dienstleistungen, die vom Nutzer ausdr\u00fccklich verlangt wurden, zu liefern.<\/td>\n<\/tr>\n<tr>\n<td width=\"241\">Analysecookies von Erstanbietern<\/td>\n<td width=\"241\">Sie werden ausschlie\u00dflich von der MCZ GROUP S.p.a., verwendet und bereitgestellt, um in zusammengefasster und anonymer Form Informationen zu speichern, wie viele Nutzer die Website besuchen und wie sie diese nutzen.<\/td>\n<\/tr>\n<tr>\n<td width=\"241\">Analysecookies von Drittanbietern (z.B. Google Analytics)<\/td>\n<td width=\"241\">Die mithilfe dieser Instrumente erfassten Daten k\u00f6nnen auch von den jeweiligen Verantwortlichen (z.B. Google), gem\u00e4\u00df ihrer Leistungsbedingungen verwendet werden.Um diese Cookies zu nutzen, ist Ihre Zustimmung erforderlich.<\/td>\n<\/tr>\n<tr>\n<td width=\"241\">Cookie f\u00fcr Marketing- und Profilerzwecke vom Erstanbieter und Drittanbieter.<\/td>\n<td width=\"241\">Diese Cookies haben die Aufgabe, Nutzerprofile anzulegen, mit dem Ziel, Werbeanzeigen zu senden, die dem Nutzerverhalten entsprechen oder die Navigationserfahrung zu verbessern: bei der Navigation innerhalb der Website werden Ihnen Produkte Ihres Interesses oder solche, die denen \u00e4hneln, die Sie bereits angesehen habe, gezeigt.Cookies von Drittanbietern werden von Unternehmen unseres Vertrauens gesendet. Diese Cookies erm\u00f6glichen es, unsere Angebote auf anderen Websites unserer Partner zu zeigen.Was die Cookies von Drittanbietern anbetrifft, haben wir keine Kontrolle hinsichtlich der Informationen, die von diesen angegeben werden und keinen Zugang zu den entsprechenden Daten. Diese Informationen sind vollst\u00e4ndig durch die Drittanbieter kontrolliert, wie es in deren Datenschutzbedingungen angegeben ist.<\/p>\n<p>Um diese Cookies zu nutzen, ist Ihre Zustimmung erforderlich.<\/td>\n<\/tr>\n<\/tbody>\n<\/table>\n<h2>Aktivierung und Deaktivierung der Cookies durch den Browser<\/h2>\n<p>Die meisten Browser sind so konfiguriert, dass sie es erm\u00f6glichen, in den Einstellungen Cookies zu akzeptieren, zu kontrollieren und eventuell zu deaktivieren. Wir m\u00f6chten Sie jedoch darauf hinweisen, dass die Deaktivierung der Navigationscookies oder der Funktionscookies dazu f\u00fchren kann, dass die Website und\/oder die angebotenen Dienstleistungen unzul\u00e4nglich oder begrenzt funktionieren.<\/p>\n<p>Nachstehend finden sie Links, um die Cookies bei den jeweiligen Browsern zu regeln:<\/p>\n<ul>\n<li>Internet Explorer:\u00a0<a href=\"https:\/\/windows.microsoft.com\/it-it\/windows7\/block-enable-or-allow-cookies\" target=\"_blank\" rel=\"noopener noreferrer\">https:\/\/windows.microsoft.com\/it-it\/windows7\/block-enable-or-allow-cookies<\/a><\/li>\n<li>Safari:\u00a0<a href=\"https:\/\/support.apple.com\/\" target=\"_blank\" rel=\"nofollow noopener noreferrer\">https:\/\/support.apple.com\/<\/a><\/li>\n<li>Chrome:\u00a0<a href=\"https:\/\/support.google.com\/chrome\/a%20nswer\/95647?hl=it-IT&amp;hlrm=fr&amp;hlrm=en\" target=\"_blank\" rel=\"noopener noreferrer\">https:\/\/support.google.com\/chrome\/a nswer\/95647?hl=it-IT&amp;hlrm=fr&amp;hlrm=en<\/a><\/li>\n<\/ul>\n<p>[\/vc_column_text][\/vc_column][\/vc_row]<\/p>\n<\/section>","protected":false},"excerpt":{"rendered":"<p>[vc_row][vc_column][vc_empty_space height=&#8220;50px&#8220;][\/vc_column][\/vc_row][vc_row][vc_column][vc_column_text] Informationsschrift zu verschiedenen Cookie Typen Gem\u00e4\u00df der Verordnung der Datenschutzbeh\u00f6rde Nr. 229 vom 8. Mai 2014, die die \u201eFestlegung der vereinfachten Modalit\u00e4ten zur Information und Einverst\u00e4ndniserkl\u00e4rung f\u00fcr die Verwendung von Cookies\u201c beinhaltet, informiert die MCZ GROUP S.p.a. mit Sitz in Vigonovo di Fontanafredda (PN), Via La Croce, 8, als Verantwortlicher des Datenschutzes (im [&hellip;]<\/p>\n","protected":false},"author":1,"featured_media":0,"parent":0,"menu_order":0,"comment_status":"closed","ping_status":"closed","template":"","meta":[],"yoast_head":"<!-- This site is optimized with the Yoast SEO plugin v20.7 - https:\/\/yoast.com\/wordpress\/plugins\/seo\/ -->\n<title>Nutzung von Cookies - Mcz Group<\/title>\n<meta name=\"robots\" content=\"index, follow, max-snippet:-1, max-image-preview:large, max-video-preview:-1\" \/>\n<link rel=\"canonical\" href=\"https:\/\/www.mczgroup.it\/de\/nutzung-von-cookies\/\" \/>\n<meta property=\"og:locale\" content=\"de_DE\" \/>\n<meta property=\"og:type\" content=\"article\" \/>\n<meta property=\"og:title\" content=\"Nutzung von Cookies - Mcz Group\" \/>\n<meta property=\"og:description\" content=\"[vc_row][vc_column][vc_empty_space height=&#8220;50px&#8220;][\/vc_column][\/vc_row][vc_row][vc_column][vc_column_text] Informationsschrift zu verschiedenen Cookie Typen Gem\u00e4\u00df der Verordnung der Datenschutzbeh\u00f6rde Nr. 229 vom 8. Mai 2014, die die \u201eFestlegung der vereinfachten Modalit\u00e4ten zur Information und Einverst\u00e4ndniserkl\u00e4rung f\u00fcr die Verwendung von Cookies\u201c beinhaltet, informiert die MCZ GROUP S.p.a. mit Sitz in Vigonovo di Fontanafredda (PN), Via La Croce, 8, als Verantwortlicher des Datenschutzes (im [&hellip;]\" \/>\n<meta property=\"og:url\" content=\"https:\/\/www.mczgroup.it\/de\/nutzung-von-cookies\/\" \/>\n<meta property=\"og:site_name\" content=\"Mcz Group\" \/>\n<meta property=\"article:modified_time\" content=\"2020-01-15T15:36:53+00:00\" \/>\n<meta name=\"twitter:card\" content=\"summary_large_image\" \/>\n<meta name=\"twitter:label1\" content=\"Gesch\u00e4tzte Lesezeit\" \/>\n\t<meta name=\"twitter:data1\" content=\"3\u00a0Minuten\" \/>\n<script type=\"application\/ld+json\" class=\"yoast-schema-graph\">{\"@context\":\"https:\/\/schema.org\",\"@graph\":[{\"@type\":\"WebPage\",\"@id\":\"https:\/\/www.mczgroup.it\/de\/nutzung-von-cookies\/\",\"url\":\"https:\/\/www.mczgroup.it\/de\/nutzung-von-cookies\/\",\"name\":\"Nutzung von Cookies - Mcz Group\",\"isPartOf\":{\"@id\":\"https:\/\/www.mczgroup.it\/it\/#website\"},\"datePublished\":\"2019-03-20T15:07:20+00:00\",\"dateModified\":\"2020-01-15T15:36:53+00:00\",\"breadcrumb\":{\"@id\":\"https:\/\/www.mczgroup.it\/de\/nutzung-von-cookies\/#breadcrumb\"},\"inLanguage\":\"de\",\"potentialAction\":[{\"@type\":\"ReadAction\",\"target\":[\"https:\/\/www.mczgroup.it\/de\/nutzung-von-cookies\/\"]}]},{\"@type\":\"BreadcrumbList\",\"@id\":\"https:\/\/www.mczgroup.it\/de\/nutzung-von-cookies\/#breadcrumb\",\"itemListElement\":[{\"@type\":\"ListItem\",\"position\":1,\"name\":\"MCZ GROUP\",\"item\":\"https:\/\/www.mczgroup.it\/de\/\"},{\"@type\":\"ListItem\",\"position\":2,\"name\":\"Nutzung von Cookies\"}]},{\"@type\":\"WebSite\",\"@id\":\"https:\/\/www.mczgroup.it\/it\/#website\",\"url\":\"https:\/\/www.mczgroup.it\/it\/\",\"name\":\"Mcz Group\",\"description\":\"\",\"potentialAction\":[{\"@type\":\"SearchAction\",\"target\":{\"@type\":\"EntryPoint\",\"urlTemplate\":\"https:\/\/www.mczgroup.it\/it\/?s={search_term_string}\"},\"query-input\":\"required name=search_term_string\"}],\"inLanguage\":\"de\"}]}<\/script>\n<!-- \/ Yoast SEO plugin. -->","yoast_head_json":{"title":"Nutzung von Cookies - Mcz Group","robots":{"index":"index","follow":"follow","max-snippet":"max-snippet:-1","max-image-preview":"max-image-preview:large","max-video-preview":"max-video-preview:-1"},"canonical":"https:\/\/www.mczgroup.it\/de\/nutzung-von-cookies\/","og_locale":"de_DE","og_type":"article","og_title":"Nutzung von Cookies - Mcz Group","og_description":"[vc_row][vc_column][vc_empty_space height=&#8220;50px&#8220;][\/vc_column][\/vc_row][vc_row][vc_column][vc_column_text] Informationsschrift zu verschiedenen Cookie Typen Gem\u00e4\u00df der Verordnung der Datenschutzbeh\u00f6rde Nr. 229 vom 8. Mai 2014, die die \u201eFestlegung der vereinfachten Modalit\u00e4ten zur Information und Einverst\u00e4ndniserkl\u00e4rung f\u00fcr die Verwendung von Cookies\u201c beinhaltet, informiert die MCZ GROUP S.p.a. mit Sitz in Vigonovo di Fontanafredda (PN), Via La Croce, 8, als Verantwortlicher des Datenschutzes (im [&hellip;]","og_url":"https:\/\/www.mczgroup.it\/de\/nutzung-von-cookies\/","og_site_name":"Mcz Group","article_modified_time":"2020-01-15T15:36:53+00:00","twitter_card":"summary_large_image","twitter_misc":{"Gesch\u00e4tzte Lesezeit":"3\u00a0Minuten"},"schema":{"@context":"https:\/\/schema.org","@graph":[{"@type":"WebPage","@id":"https:\/\/www.mczgroup.it\/de\/nutzung-von-cookies\/","url":"https:\/\/www.mczgroup.it\/de\/nutzung-von-cookies\/","name":"Nutzung von Cookies - Mcz Group","isPartOf":{"@id":"https:\/\/www.mczgroup.it\/it\/#website"},"datePublished":"2019-03-20T15:07:20+00:00","dateModified":"2020-01-15T15:36:53+00:00","breadcrumb":{"@id":"https:\/\/www.mczgroup.it\/de\/nutzung-von-cookies\/#breadcrumb"},"inLanguage":"de","potentialAction":[{"@type":"ReadAction","target":["https:\/\/www.mczgroup.it\/de\/nutzung-von-cookies\/"]}]},{"@type":"BreadcrumbList","@id":"https:\/\/www.mczgroup.it\/de\/nutzung-von-cookies\/#breadcrumb","itemListElement":[{"@type":"ListItem","position":1,"name":"MCZ GROUP","item":"https:\/\/www.mczgroup.it\/de\/"},{"@type":"ListItem","position":2,"name":"Nutzung von Cookies"}]},{"@type":"WebSite","@id":"https:\/\/www.mczgroup.it\/it\/#website","url":"https:\/\/www.mczgroup.it\/it\/","name":"Mcz Group","description":"","potentialAction":[{"@type":"SearchAction","target":{"@type":"EntryPoint","urlTemplate":"https:\/\/www.mczgroup.it\/it\/?s={search_term_string}"},"query-input":"required name=search_term_string"}],"inLanguage":"de"}]}},"_links":{"self":[{"href":"https:\/\/www.mczgroup.it\/de\/wp-json\/wp\/v2\/pages\/1897"}],"collection":[{"href":"https:\/\/www.mczgroup.it\/de\/wp-json\/wp\/v2\/pages"}],"about":[{"href":"https:\/\/www.mczgroup.it\/de\/wp-json\/wp\/v2\/types\/page"}],"author":[{"embeddable":true,"href":"https:\/\/www.mczgroup.it\/de\/wp-json\/wp\/v2\/users\/1"}],"replies":[{"embeddable":true,"href":"https:\/\/www.mczgroup.it\/de\/wp-json\/wp\/v2\/comments?post=1897"}],"version-history":[{"count":4,"href":"https:\/\/www.mczgroup.it\/de\/wp-json\/wp\/v2\/pages\/1897\/revisions"}],"predecessor-version":[{"id":2409,"href":"https:\/\/www.mczgroup.it\/de\/wp-json\/wp\/v2\/pages\/1897\/revisions\/2409"}],"wp:attachment":[{"href":"https:\/\/www.mczgroup.it\/de\/wp-json\/wp\/v2\/media?parent=1897"}],"curies":[{"name":"wp","href":"https:\/\/api.w.org\/{rel}","templated":true}]}}