{"id":1900,"date":"2019-02-28T15:10:42","date_gmt":"2019-02-28T15:10:42","guid":{"rendered":"http:\/\/www.mczgroup.it\/privacy-policy\/"},"modified":"2019-03-28T17:29:06","modified_gmt":"2019-03-28T16:29:06","slug":"datenschutzbestimmungen","status":"publish","type":"page","link":"https:\/\/www.mczgroup.it\/de\/datenschutzbestimmungen\/","title":{"rendered":"Datenschutzbestimmungen"},"content":{"rendered":"<section class=\"wpb-content-wrapper\"><p>[vc_row][vc_column][vc_empty_space height=&#8220;50px&#8220;][\/vc_column][\/vc_row][vc_row][vc_column][vc_column_text]<\/p>\n<h1>Information gem\u00e4\u00df dem Gesetz zum Schutz personenbezogener Daten<\/h1>\n<hr \/>\n<p>MCZ GROUP S.p.a. (nachfolgend \u201eGesellschaft\u201c) informiert hiermit \u00fcber den Datenschutz gem\u00e4\u00df des Art. 13 der Verordnung (EU) 2016\/679 (nachfolgend \u201eDSGVO\u201c), zum Schutz der personenbezogenen Daten von nat\u00fcrlichen Personen, mit dem Ziel, Ihnen den Zweck und die Modalit\u00e4ten der Verarbeitung der personenbezogenen Daten, die von Ihnen beim Besuch unserer Website (nachfolgend \u201eWebsite\u201c) angegeben werden k\u00f6nnen, bekannt zu machen.<\/p>\n<p>Es wird darauf hingewiesen, dass diese Informationen nur f\u00fcr die Website gelten und nicht f\u00fcr Websites Dritter, die m\u00f6glicherweise durch hier vorhandene Links f\u00fcr den Nutzer erreichbar sind.<\/p>\n<h2>ART DER VERARBEITETEN DATEN<\/h2>\n<p><strong>Navigationsdaten<\/strong><\/p>\n<p>Die f\u00fcr die Funktion dieser Webseite ben\u00f6tigten Software-Prozeduren erfassen w\u00e4hrend des normalen Betriebs bestimmte pers\u00f6nliche Angaben, deren \u00dcbertragung den Internet-Kommunikationsprotokollen eigen ist. Dabei handelt es sich um Informationen, die nicht erfasst werden, um sie identifizierten Personen zuzuordnen, sondern die aufgrund ihrer Beschaffenheit durch Verarbeitung und Verkn\u00fcpfung mit Daten im Besitz von Dritten eine Identifizierung der Besucher erm\u00f6glichen k\u00f6nnten. Zu dieser Datenkategorie geh\u00f6ren die IP-Adressen oder Domain-Namen der Computer, die von den Besuchern f\u00fcr die Verbindung zur Webseite benutzt werden, URI (Uniform Resource Identifier)-Adressen der angeforderten Ressourcen, die Zeit der Anforderung, die zur \u00dcbermittlung der Anforderung an den Server benutzte Methode, die Gr\u00f6\u00dfe der als Antwort erhaltenen Datei, der den Status der vom Server gegebenen Antwort kennzeichnende numerische Code (erfolgreich, Fehler usw.) und sonstige Parameter, die sich auf das Betriebssystem und die Computer-Konfiguration des Nutzers beziehen. Diese Daten werden nur f\u00fcr Zwecke anonymer statistischer Informationen bei der Benutzung der Webseite gesammelt und bei der \u00dcberpr\u00fcfung von deren korrekter Funktion verwendet und werden umgehend nach der Verarbeitung gel\u00f6scht.<\/p>\n<p><strong>Vom Nutzer freiwillig zur Verf\u00fcgung gestellte Daten<\/strong><\/p>\n<p>Das optionale, ausdr\u00fcckliche und freiwillige Versenden von E-Mails an die in der Webseite bezeichneten Adressen bedingt die Erfassung der Adresse des Absenders, die zur Beantwortung der Anfragen notwendig ist, sowie etwaiger personenbezogener Daten, die in der E-Mail enthalten sind. Gesonderte Information wird au\u00dferdem in den jeweiligen Bereichen der Webseite geliefert, die f\u00fcr besondere Dienstleistungen auf Anfrage vorgesehen sind, wobei unter Umst\u00e4nden eine Einverst\u00e4ndniserkl\u00e4rung abgegeben werden muss.<\/p>\n<p><strong>Cookies<\/strong><\/p>\n<p>F\u00fcr jede Information \u00fcber die Verwendung von Cookies von Seiten der Website, besuchen Sie die entsprechende Informationsschrift indem sie\u00a0<a href=\"https:\/\/www.mczgroup.it\/de\/nutzung-von-cookies\/\">hier<\/a>\u00a0klicken.<\/p>\n<h2>ZWECK UND RECHTLICHE GRUNDLAGE DER DATENVERARBEITUNG, ART DER BEREITSTELLUNG DER DATEN UND FOLGEN IM FALLE EINER ABLEHNUNG<\/h2>\n<p>Die Gesellschaft verarbeitet Ihre Daten, um die Navigation zu erleichtern und die von Ihnen mithilfe der entsprechenden Formulare eventuell in der Website gew\u00e4hlten Dienstleistungen bereitzustellen. Abgesehen von den Navigationsdaten und den technischen Cookies, steht es Ihnen frei, innerhalb der Bereiche der Website, die besondere Dienstleistungen auf Anfrage bereitstellen, Ihre personenbezogenen Daten zu den, in den entsprechenden Informationen genannten, Zwecken anzugeben; werden die Daten nicht zur Verf\u00fcgung gestellt, kann dies jedoch dazu f\u00fchren, dass es nicht m\u00f6glich ist, die gew\u00fcnschte Leistung zu erhalten.<\/p>\n<h2>AUFBEWAHRUNGSDAUER DER DATEN<\/h2>\n<p>Die personenbezogenen Daten, die bei der Nutzung der Website erfasst werden, werden nur solange bearbeitet, wie es zu ihrem Zweck n\u00f6tig ist, oder f\u00fcr eine l\u00e4ngeren Zeitraum, sofern dies gesetzlich vorgesehen ist.<\/p>\n<p>F\u00fcr weitere Einzelheiten verweisen wir auf die Informationen zu den besonderen Dienstleistungen.<\/p>\n<h2>BEREICH DER MITTEILUNG DER DATEN UND KATEGORIEN DER EMPF\u00c4NGER<\/h2>\n<p>Ausschlie\u00dflich f\u00fcr die oben genannten Zwecke, k\u00f6nnen die erfassten und verarbeiteten Daten an interne Mitarbeiter mit Befugnis zur Datenverarbeitung im Rahmen ihres Aufgabenbereiches, sowie im Bedarfsfall an Au\u00dfenstehende, mitgeteilt werden. Diese Empf\u00e4nger, falls sie die Daten im Auftrag der Gesellschaft bearbeiten sollten, werden zum Datenverarbeiter mit entsprechendem Vertrag oder anderem gesetzlich g\u00fcltigem Dokument ernannt.<\/p>\n<p>F\u00fcr weitere Einzelheiten verweisen wir auf die Informationen zu den besonderen Dienstleistungen.<\/p>\n<h2>WEITERGABE DER DATEN AN EIN DRITTLAND UND\/ODER EINE INTERNATIONALE ORGANISATION<\/h2>\n<p>Ihre Daten werden nicht an au\u00dfereurop\u00e4ische Drittl\u00e4nder weitergegeben.<\/p>\n<h2>RECHTE VON BETROFFENEN<\/h2>\n<p>Sie haben das Recht, siehe Art. 15-22 DSGVO) , unsere Gesellschaft zu ersuchen, die personenbezogenen Daten einzusehen und sie zu berichtigen, falls sie nicht korrekt sind, sie zu l\u00f6schen oder die Bearbeitung zu begrenzen, wenn die Voraussetzungen dazu gegeben sind, sowie die Portabilit\u00e4t der Daten zu erhalten, wenn diese einer automatischen Verarbeitung unterliegen, die sich auf Zustimmung oder einen Vertrag gr\u00fcndet. Sie haben au\u00dferdem das Recht, die Zustimmung, f\u00fcr die Zwecke der Verarbeitung, die diese voraussetzen, zur\u00fcckzunehmen, unbeschadet des Rechts der Verarbeitung bis zum Zeitpunkt des Widerrufes. Sie haben auch das Recht, bei der zust\u00e4ndigen Kontrollbeh\u00f6rde, der Datenschutzbeh\u00f6rde, Beschwerde einzulegen.<\/p>\n<p>F\u00fcr weitere Einzelheiten verweisen wir auf die Informationen zu den besonderen Dienstleistungen.<\/p>\n<h2>AN DER DATENVERARBEITUNG BETEILIGTE PERSONEN<\/h2>\n<p>Der Verantwortliche der Verarbeitung ist MCZ GROUP S.p.a., mit Sitz in Vigonovo di Fontanafredda (PN), Via La Croce, 8, Italien, in dieser Eigenschaft erreichbar unter der nachfolgenden Email: contact@mcz.it<\/p>\n<h2>DATENSCHUTZBEAUFTRAGTER\/ DATA PROTECION OFFICER<\/h2>\n<p>Der Datenschutzbeauftragter\/data protection officer (DSB\/DPO) ist UNINDUSTRIA SERVIZI &amp; FORMAZIONE TREVISO PORDENONE S.C.A.R.L., mit Sitz in Treviso, Italien, Piazza delle Istituzioni, 12, in dieser Eigenschaft erreichbar unter der nachfolgenden Email: dpo@mcz.it<\/p>\n<p><strong>Letzte Aktualisierung: Mai 2018<\/strong><\/p>\n<p>Diese Informationsschrift kann \u00c4nderungen unterliegen. Es wird daher empfohlen, diese Seite regelm\u00e4\u00dfig zu kontrollieren und die aktuellste Version der Informationsschrift zu beachten.[\/vc_column_text][\/vc_column][\/vc_row]<\/p>\n<\/section>","protected":false},"excerpt":{"rendered":"<p>[vc_row][vc_column][vc_empty_space height=&#8220;50px&#8220;][\/vc_column][\/vc_row][vc_row][vc_column][vc_column_text] Information gem\u00e4\u00df dem Gesetz zum Schutz personenbezogener Daten MCZ GROUP S.p.a. (nachfolgend \u201eGesellschaft\u201c) informiert hiermit \u00fcber den Datenschutz gem\u00e4\u00df des Art. 13 der Verordnung (EU) 2016\/679 (nachfolgend \u201eDSGVO\u201c), zum Schutz der personenbezogenen Daten von nat\u00fcrlichen Personen, mit dem Ziel, Ihnen den Zweck und die Modalit\u00e4ten der Verarbeitung der personenbezogenen Daten, die von Ihnen [&hellip;]<\/p>\n","protected":false},"author":1,"featured_media":0,"parent":0,"menu_order":0,"comment_status":"closed","ping_status":"closed","template":"","meta":[],"yoast_head":"<!-- This site is optimized with the Yoast SEO plugin v20.7 - https:\/\/yoast.com\/wordpress\/plugins\/seo\/ -->\n<title>Datenschutzbestimmungen - Mcz Group<\/title>\n<meta name=\"robots\" content=\"index, follow, max-snippet:-1, max-image-preview:large, max-video-preview:-1\" \/>\n<link rel=\"canonical\" href=\"https:\/\/www.mczgroup.it\/de\/datenschutzbestimmungen\/\" \/>\n<meta property=\"og:locale\" content=\"de_DE\" \/>\n<meta property=\"og:type\" content=\"article\" \/>\n<meta property=\"og:title\" content=\"Datenschutzbestimmungen - Mcz Group\" \/>\n<meta property=\"og:description\" content=\"[vc_row][vc_column][vc_empty_space height=&#8220;50px&#8220;][\/vc_column][\/vc_row][vc_row][vc_column][vc_column_text] Information gem\u00e4\u00df dem Gesetz zum Schutz personenbezogener Daten MCZ GROUP S.p.a. (nachfolgend \u201eGesellschaft\u201c) informiert hiermit \u00fcber den Datenschutz gem\u00e4\u00df des Art. 13 der Verordnung (EU) 2016\/679 (nachfolgend \u201eDSGVO\u201c), zum Schutz der personenbezogenen Daten von nat\u00fcrlichen Personen, mit dem Ziel, Ihnen den Zweck und die Modalit\u00e4ten der Verarbeitung der personenbezogenen Daten, die von Ihnen [&hellip;]\" \/>\n<meta property=\"og:url\" content=\"https:\/\/www.mczgroup.it\/de\/datenschutzbestimmungen\/\" \/>\n<meta property=\"og:site_name\" content=\"Mcz Group\" \/>\n<meta property=\"article:modified_time\" content=\"2019-03-28T16:29:06+00:00\" \/>\n<meta name=\"twitter:card\" content=\"summary_large_image\" \/>\n<meta name=\"twitter:label1\" content=\"Gesch\u00e4tzte Lesezeit\" \/>\n\t<meta name=\"twitter:data1\" content=\"5\u00a0Minuten\" \/>\n<script type=\"application\/ld+json\" class=\"yoast-schema-graph\">{\"@context\":\"https:\/\/schema.org\",\"@graph\":[{\"@type\":\"WebPage\",\"@id\":\"https:\/\/www.mczgroup.it\/de\/datenschutzbestimmungen\/\",\"url\":\"https:\/\/www.mczgroup.it\/de\/datenschutzbestimmungen\/\",\"name\":\"Datenschutzbestimmungen - Mcz Group\",\"isPartOf\":{\"@id\":\"https:\/\/www.mczgroup.it\/it\/#website\"},\"datePublished\":\"2019-02-28T15:10:42+00:00\",\"dateModified\":\"2019-03-28T16:29:06+00:00\",\"breadcrumb\":{\"@id\":\"https:\/\/www.mczgroup.it\/de\/datenschutzbestimmungen\/#breadcrumb\"},\"inLanguage\":\"de\",\"potentialAction\":[{\"@type\":\"ReadAction\",\"target\":[\"https:\/\/www.mczgroup.it\/de\/datenschutzbestimmungen\/\"]}]},{\"@type\":\"BreadcrumbList\",\"@id\":\"https:\/\/www.mczgroup.it\/de\/datenschutzbestimmungen\/#breadcrumb\",\"itemListElement\":[{\"@type\":\"ListItem\",\"position\":1,\"name\":\"MCZ GROUP\",\"item\":\"https:\/\/www.mczgroup.it\/de\/\"},{\"@type\":\"ListItem\",\"position\":2,\"name\":\"Datenschutzbestimmungen\"}]},{\"@type\":\"WebSite\",\"@id\":\"https:\/\/www.mczgroup.it\/it\/#website\",\"url\":\"https:\/\/www.mczgroup.it\/it\/\",\"name\":\"Mcz Group\",\"description\":\"\",\"potentialAction\":[{\"@type\":\"SearchAction\",\"target\":{\"@type\":\"EntryPoint\",\"urlTemplate\":\"https:\/\/www.mczgroup.it\/it\/?s={search_term_string}\"},\"query-input\":\"required name=search_term_string\"}],\"inLanguage\":\"de\"}]}<\/script>\n<!-- \/ Yoast SEO plugin. -->","yoast_head_json":{"title":"Datenschutzbestimmungen - Mcz Group","robots":{"index":"index","follow":"follow","max-snippet":"max-snippet:-1","max-image-preview":"max-image-preview:large","max-video-preview":"max-video-preview:-1"},"canonical":"https:\/\/www.mczgroup.it\/de\/datenschutzbestimmungen\/","og_locale":"de_DE","og_type":"article","og_title":"Datenschutzbestimmungen - Mcz Group","og_description":"[vc_row][vc_column][vc_empty_space height=&#8220;50px&#8220;][\/vc_column][\/vc_row][vc_row][vc_column][vc_column_text] Information gem\u00e4\u00df dem Gesetz zum Schutz personenbezogener Daten MCZ GROUP S.p.a. (nachfolgend \u201eGesellschaft\u201c) informiert hiermit \u00fcber den Datenschutz gem\u00e4\u00df des Art. 13 der Verordnung (EU) 2016\/679 (nachfolgend \u201eDSGVO\u201c), zum Schutz der personenbezogenen Daten von nat\u00fcrlichen Personen, mit dem Ziel, Ihnen den Zweck und die Modalit\u00e4ten der Verarbeitung der personenbezogenen Daten, die von Ihnen [&hellip;]","og_url":"https:\/\/www.mczgroup.it\/de\/datenschutzbestimmungen\/","og_site_name":"Mcz Group","article_modified_time":"2019-03-28T16:29:06+00:00","twitter_card":"summary_large_image","twitter_misc":{"Gesch\u00e4tzte Lesezeit":"5\u00a0Minuten"},"schema":{"@context":"https:\/\/schema.org","@graph":[{"@type":"WebPage","@id":"https:\/\/www.mczgroup.it\/de\/datenschutzbestimmungen\/","url":"https:\/\/www.mczgroup.it\/de\/datenschutzbestimmungen\/","name":"Datenschutzbestimmungen - Mcz Group","isPartOf":{"@id":"https:\/\/www.mczgroup.it\/it\/#website"},"datePublished":"2019-02-28T15:10:42+00:00","dateModified":"2019-03-28T16:29:06+00:00","breadcrumb":{"@id":"https:\/\/www.mczgroup.it\/de\/datenschutzbestimmungen\/#breadcrumb"},"inLanguage":"de","potentialAction":[{"@type":"ReadAction","target":["https:\/\/www.mczgroup.it\/de\/datenschutzbestimmungen\/"]}]},{"@type":"BreadcrumbList","@id":"https:\/\/www.mczgroup.it\/de\/datenschutzbestimmungen\/#breadcrumb","itemListElement":[{"@type":"ListItem","position":1,"name":"MCZ GROUP","item":"https:\/\/www.mczgroup.it\/de\/"},{"@type":"ListItem","position":2,"name":"Datenschutzbestimmungen"}]},{"@type":"WebSite","@id":"https:\/\/www.mczgroup.it\/it\/#website","url":"https:\/\/www.mczgroup.it\/it\/","name":"Mcz Group","description":"","potentialAction":[{"@type":"SearchAction","target":{"@type":"EntryPoint","urlTemplate":"https:\/\/www.mczgroup.it\/it\/?s={search_term_string}"},"query-input":"required name=search_term_string"}],"inLanguage":"de"}]}},"_links":{"self":[{"href":"https:\/\/www.mczgroup.it\/de\/wp-json\/wp\/v2\/pages\/1900"}],"collection":[{"href":"https:\/\/www.mczgroup.it\/de\/wp-json\/wp\/v2\/pages"}],"about":[{"href":"https:\/\/www.mczgroup.it\/de\/wp-json\/wp\/v2\/types\/page"}],"author":[{"embeddable":true,"href":"https:\/\/www.mczgroup.it\/de\/wp-json\/wp\/v2\/users\/1"}],"replies":[{"embeddable":true,"href":"https:\/\/www.mczgroup.it\/de\/wp-json\/wp\/v2\/comments?post=1900"}],"version-history":[{"count":4,"href":"https:\/\/www.mczgroup.it\/de\/wp-json\/wp\/v2\/pages\/1900\/revisions"}],"predecessor-version":[{"id":2075,"href":"https:\/\/www.mczgroup.it\/de\/wp-json\/wp\/v2\/pages\/1900\/revisions\/2075"}],"wp:attachment":[{"href":"https:\/\/www.mczgroup.it\/de\/wp-json\/wp\/v2\/media?parent=1900"}],"curies":[{"name":"wp","href":"https:\/\/api.w.org\/{rel}","templated":true}]}}