{"id":1903,"date":"2019-03-20T15:02:42","date_gmt":"2019-03-20T15:02:42","guid":{"rendered":"http:\/\/www.mczgroup.it\/avvertenze-legali\/"},"modified":"2019-03-28T17:27:59","modified_gmt":"2019-03-28T16:27:59","slug":"rechtliche-hinweise","status":"publish","type":"page","link":"https:\/\/www.mczgroup.it\/de\/rechtliche-hinweise\/","title":{"rendered":"Rechtliche Hinweise"},"content":{"rendered":"<section class=\"wpb-content-wrapper\"><p>[vc_row][vc_column][vc_empty_space height=&#8220;50px&#8220;][\/vc_column][\/vc_row][vc_row][vc_column][vc_column_text]<\/p>\n<h1>Rechtliche Hinweise<\/h1>\n<hr \/>\n<header class=\"page\">\n<h2>Allgemeine Nutzungsbedingungen<\/h2>\n<\/header>\n<p>Diese Website ist ein von der MCZ Group SpA zur Verf\u00fcgung gestellter Online-Informationsdienst. Die Nutzung unterliegt der Annahme der im Folgenden festgelegten Allgemeinen Nutzungsbedingungen. Ohne Annahme der Bedingungen nutzen Sie bitte diese Website nicht und laden Sie kein Material daraus herunter.<\/p>\n<h2>Nutzungsbeschr\u00e4nkung<\/h2>\n<p>Inhaberin des Urheberrechts f\u00fcr die Inhalte dieser Website ist die MCZ Group SpA. Alle Rechte vorbehalten. Ohne vorherige schriftliche Genehmigung der MCZ Group SpA darf der Inhalt dieser Website weder vollst\u00e4ndig noch auszugsweise in jeglicher Form kopiert, reproduziert, \u00fcbertragen, hochgeladen, ver\u00f6ffentlicht oder verteilt werden; ausgenommen ist die M\u00f6glichkeit der Speicherung im eigenen Computer oder des Ausdrucks von Ausz\u00fcgen aus dieser Website ausschlie\u00dflich f\u00fcr den pers\u00f6nlichen Gebrauch.<br \/>\nSoweit nicht anders angegeben, sind die Markenzeichen und Logos auf dieser Website Eigentum der MCZ Group SpA. Ohne vorherige schriftliche Genehmigung der MCZ Group SpA d\u00fcrfen sie auf keiner anderen als auf dieser Website verwendet werden. Ohne vorherige schriftliche Genehmigung der MCZ Group SpA d\u00fcrfen der Name und die Marken jeglicher Art nicht als Internet-Adressen von anderen Websites oder als Teile von solchen verwendet werden.<\/p>\n<h2>Haftungsbeschr\u00e4nkung<\/h2>\n<p>Die Informationen auf dieser Website sind in gutem Glauben zur Verf\u00fcgung gestellt worden und werden von der MCZ Group SpA als korrekt betrachtet. Personen, die ein Produkt kaufen wollen, d\u00fcrfen sich aber nicht ausschlie\u00dflich auf diese Informationen verlassen, sondern m\u00fcssen sich zus\u00e4tzlich der tats\u00e4chlichen Beschaffenheit der Produkte und ihrer konkreten Eignung f\u00fcr den vorgesehenen Zweck versichern. Folglich werden alle Informationen auf dieser Website ohne jegliche, wie auch immer geartete, ausdr\u00fcckliche oder stillschweigende Garantie geliefert, was zum Beispiel die Qualit\u00e4t der Produkte, ihre Eignung f\u00fcr einen bestimmten Zweck oder die Nichtverletzung von Rechten des geistigen Eigentums betrifft.. Die MCZ Group SpA kann auf keinem Fall f\u00fcr direkte oder indirekte Sch\u00e4den jeglicher Art infolge der Nutzung dieser Website haftbar gemacht werden.<br \/>\nDie Informationen auf dieser Website k\u00f6nnen technische Ungenauigkeiten oder Druckfehler enthalten. Die Informationen k\u00f6nnen ohne Ank\u00fcndigung \u00fcberarbeitet oder aktualisiert werden. Die MCZ Group SpA kann zudem die Angaben auf dieser Website ohne Ank\u00fcndigung verbessern oder \u00e4ndern.<\/p>\n<h2>Links<\/h2>\n<p>Die MCZ Group SpA ist nicht f\u00fcr den Inhalt und die Darstellung von Websites Dritter verantwortlich, auf die mit einem Link verwiesen wird. Der Besuch einer mit vorliegender Website verlinkten Seite erfolgt auf eigene Gefahr und mit der Verpflichtung, alle Ma\u00dfnahmen zu ergreifen, die zum Schutz vor Viren oder sonstigen zerst\u00f6rerischen Elementen erforderlich sind. Der Link zu anderen Websites bedeutet nicht, dass die MCZ Group SpA diese Websites sponsert oder mit der Einrichtung verbunden ist, welche die dort beschriebenen Dienste anbietet.<\/p>\n<h2>Verarbeitung personenbezogener Daten<\/h2>\n<p>Unter Bezugnahme auf Legislativdekret Nr. 196 vom 30. Juni 2003 (Datenschutzkodex) teilen wir Ihnen mit, dass Ihre personenbezogenen Daten verarbeitet werden, um die beschriebenen Leistungen bieten und Ihnen unser Informationsmaterial zuschicken zu k\u00f6nnen.<br \/>\nDie Inhaberin der Datenverarbeitung ist die MCZ Group SpA. Sie k\u00f6nnen alle Rechte gem\u00e4\u00df Art. 7 von Legislativdekret 196\/03 geltend machen. Wenden Sie sich dazu bitte an: MCZ Group SpA, 33074 Vigonovo di Fontanafredda (PN) Italien.<br \/>\n&gt; Weitere Informationen zu den\u00a0<a href=\"https:\/\/www.mczgroup.it\/de\/datenschutzbestimmungen\/\">Datenschutzbestimmungen<\/a><\/p>\n<h2>Cookies<\/h2>\n<p>Diese Website verwendet Cookies, um ihren Benutzern eine bedarfsgerechte Navigation zu erm\u00f6glichen.. Ohne Cookies w\u00e4ren wir nicht in der Lage, Ihnen alle auf der Website angebotenen Leistungen zu bieten.<br \/>\n&gt; Weitere Informationen zu\u00a0<a href=\"https:\/\/www.mczgroup.it\/de\/nutzung-von-cookies\/\">Cookies<\/a>[\/vc_column_text][\/vc_column][\/vc_row]<\/p>\n<\/section>","protected":false},"excerpt":{"rendered":"<p>[vc_row][vc_column][vc_empty_space height=&#8220;50px&#8220;][\/vc_column][\/vc_row][vc_row][vc_column][vc_column_text] Rechtliche Hinweise Allgemeine Nutzungsbedingungen Diese Website ist ein von der MCZ Group SpA zur Verf\u00fcgung gestellter Online-Informationsdienst. Die Nutzung unterliegt der Annahme der im Folgenden festgelegten Allgemeinen Nutzungsbedingungen. Ohne Annahme der Bedingungen nutzen Sie bitte diese Website nicht und laden Sie kein Material daraus herunter. Nutzungsbeschr\u00e4nkung Inhaberin des Urheberrechts f\u00fcr die Inhalte dieser [&hellip;]<\/p>\n","protected":false},"author":1,"featured_media":0,"parent":0,"menu_order":0,"comment_status":"closed","ping_status":"closed","template":"","meta":[],"yoast_head":"<!-- This site is optimized with the Yoast SEO plugin v20.7 - https:\/\/yoast.com\/wordpress\/plugins\/seo\/ -->\n<title>Rechtliche Hinweise - Mcz Group<\/title>\n<meta name=\"robots\" content=\"index, follow, max-snippet:-1, max-image-preview:large, max-video-preview:-1\" \/>\n<link rel=\"canonical\" href=\"https:\/\/www.mczgroup.it\/de\/rechtliche-hinweise\/\" \/>\n<meta property=\"og:locale\" content=\"de_DE\" \/>\n<meta property=\"og:type\" content=\"article\" \/>\n<meta property=\"og:title\" content=\"Rechtliche Hinweise - Mcz Group\" \/>\n<meta property=\"og:description\" content=\"[vc_row][vc_column][vc_empty_space height=&#8220;50px&#8220;][\/vc_column][\/vc_row][vc_row][vc_column][vc_column_text] Rechtliche Hinweise Allgemeine Nutzungsbedingungen Diese Website ist ein von der MCZ Group SpA zur Verf\u00fcgung gestellter Online-Informationsdienst. Die Nutzung unterliegt der Annahme der im Folgenden festgelegten Allgemeinen Nutzungsbedingungen. Ohne Annahme der Bedingungen nutzen Sie bitte diese Website nicht und laden Sie kein Material daraus herunter. Nutzungsbeschr\u00e4nkung Inhaberin des Urheberrechts f\u00fcr die Inhalte dieser [&hellip;]\" \/>\n<meta property=\"og:url\" content=\"https:\/\/www.mczgroup.it\/de\/rechtliche-hinweise\/\" \/>\n<meta property=\"og:site_name\" content=\"Mcz Group\" \/>\n<meta property=\"article:modified_time\" content=\"2019-03-28T16:27:59+00:00\" \/>\n<meta name=\"twitter:card\" content=\"summary_large_image\" \/>\n<meta name=\"twitter:label1\" content=\"Gesch\u00e4tzte Lesezeit\" \/>\n\t<meta name=\"twitter:data1\" content=\"3\u00a0Minuten\" \/>\n<script type=\"application\/ld+json\" class=\"yoast-schema-graph\">{\"@context\":\"https:\/\/schema.org\",\"@graph\":[{\"@type\":\"WebPage\",\"@id\":\"https:\/\/www.mczgroup.it\/de\/rechtliche-hinweise\/\",\"url\":\"https:\/\/www.mczgroup.it\/de\/rechtliche-hinweise\/\",\"name\":\"Rechtliche Hinweise - Mcz Group\",\"isPartOf\":{\"@id\":\"https:\/\/www.mczgroup.it\/it\/#website\"},\"datePublished\":\"2019-03-20T15:02:42+00:00\",\"dateModified\":\"2019-03-28T16:27:59+00:00\",\"breadcrumb\":{\"@id\":\"https:\/\/www.mczgroup.it\/de\/rechtliche-hinweise\/#breadcrumb\"},\"inLanguage\":\"de\",\"potentialAction\":[{\"@type\":\"ReadAction\",\"target\":[\"https:\/\/www.mczgroup.it\/de\/rechtliche-hinweise\/\"]}]},{\"@type\":\"BreadcrumbList\",\"@id\":\"https:\/\/www.mczgroup.it\/de\/rechtliche-hinweise\/#breadcrumb\",\"itemListElement\":[{\"@type\":\"ListItem\",\"position\":1,\"name\":\"MCZ GROUP\",\"item\":\"https:\/\/www.mczgroup.it\/de\/\"},{\"@type\":\"ListItem\",\"position\":2,\"name\":\"Rechtliche Hinweise\"}]},{\"@type\":\"WebSite\",\"@id\":\"https:\/\/www.mczgroup.it\/it\/#website\",\"url\":\"https:\/\/www.mczgroup.it\/it\/\",\"name\":\"Mcz Group\",\"description\":\"\",\"potentialAction\":[{\"@type\":\"SearchAction\",\"target\":{\"@type\":\"EntryPoint\",\"urlTemplate\":\"https:\/\/www.mczgroup.it\/it\/?s={search_term_string}\"},\"query-input\":\"required name=search_term_string\"}],\"inLanguage\":\"de\"}]}<\/script>\n<!-- \/ Yoast SEO plugin. -->","yoast_head_json":{"title":"Rechtliche Hinweise - Mcz Group","robots":{"index":"index","follow":"follow","max-snippet":"max-snippet:-1","max-image-preview":"max-image-preview:large","max-video-preview":"max-video-preview:-1"},"canonical":"https:\/\/www.mczgroup.it\/de\/rechtliche-hinweise\/","og_locale":"de_DE","og_type":"article","og_title":"Rechtliche Hinweise - Mcz Group","og_description":"[vc_row][vc_column][vc_empty_space height=&#8220;50px&#8220;][\/vc_column][\/vc_row][vc_row][vc_column][vc_column_text] Rechtliche Hinweise Allgemeine Nutzungsbedingungen Diese Website ist ein von der MCZ Group SpA zur Verf\u00fcgung gestellter Online-Informationsdienst. Die Nutzung unterliegt der Annahme der im Folgenden festgelegten Allgemeinen Nutzungsbedingungen. Ohne Annahme der Bedingungen nutzen Sie bitte diese Website nicht und laden Sie kein Material daraus herunter. Nutzungsbeschr\u00e4nkung Inhaberin des Urheberrechts f\u00fcr die Inhalte dieser [&hellip;]","og_url":"https:\/\/www.mczgroup.it\/de\/rechtliche-hinweise\/","og_site_name":"Mcz Group","article_modified_time":"2019-03-28T16:27:59+00:00","twitter_card":"summary_large_image","twitter_misc":{"Gesch\u00e4tzte Lesezeit":"3\u00a0Minuten"},"schema":{"@context":"https:\/\/schema.org","@graph":[{"@type":"WebPage","@id":"https:\/\/www.mczgroup.it\/de\/rechtliche-hinweise\/","url":"https:\/\/www.mczgroup.it\/de\/rechtliche-hinweise\/","name":"Rechtliche Hinweise - Mcz Group","isPartOf":{"@id":"https:\/\/www.mczgroup.it\/it\/#website"},"datePublished":"2019-03-20T15:02:42+00:00","dateModified":"2019-03-28T16:27:59+00:00","breadcrumb":{"@id":"https:\/\/www.mczgroup.it\/de\/rechtliche-hinweise\/#breadcrumb"},"inLanguage":"de","potentialAction":[{"@type":"ReadAction","target":["https:\/\/www.mczgroup.it\/de\/rechtliche-hinweise\/"]}]},{"@type":"BreadcrumbList","@id":"https:\/\/www.mczgroup.it\/de\/rechtliche-hinweise\/#breadcrumb","itemListElement":[{"@type":"ListItem","position":1,"name":"MCZ GROUP","item":"https:\/\/www.mczgroup.it\/de\/"},{"@type":"ListItem","position":2,"name":"Rechtliche Hinweise"}]},{"@type":"WebSite","@id":"https:\/\/www.mczgroup.it\/it\/#website","url":"https:\/\/www.mczgroup.it\/it\/","name":"Mcz Group","description":"","potentialAction":[{"@type":"SearchAction","target":{"@type":"EntryPoint","urlTemplate":"https:\/\/www.mczgroup.it\/it\/?s={search_term_string}"},"query-input":"required name=search_term_string"}],"inLanguage":"de"}]}},"_links":{"self":[{"href":"https:\/\/www.mczgroup.it\/de\/wp-json\/wp\/v2\/pages\/1903"}],"collection":[{"href":"https:\/\/www.mczgroup.it\/de\/wp-json\/wp\/v2\/pages"}],"about":[{"href":"https:\/\/www.mczgroup.it\/de\/wp-json\/wp\/v2\/types\/page"}],"author":[{"embeddable":true,"href":"https:\/\/www.mczgroup.it\/de\/wp-json\/wp\/v2\/users\/1"}],"replies":[{"embeddable":true,"href":"https:\/\/www.mczgroup.it\/de\/wp-json\/wp\/v2\/comments?post=1903"}],"version-history":[{"count":4,"href":"https:\/\/www.mczgroup.it\/de\/wp-json\/wp\/v2\/pages\/1903\/revisions"}],"predecessor-version":[{"id":2074,"href":"https:\/\/www.mczgroup.it\/de\/wp-json\/wp\/v2\/pages\/1903\/revisions\/2074"}],"wp:attachment":[{"href":"https:\/\/www.mczgroup.it\/de\/wp-json\/wp\/v2\/media?parent=1903"}],"curies":[{"name":"wp","href":"https:\/\/api.w.org\/{rel}","templated":true}]}}