{"id":32,"date":"2019-03-04T16:02:57","date_gmt":"2019-03-04T16:02:57","guid":{"rendered":"http:\/\/www.mczgroup.it\/?page_id=32"},"modified":"2023-06-28T09:00:44","modified_gmt":"2023-06-28T08:00:44","slug":"mcz-group","status":"publish","type":"page","link":"https:\/\/www.mczgroup.it\/de\/","title":{"rendered":"Homepage"},"content":{"rendered":"<section class=\"wpb-content-wrapper\"><p>[vc_row][vc_column offset=&#8220;vc_hidden-xs&#8220;][rev_slider_vc alias=&#8220;homepage&#8220;][\/vc_column][vc_column offset=&#8220;vc_hidden-lg vc_hidden-md vc_hidden-sm&#8220;][vc_raw_html]JTNDcCUzRSUzQ3ZpZGVvJTIwc3R5bGUlM0QlMjJtYXgtd2lkdGglM0ElMjA3NjhweCUyMCUyMWltcG9ydGFudCUzQiUyMiUyMGF1dG9wbGF5JTIwbG9vcCUyMG11dGVkJTNEJTIyJTIyJTIwd2lkdGglM0QlMjIxMDAlMjUlMjIlMjBoZWlnaHQlM0QlMjIxMDAlMjUlMjIlM0UlM0Nzb3VyY2UlMjBzcmMlM0QlMjJodHRwcyUzQSUyRiUyRnd3dy5tY3pncm91cC5pdCUyRmNvcmUlMkZhc3NldHMlMkZtY3pncm91cCUyRnZpZGVvJTJGbG9vcC1ob21lcGFnZS1tY3pncm91cC12Mi5tcDQlMjIlMjB0eXBlJTNEJTIydmlkZW8lMkZtcDQlMjIlMjAlMkYlM0VZb3VyJTIwYnJvd3NlciUyMGRvZXMlMjBub3QlMjBzdXBwb3J0JTIwdGhlJTIwdmlkZW8lMjB0YWcuJTNDJTJGdmlkZW8lM0UlM0MlMkZwJTNF[\/vc_raw_html][\/vc_column][\/vc_row][vc_row][vc_column][vc_column_text]<\/p>\n<h1 style=\"text-align: center;\">MCZ Group in Zahlen<\/h1>\n<hr \/>\n<p>[\/vc_column_text][\/vc_column][\/vc_row][vc_row el_class=&#8220;row-scroller1&#8243;][vc_column width=&#8220;1\/3&#8243; el_class=&#8220;box-scroller&#8220;][vc_column_text]<\/p>\n<h4>Umsatz<\/h4>\n<div>\n<p class=\"result\">190<\/p>\n<\/div>\n<h3>Millionen Euro<br \/>\nzum 31. Dezember 2022<\/h3>\n<p>[\/vc_column_text][\/vc_column][vc_column width=&#8220;1\/3&#8243; el_class=&#8220;box-scroller&#8220;][vc_column_text]<\/p>\n<h4>Personal<\/h4>\n<div>\n<p class=\"result\">673<\/p>\n<\/div>\n<h3>Personen<br \/>\narbeiten mit uns<\/h3>\n<p>[\/vc_column_text][\/vc_column][vc_column width=&#8220;1\/3&#8243; el_class=&#8220;box-scroller&#8220;][vc_column_text]<\/p>\n<h4>EXPORT<\/h4>\n<div>\n<p class=\"result\">81%<\/p>\n<\/div>\n<h3>Prozentualer Umsatz im Ausland<\/h3>\n<p>[\/vc_column_text][\/vc_column][\/vc_row][vc_row][vc_column][vc_column_text]<\/p>\n<p style=\"text-align: center;\">Aggregierte Zahlen f\u00fcr die MCZ Group SpA und ihre Tochtergesellschaften<\/p>\n<p>[\/vc_column_text][\/vc_column][vc_column][vc_empty_space height=&#8220;70px&#8220;][\/vc_column][\/vc_row][vc_row][vc_column width=&#8220;1\/12&#8243;][\/vc_column][vc_column width=&#8220;10\/12&#8243;][vc_column_text el_class=&#8220;highlight&#8220;]Wir arbeiten mit dem Bewusstsein,<br \/>\ndass das, was wir gestern getan haben,<br \/>\nmorgen nicht ausreichen wird.<br \/>\n&#8211;<br \/>\n<small>Giacomo Zanette, Pr\u00e4sident der MCZ-Gruppe<\/small>[\/vc_column_text][\/vc_column][vc_column width=&#8220;1\/12&#8243;][\/vc_column][\/vc_row][vc_row][vc_column][vc_empty_space height=&#8220;35px&#8220;][\/vc_column][\/vc_row][vc_row el_class=&#8220;row-scroller2&#8243;][vc_column width=&#8220;1\/3&#8243; el_class=&#8220;box-scroller&#8220;][vc_column_text]<\/p>\n<h4>Unsere Kunden<\/h4>\n<div>\n<p class=\"result small\">100<sup>.000<\/sup><img decoding=\"async\" src=\"https:\/\/www.mczgroup.it\/wp-content\/uploads\/icona-nostri-clienti.png\" alt=\"i nostri clienti\" \/><\/p>\n<\/div>\n<h3>Familien haben sich im Jahre 2021 f\u00fcr ein Ger\u00e4t der MCZ Group entschieden<\/h3>\n<p>[\/vc_column_text][\/vc_column][vc_column width=&#8220;1\/3&#8243; el_class=&#8220;box-scroller&#8220;][vc_column_text]<\/p>\n<h4>Unsere Nachhaltigkeit<\/h4>\n<div>\n<p class=\"result big\">9<sup>.365<\/sup><img decoding=\"async\" src=\"https:\/\/www.mczgroup.it\/wp-content\/uploads\/icona-energia-pulita.png\" alt=\"energia pulita\" \/><\/p>\n<\/div>\n<h3>Millionen kWh selbst produzierte \u00d6koenergie (termische und elektrische)<\/h3>\n<p>[\/vc_column_text][\/vc_column][vc_column width=&#8220;1\/3&#8243; el_class=&#8220;box-scroller&#8220;][vc_column_text]<\/p>\n<h4>Unser Einsatz<\/h4>\n<div>\n<p class=\"result big\">3<sup>.430<\/sup> <img decoding=\"async\" src=\"https:\/\/www.mczgroup.it\/wp-content\/uploads\/icona-formazione.png\" alt=\"formazione\" \/><\/p>\n<\/div>\n<h3>Stunden Ausbildung<br \/>\nim Jahre 2022<br \/>\nzum Thema<br \/>\nSicherheit<\/h3>\n<p>[\/vc_column_text][\/vc_column][\/vc_row][vc_row][vc_column][vc_empty_space height=&#8220;70px&#8220;][\/vc_column][\/vc_row][vc_row][vc_column][vc_column_text]<\/p>\n<h2 class=\"big\" style=\"text-align: center;\">NEWS<\/h2>\n<hr \/>\n<p>[\/vc_column_text][\/vc_column][\/vc_row][vc_row][vc_column][vc_empty_space height=&#8220;35px&#8220;][\/vc_column][\/vc_row][vc_row][vc_column][vc_basic_grid post_type=&#8220;post&#8220; max_items=&#8220;3&#8243; element_width=&#8220;12&#8243; gap=&#8220;0&#8243; item=&#8220;100&#8243; initial_loading_animation=&#8220;none&#8220; grid_id=&#8220;vc_gid:1687939189897-3e43ee83-e7db-7&#8243;][\/vc_column][\/vc_row][vc_row][vc_column][vc_raw_js]JTNDc2NyaXB0JTIwdHlwZSUzRCUyMnRleHQlMkZqYXZhc2NyaXB0JTIyJTNFJTI4ZnVuY3Rpb24lMjAlMjglMjQlMjklMjAlN0IlMEElMDl2YXIlMjB2aWV3JTIwJTNEJTIwJTdCJTdEJTNCJTBBJTA5ZnVuY3Rpb24lMjBpbml0X3Njcm9sbGVybWF0aW9uJTI4JTI5JTIwJTdCJTBBJTA5JTA5JTBBJTA5JTA5dmFyJTIwc2Nyb2xsZXIxJTIwJTNEJTIwJTI0JTI4JTIyJTIzY29udGVudCUyMC5yb3ctc2Nyb2xsZXIxJTIwLmJveC1zY3JvbGxlciUyMCUzRSUyMC52Y19jb2x1bW4taW5uZXIlMjAlM0UlMjAud3BiX3dyYXBwZXIlMjAlM0UlMjBkaXYlMjIlMjklM0IlMEElMDklMDl2YXIlMjBzY3JvbGxlcjIlMjAlM0QlMjAlMjQlMjglMjIlMjNjb250ZW50JTIwLnJvdy1zY3JvbGxlcjIlMjAuYm94LXNjcm9sbGVyJTIwJTNFJTIwLnZjX2NvbHVtbi1pbm5lciUyMCUzRSUyMC53cGJfd3JhcHBlciUyMCUzRSUyMGRpdiUyMiUyOSUzQiUwQSUwQSUwOSUwOXZhciUyMGVsZW1zJTIwJTNEJTIwJTVCJTBBJTA5JTA5JTA5JTVCc2Nyb2xsZXIxJTJDJTIwc2Nyb2xsZXIxLmZpbmQlMjglMjIucmVzdWx0JTIyJTI5JTVEJTJDJTBBJTA5JTA5JTA5JTVCc2Nyb2xsZXIyJTJDJTIwc2Nyb2xsZXIyLmZpbmQlMjglMjIucmVzdWx0JTIyJTI5JTVEJTBBJTA5JTA5JTBBJTA5JTA5JTVEJTNCJTBBJTBBJTA5JTA5ZnVuY3Rpb24lMjByZXBvc2l0aW9uJTI4JTI5JTIwJTdCJTBBJTA5JTA5JTA5dmFyJTIwc2Nyb2xsVG9wJTIwJTNEJTIwJTI0JTI4d2luZG93JTI5LnNjcm9sbFRvcCUyOCUyOSUzQiUwQSUwOSUwOSUwOSUwQSUwOSUwOSUwOXZhciUyMHdpbmRvd0hlaWdodCUyMCUzRCUyMCUyNCUyOHdpbmRvdyUyOS5oZWlnaHQlMjglMjklM0IlMEElMDklMDklMDl2YXIlMjBtaWRwb2ludCUyMCUzRCUyMCUyOHNjcm9sbFRvcCUyOSUyMCUyQiUyMCUyOHdpbmRvd0hlaWdodCUyMCUyQSUyMDAuOCUyOSUzQiUwQSUwOSUwOSUwOSUyNC5lYWNoJTI4ZWxlbXMlMkMlMjBmdW5jdGlvbiUyMCUyOF8lMkMlMjBhJTI5JTIwJTdCJTBBJTA5JTA5JTA5JTA5dmFyJTIwZWxzJTIwJTNEJTIwYSU1QjAlNUQlM0IlMEElMDklMDklMDklMDklMEElMDklMDklMDklMDl2YXIlMjBhbmltRWxzJTIwJTNEJTIwYSU1QjElNUQlM0IlMEElMDklMDklMDklMDklMEElMDklMDklMDklMDl2YXIlMjBoZWlnaHQlMjAlM0QlMjBlbHMuZmlyc3QlMjglMjkub3V0ZXJIZWlnaHQlMjglMjklM0IlMEElMDklMDklMDklMDklMEElMDklMDklMDklMDl2YXIlMjB0b3AlMjAlM0QlMjBlbHMub2Zmc2V0JTI4JTI5LnRvcCUzQiUwQSUwOSUwOSUwOSUwQSUwOSUwOSUwOSUwOXZhciUyMG0lMjAlM0QlMjBNYXRoLm1heCUyODAlMkMlMjBoZWlnaHQlMjAtJTIwJTI4bWlkcG9pbnQlMjAtJTIwdG9wJTI5JTI5JTNCJTBBJTA5JTA5JTA5JTA5JTA5JTJGJTJGY29uc29sZS5sb2clMjhtJTI5JTNCJTBBJTA5JTA5JTA5JTA5YW5pbUVscy5jc3MlMjglN0IlMEElMDklMDklMDklMDklMDklMEElMDklMDklMDklMDklMDlwb3NpdGlvbiUzQSUyMCUyN3JlbGF0aXZlJTI3JTJDJTBBJTA5JTA5JTA5JTA5JTA5dG9wJTNBJTIwJTI4bSUyMCUyQSUyMDEuNSUyOSUwQSUwOSUwOSUwOSUwOSU3RCUyOSUzQiUwQSUwOSUwOSUwOSU3RCUyOSUzQiUwQSUwOSUwOSU3RCUwQSUwOSUwOSUyNCUyOHdpbmRvdyUyOS5zY3JvbGwlMjhyZXBvc2l0aW9uJTI5LnJlc2l6ZSUyOHJlcG9zaXRpb24lMjklM0IlMEElMDklMDklMjQlMjh2aWV3JTI5LmJpbmQlMjglMjJ0cmFuc2l0aW9uJTIyJTJDJTIwcmVwb3NpdGlvbiUyOSUzQiUwQSUwOSU3RCUwQSUwQSUwOSUyNCUyOGZ1bmN0aW9uJTIwJTI4JTI5JTIwJTdCJTBBJTIwJTIwJTIwJTIwJTIwJTIwJTIwJTIwJTIwJTIwJTIwJTIwaWYlMjAlMjglMjBqUXVlcnklMjh3aW5kb3clMjkud2lkdGglMjglMjklMjAlM0UlMjA3NjclMjklMjAlN0IlMEElMDklMDlpbml0X3Njcm9sbGVybWF0aW9uJTI4JTI5JTNCJTBBJTIwJTIwJTIwJTIwJTIwJTIwJTIwJTIwJTIwJTIwJTIwJTIwJTdEJTBBJTA5JTdEJTI5JTBBJTA5JTBBJTdEJTI5JTI4alF1ZXJ5JTI5JTNCJTBBJTIwJTNDJTJGc2NyaXB0JTNF[\/vc_raw_js][\/vc_column][\/vc_row]<\/p>\n<\/section>","protected":false},"excerpt":{"rendered":"<p>[vc_row][vc_column offset=&#8220;vc_hidden-xs&#8220;][rev_slider_vc alias=&#8220;homepage&#8220;][\/vc_column][vc_column offset=&#8220;vc_hidden-lg vc_hidden-md vc_hidden-sm&#8220;][vc_raw_html]JTNDcCUzRSUzQ3ZpZGVvJTIwc3R5bGUlM0QlMjJtYXgtd2lkdGglM0ElMjA3NjhweCUyMCUyMWltcG9ydGFudCUzQiUyMiUyMGF1dG9wbGF5JTIwbG9vcCUyMG11dGVkJTNEJTIyJTIyJTIwd2lkdGglM0QlMjIxMDAlMjUlMjIlMjBoZWlnaHQlM0QlMjIxMDAlMjUlMjIlM0UlM0Nzb3VyY2UlMjBzcmMlM0QlMjJodHRwcyUzQSUyRiUyRnd3dy5tY3pncm91cC5pdCUyRmNvcmUlMkZhc3NldHMlMkZtY3pncm91cCUyRnZpZGVvJTJGbG9vcC1ob21lcGFnZS1tY3pncm91cC12Mi5tcDQlMjIlMjB0eXBlJTNEJTIydmlkZW8lMkZtcDQlMjIlMjAlMkYlM0VZb3VyJTIwYnJvd3NlciUyMGRvZXMlMjBub3QlMjBzdXBwb3J0JTIwdGhlJTIwdmlkZW8lMjB0YWcuJTNDJTJGdmlkZW8lM0UlM0MlMkZwJTNF[\/vc_raw_html][\/vc_column][\/vc_row][vc_row][vc_column][vc_column_text] MCZ Group in Zahlen [\/vc_column_text][\/vc_column][\/vc_row][vc_row el_class=&#8220;row-scroller1&#8243;][vc_column width=&#8220;1\/3&#8243; el_class=&#8220;box-scroller&#8220;][vc_column_text] Umsatz 190 Millionen Euro zum 31. Dezember 2022 [\/vc_column_text][\/vc_column][vc_column width=&#8220;1\/3&#8243; el_class=&#8220;box-scroller&#8220;][vc_column_text] Personal 673 Personen arbeiten mit uns [\/vc_column_text][\/vc_column][vc_column width=&#8220;1\/3&#8243; el_class=&#8220;box-scroller&#8220;][vc_column_text] EXPORT 81% Prozentualer Umsatz im Ausland [\/vc_column_text][\/vc_column][\/vc_row][vc_row][vc_column][vc_column_text] Aggregierte Zahlen f\u00fcr die MCZ Group SpA und ihre Tochtergesellschaften [\/vc_column_text][\/vc_column][vc_column][vc_empty_space height=&#8220;70px&#8220;][\/vc_column][\/vc_row][vc_row][vc_column width=&#8220;1\/12&#8243;][\/vc_column][vc_column width=&#8220;10\/12&#8243;][vc_column_text [&hellip;]<\/p>\n","protected":false},"author":1,"featured_media":0,"parent":0,"menu_order":0,"comment_status":"closed","ping_status":"closed","template":"","meta":[],"yoast_head":"<!-- This site is optimized with the Yoast SEO plugin v20.7 - https:\/\/yoast.com\/wordpress\/plugins\/seo\/ -->\n<title>Homepage - Mcz Group<\/title>\n<meta name=\"description\" content=\"Die Gruppe MCZ repr\u00e4sentiert mit ihren verschiedenen Marken alle Anwendungstypologien des h\u00e4uslichen Feuers (Heizkamine, \u00d6fen, Kessel, Herden, Barbecue)\" \/>\n<meta name=\"robots\" content=\"index, follow, max-snippet:-1, max-image-preview:large, max-video-preview:-1\" \/>\n<link rel=\"canonical\" href=\"https:\/\/www.mczgroup.it\/de\/\" \/>\n<meta property=\"og:locale\" content=\"de_DE\" \/>\n<meta property=\"og:type\" content=\"article\" \/>\n<meta property=\"og:title\" content=\"Homepage - Mcz Group\" \/>\n<meta property=\"og:description\" content=\"Die Gruppe MCZ repr\u00e4sentiert mit ihren verschiedenen Marken alle Anwendungstypologien des h\u00e4uslichen Feuers (Heizkamine, \u00d6fen, Kessel, Herden, Barbecue)\" \/>\n<meta property=\"og:url\" content=\"https:\/\/www.mczgroup.it\/de\/\" \/>\n<meta property=\"og:site_name\" content=\"Mcz Group\" \/>\n<meta property=\"article:modified_time\" content=\"2023-06-28T08:00:44+00:00\" \/>\n<meta property=\"og:image\" content=\"https:\/\/www.mczgroup.it\/wp-content\/uploads\/icona-nostri-clienti.png\" \/>\n<meta name=\"twitter:card\" content=\"summary_large_image\" \/>\n<meta name=\"twitter:label1\" content=\"Gesch\u00e4tzte Lesezeit\" \/>\n\t<meta name=\"twitter:data1\" content=\"2\u00a0Minuten\" \/>\n<script type=\"application\/ld+json\" class=\"yoast-schema-graph\">{\"@context\":\"https:\/\/schema.org\",\"@graph\":[{\"@type\":\"WebPage\",\"@id\":\"https:\/\/www.mczgroup.it\/de\/\",\"url\":\"https:\/\/www.mczgroup.it\/de\/\",\"name\":\"Homepage - Mcz Group\",\"isPartOf\":{\"@id\":\"https:\/\/www.mczgroup.it\/it\/#website\"},\"datePublished\":\"2019-03-04T16:02:57+00:00\",\"dateModified\":\"2023-06-28T08:00:44+00:00\",\"description\":\"Die Gruppe MCZ repr\u00e4sentiert mit ihren verschiedenen Marken alle Anwendungstypologien des h\u00e4uslichen Feuers (Heizkamine, \u00d6fen, Kessel, Herden, Barbecue)\",\"breadcrumb\":{\"@id\":\"https:\/\/www.mczgroup.it\/de\/#breadcrumb\"},\"inLanguage\":\"de\",\"potentialAction\":[{\"@type\":\"ReadAction\",\"target\":[\"https:\/\/www.mczgroup.it\/de\/\"]}]},{\"@type\":\"BreadcrumbList\",\"@id\":\"https:\/\/www.mczgroup.it\/de\/#breadcrumb\",\"itemListElement\":[{\"@type\":\"ListItem\",\"position\":1,\"name\":\"MCZ GROUP\",\"item\":\"https:\/\/www.mczgroup.it\/de\/\"},{\"@type\":\"ListItem\",\"position\":2,\"name\":\"Homepage\"}]},{\"@type\":\"WebSite\",\"@id\":\"https:\/\/www.mczgroup.it\/it\/#website\",\"url\":\"https:\/\/www.mczgroup.it\/it\/\",\"name\":\"Mcz Group\",\"description\":\"\",\"potentialAction\":[{\"@type\":\"SearchAction\",\"target\":{\"@type\":\"EntryPoint\",\"urlTemplate\":\"https:\/\/www.mczgroup.it\/it\/?s={search_term_string}\"},\"query-input\":\"required name=search_term_string\"}],\"inLanguage\":\"de\"}]}<\/script>\n<!-- \/ Yoast SEO plugin. -->","yoast_head_json":{"title":"Homepage - Mcz Group","description":"Die Gruppe MCZ repr\u00e4sentiert mit ihren verschiedenen Marken alle Anwendungstypologien des h\u00e4uslichen Feuers (Heizkamine, \u00d6fen, Kessel, Herden, Barbecue)","robots":{"index":"index","follow":"follow","max-snippet":"max-snippet:-1","max-image-preview":"max-image-preview:large","max-video-preview":"max-video-preview:-1"},"canonical":"https:\/\/www.mczgroup.it\/de\/","og_locale":"de_DE","og_type":"article","og_title":"Homepage - Mcz Group","og_description":"Die Gruppe MCZ repr\u00e4sentiert mit ihren verschiedenen Marken alle Anwendungstypologien des h\u00e4uslichen Feuers (Heizkamine, \u00d6fen, Kessel, Herden, Barbecue)","og_url":"https:\/\/www.mczgroup.it\/de\/","og_site_name":"Mcz Group","article_modified_time":"2023-06-28T08:00:44+00:00","og_image":[{"url":"https:\/\/www.mczgroup.it\/wp-content\/uploads\/icona-nostri-clienti.png"}],"twitter_card":"summary_large_image","twitter_misc":{"Gesch\u00e4tzte Lesezeit":"2\u00a0Minuten"},"schema":{"@context":"https:\/\/schema.org","@graph":[{"@type":"WebPage","@id":"https:\/\/www.mczgroup.it\/de\/","url":"https:\/\/www.mczgroup.it\/de\/","name":"Homepage - Mcz Group","isPartOf":{"@id":"https:\/\/www.mczgroup.it\/it\/#website"},"datePublished":"2019-03-04T16:02:57+00:00","dateModified":"2023-06-28T08:00:44+00:00","description":"Die Gruppe MCZ repr\u00e4sentiert mit ihren verschiedenen Marken alle Anwendungstypologien des h\u00e4uslichen Feuers (Heizkamine, \u00d6fen, Kessel, Herden, Barbecue)","breadcrumb":{"@id":"https:\/\/www.mczgroup.it\/de\/#breadcrumb"},"inLanguage":"de","potentialAction":[{"@type":"ReadAction","target":["https:\/\/www.mczgroup.it\/de\/"]}]},{"@type":"BreadcrumbList","@id":"https:\/\/www.mczgroup.it\/de\/#breadcrumb","itemListElement":[{"@type":"ListItem","position":1,"name":"MCZ GROUP","item":"https:\/\/www.mczgroup.it\/de\/"},{"@type":"ListItem","position":2,"name":"Homepage"}]},{"@type":"WebSite","@id":"https:\/\/www.mczgroup.it\/it\/#website","url":"https:\/\/www.mczgroup.it\/it\/","name":"Mcz Group","description":"","potentialAction":[{"@type":"SearchAction","target":{"@type":"EntryPoint","urlTemplate":"https:\/\/www.mczgroup.it\/it\/?s={search_term_string}"},"query-input":"required name=search_term_string"}],"inLanguage":"de"}]}},"_links":{"self":[{"href":"https:\/\/www.mczgroup.it\/de\/wp-json\/wp\/v2\/pages\/32"}],"collection":[{"href":"https:\/\/www.mczgroup.it\/de\/wp-json\/wp\/v2\/pages"}],"about":[{"href":"https:\/\/www.mczgroup.it\/de\/wp-json\/wp\/v2\/types\/page"}],"author":[{"embeddable":true,"href":"https:\/\/www.mczgroup.it\/de\/wp-json\/wp\/v2\/users\/1"}],"replies":[{"embeddable":true,"href":"https:\/\/www.mczgroup.it\/de\/wp-json\/wp\/v2\/comments?post=32"}],"version-history":[{"count":18,"href":"https:\/\/www.mczgroup.it\/de\/wp-json\/wp\/v2\/pages\/32\/revisions"}],"predecessor-version":[{"id":3282,"href":"https:\/\/www.mczgroup.it\/de\/wp-json\/wp\/v2\/pages\/32\/revisions\/3282"}],"wp:attachment":[{"href":"https:\/\/www.mczgroup.it\/de\/wp-json\/wp\/v2\/media?parent=32"}],"curies":[{"name":"wp","href":"https:\/\/api.w.org\/{rel}","templated":true}]}}