{"id":1618,"date":"2019-03-05T09:21:12","date_gmt":"2019-03-05T09:21:12","guid":{"rendered":"http:\/\/www.mczgroup.it\/i-brand-mcz-group\/"},"modified":"2026-01-27T16:43:24","modified_gmt":"2026-01-27T15:43:24","slug":"les-marque-mcz-group","status":"publish","type":"page","link":"https:\/\/www.mczgroup.it\/fr\/les-marque-mcz-group\/","title":{"rendered":"Les marques"},"content":{"rendered":"<section class=\"wpb-content-wrapper\"><p>[vc_row][vc_column][vc_empty_space height=\u00a0\u00bb50px\u00a0\u00bb][\/vc_column][\/vc_row][vc_row][vc_column width=\u00a0\u00bb1\/2&Prime;][vc_column_text]<\/p>\n<h1>LES MARQUES<\/h1>\n<p>[\/vc_column_text][\/vc_column][vc_column width=\u00a0\u00bb1\/4&Prime; el_class=\u00a0\u00bbbox-brand\u00a0\u00bb][vc_single_image image=\u00a0\u00bb366&Prime; img_size=\u00a0\u00bbfull\u00a0\u00bb alignment=\u00a0\u00bbcenter\u00a0\u00bb el_class=\u00a0\u00bbbox-brand-img\u00a0\u00bb][vc_column_text el_class=\u00a0\u00bbbox-brand-description\u00a0\u00bb]Le feu qui d\u00e9core<\/p>\n<p><span class=\"btn-brand\">VOIR PLUS<\/span>[\/vc_column_text][vc_column_text el_class=\u00a0\u00bbbox-brand-link\u00a0\u00bb]<a href=\"https:\/\/www.mczgroup.it\/fr\/les-marques-mcz-group\/mcz\/\" data-val=\"brand-mcz\">link<\/a>[\/vc_column_text][\/vc_column][vc_column width=\u00a0\u00bb1\/4&Prime; el_class=\u00a0\u00bbbox-brand\u00a0\u00bb][vc_single_image image=\u00a0\u00bb627&Prime; img_size=\u00a0\u00bbfull\u00a0\u00bb alignment=\u00a0\u00bbcenter\u00a0\u00bb el_class=\u00a0\u00bbbox-brand-img\u00a0\u00bb][vc_column_text el_class=\u00a0\u00bbbox-brand-description\u00a0\u00bb]Un service complet offert au revendeur<\/p>\n<p><span class=\"btn-brand\">VOIR PLUS<\/span>[\/vc_column_text][vc_column_text el_class=\u00a0\u00bbbox-brand-link\u00a0\u00bb]<a href=\"https:\/\/www.mczgroup.it\/fr\/les-marques-mcz-group\/brisach\/\" data-val=\"brand-brisach\">link<\/a>[\/vc_column_text][\/vc_column][\/vc_row][vc_row][vc_column width=\u00a0\u00bb1\/2&Prime; el_class=\u00a0\u00bbbrand-images\u00a0\u00bb offset=\u00a0\u00bbvc_hidden-xs\u00a0\u00bb][vc_single_image image=\u00a0\u00bb202&Prime; img_size=\u00a0\u00bbfull\u00a0\u00bb el_class=\u00a0\u00bbapertura\u00a0\u00bb][vc_single_image image=\u00a0\u00bb376&Prime; img_size=\u00a0\u00bbfull\u00a0\u00bb alignment=\u00a0\u00bbcenter\u00a0\u00bb el_class=\u00a0\u00bbbrand-mcz\u00a0\u00bb][vc_single_image image=\u00a0\u00bb697&Prime; img_size=\u00a0\u00bbfull\u00a0\u00bb alignment=\u00a0\u00bbcenter\u00a0\u00bb el_class=\u00a0\u00bbbrand-sergio-leoni\u00a0\u00bb][vc_single_image image=\u00a0\u00bb716&Prime; img_size=\u00a0\u00bbfull\u00a0\u00bb alignment=\u00a0\u00bbcenter\u00a0\u00bb el_class=\u00a0\u00bbbrand-redheating\u00a0\u00bb][vc_single_image image=\u00a0\u00bb722&Prime; img_size=\u00a0\u00bbfull\u00a0\u00bb alignment=\u00a0\u00bbcenter\u00a0\u00bb el_class=\u00a0\u00bbbrand-sunday\u00a0\u00bb][vc_single_image image=\u00a0\u00bb728&Prime; img_size=\u00a0\u00bbfull\u00a0\u00bb alignment=\u00a0\u00bbcenter\u00a0\u00bb el_class=\u00a0\u00bbbrand-sundayexpert\u00a0\u00bb][vc_single_image image=\u00a0\u00bb734&Prime; img_size=\u00a0\u00bbfull\u00a0\u00bb alignment=\u00a0\u00bbcenter\u00a0\u00bb el_class=\u00a0\u00bbbrand-brisach\u00a0\u00bb][vc_single_image image=\u00a0\u00bb740&Prime; img_size=\u00a0\u00bbfull\u00a0\u00bb alignment=\u00a0\u00bbcenter\u00a0\u00bb el_class=\u00a0\u00bbbrand-cadel\u00a0\u00bb][vc_single_image image=\u00a0\u00bb746&Prime; img_size=\u00a0\u00bbfull\u00a0\u00bb alignment=\u00a0\u00bbcenter\u00a0\u00bb el_class=\u00a0\u00bbbrand-pegaso\u00a0\u00bb][vc_single_image image=\u00a0\u00bb987&Prime; img_size=\u00a0\u00bbfull\u00a0\u00bb alignment=\u00a0\u00bbcenter\u00a0\u00bb el_class=\u00a0\u00bbbrand-freepoint\u00a0\u00bb][\/vc_column][vc_column width=\u00a0\u00bb1\/2&Prime;][vc_row_inner][vc_column_inner el_class=\u00a0\u00bbbox-brand\u00a0\u00bb width=\u00a0\u00bb1\/2&Prime;][vc_single_image image=\u00a0\u00bb1512&Prime; img_size=\u00a0\u00bbfull\u00a0\u00bb alignment=\u00a0\u00bbcenter\u00a0\u00bb el_class=\u00a0\u00bbbox-brand-img\u00a0\u00bb][vc_column_text el_class=\u00a0\u00bbbox-brand-description\u00a0\u00bb]Faire des \u00e9conomies avec les \u00e9nergies renouvelables<\/p>\n<p><span class=\"btn-brand\">VOIR PLUS<\/span>[\/vc_column_text][vc_column_text el_class=\u00a0\u00bbbox-brand-link\u00a0\u00bb]<a href=\"https:\/\/www.mczgroup.it\/fr\/les-marques-mcz-group\/cadel\/\" data-val=\"brand-cadel\">link<\/a>[\/vc_column_text][\/vc_column_inner][vc_column_inner el_class=\u00a0\u00bbbox-brand\u00a0\u00bb width=\u00a0\u00bb1\/2&Prime;][vc_single_image image=\u00a0\u00bb652&Prime; img_size=\u00a0\u00bbfull\u00a0\u00bb alignment=\u00a0\u00bbcenter\u00a0\u00bb el_class=\u00a0\u00bbbox-brand-img\u00a0\u00bb][vc_column_text el_class=\u00a0\u00bbbox-brand-description\u00a0\u00bb]Chauffage int\u00e9rieur<\/p>\n<p><span class=\"btn-brand\">VOIR PLUS<\/span>[\/vc_column_text][vc_column_text el_class=\u00a0\u00bbbox-brand-link\u00a0\u00bb]<a href=\"https:\/\/www.mczgroup.it\/fr\/les-marques-mcz-group\/red-heating\/\" data-val=\"brand-redheating\">link<\/a>[\/vc_column_text][\/vc_column_inner][\/vc_row_inner][vc_row_inner][vc_column_inner el_class=\u00a0\u00bbbox-brand\u00a0\u00bb width=\u00a0\u00bb1\/2&Prime;][vc_single_image image=\u00a0\u00bb647&Prime; img_size=\u00a0\u00bbfull\u00a0\u00bb alignment=\u00a0\u00bbcenter\u00a0\u00bb el_class=\u00a0\u00bbbox-brand-img\u00a0\u00bb][vc_column_text el_class=\u00a0\u00bbbox-brand-description\u00a0\u00bb]La chaleur italienne au bon prix<\/p>\n<p><span class=\"btn-brand\">VOIR PLUS<\/span>[\/vc_column_text][vc_column_text el_class=\u00a0\u00bbbox-brand-link\u00a0\u00bb]<a href=\"https:\/\/www.mczgroup.it\/fr\/les-marques-mcz-group\/pegaso\/\" data-val=\"brand-pegaso\">link<\/a>[\/vc_column_text][\/vc_column_inner][vc_column_inner el_class=\u00a0\u00bbbox-brand\u00a0\u00bb width=\u00a0\u00bb1\/2&Prime;][vc_single_image image=\u00a0\u00bb637&Prime; img_size=\u00a0\u00bbfull\u00a0\u00bb alignment=\u00a0\u00bbcenter\u00a0\u00bb el_class=\u00a0\u00bbbox-brand-img\u00a0\u00bb][vc_column_text el_class=\u00a0\u00bbbox-brand-description\u00a0\u00bb]L\u2019\u00e9conomie \u00e0 la port\u00e9e de tous<\/p>\n<p><span class=\"btn-brand\">VOIR PLUS<\/span>[\/vc_column_text][vc_column_text el_class=\u00a0\u00bbbox-brand-link\u00a0\u00bb]<a href=\"https:\/\/www.mczgroup.it\/fr\/les-marques-mcz-group\/freepoint\/\" data-val=\"brand-freepoint\">link<\/a>[\/vc_column_text][\/vc_column_inner][\/vc_row_inner][\/vc_column][\/vc_row][vc_row][vc_column][vc_empty_space height=\u00a0\u00bb70px\u00a0\u00bb][\/vc_column][\/vc_row][vc_row][vc_column][vc_raw_js]JTNDc2NyaXB0JTIwdHlwZSUzRCUyMnRleHQlMkZqYXZhc2NyaXB0JTIyJTNFJTIwJTBBJTI4ZnVuY3Rpb24lMjAlMjglMjQlMjklMjAlN0IlMEFqUXVlcnklMjglMjIuYm94LWJyYW5kJTIwYSUyMiUyOS5vbiUyOCU3QiUwQSUyMCUyMCUyMCUyMG1vdXNlZW50ZXIlM0ElMjBmdW5jdGlvbiUyMCUyOCUyOSUyMCU3QiUwQSUwQWpRdWVyeSUyOCUyNy5icmFuZC1pbWFnZXMlMjclMjkuZmluZCUyOCUyMi4lMjIlMkJqUXVlcnklMjh0aGlzJTI5LmRhdGElMjglMjd2YWwlMjclMjklMjkuYW5pbWF0ZSUyOCU3QiUyMm9wYWNpdHklMjIlM0ElMjIxJTIyJTdEJTJDJTIwMjAwJTI5JTNCJTBBalF1ZXJ5JTI4JTI3LmJyYW5kLWltYWdlcyUyMC53cGJfc2luZ2xlX2ltYWdlLmFwZXJ0dXJhJTI3JTI5LmFuaW1hdGUlMjglN0IlMjJvcGFjaXR5JTIyJTNBJTIyMCUyMiU3RCUyQyUyMDIwMCUyOSUzQiUwQSUwQSUyMCUyMCUyMCUyMCU3RCUyQyUwQSUyMCUyMCUyMCUyMG1vdXNlbGVhdmUlM0ElMjBmdW5jdGlvbiUyMCUyOCUyOSUyMCU3QiUwQSUyMCUyMCUyMCUwQSUwQWpRdWVyeSUyOCUyNy5icmFuZC1pbWFnZXMlMjclMjkuZmluZCUyOCUyMi4lMjIlMkJqUXVlcnklMjh0aGlzJTI5LmRhdGElMjglMjd2YWwlMjclMjklMjkuc3RvcCUyOHRydWUlMjkuYW5pbWF0ZSUyOCU3QiUyMm9wYWNpdHklMjIlM0ElMjIwJTIyJTdEJTJDJTIwMjAwJTI5JTNCJTBBalF1ZXJ5JTI4JTI3LmJyYW5kLWltYWdlcyUyMC53cGJfc2luZ2xlX2ltYWdlLmFwZXJ0dXJhJTI3JTI5LnN0b3AlMjh0cnVlJTI5LmFuaW1hdGUlMjglN0IlMjJvcGFjaXR5JTIyJTNBJTIyMSUyMiU3RCUyQyUyMDIwMCUyOSUzQiUwQSUwQSUwQSUwQSUwQSUyMCUyMCUyMCUyMCU3RCUwQSUwQSU3RCUyOSUzQiUwQSUwQSU3RCUyOSUyOGpRdWVyeSUyOSUzQiUzQyUyRnNjcmlwdCUzRQ==[\/vc_raw_js][\/vc_column][\/vc_row]<\/p>\n<\/section>","protected":false},"excerpt":{"rendered":"<p>[vc_row][vc_column][vc_empty_space height=\u00a0\u00bb50px\u00a0\u00bb][\/vc_column][\/vc_row][vc_row][vc_column width=\u00a0\u00bb1\/2&Prime;][vc_column_text] LES MARQUES [\/vc_column_text][\/vc_column][vc_column width=\u00a0\u00bb1\/4&Prime; el_class=\u00a0\u00bbbox-brand\u00a0\u00bb][vc_single_image image=\u00a0\u00bb366&Prime; img_size=\u00a0\u00bbfull\u00a0\u00bb alignment=\u00a0\u00bbcenter\u00a0\u00bb el_class=\u00a0\u00bbbox-brand-img\u00a0\u00bb][vc_column_text el_class=\u00a0\u00bbbox-brand-description\u00a0\u00bb]Le feu qui d\u00e9core VOIR PLUS[\/vc_column_text][vc_column_text el_class=\u00a0\u00bbbox-brand-link\u00a0\u00bb]link[\/vc_column_text][\/vc_column][vc_column width=\u00a0\u00bb1\/4&Prime; el_class=\u00a0\u00bbbox-brand\u00a0\u00bb][vc_single_image image=\u00a0\u00bb627&Prime; img_size=\u00a0\u00bbfull\u00a0\u00bb alignment=\u00a0\u00bbcenter\u00a0\u00bb el_class=\u00a0\u00bbbox-brand-img\u00a0\u00bb][vc_column_text el_class=\u00a0\u00bbbox-brand-description\u00a0\u00bb]Un service complet offert au revendeur VOIR PLUS[\/vc_column_text][vc_column_text el_class=\u00a0\u00bbbox-brand-link\u00a0\u00bb]link[\/vc_column_text][\/vc_column][\/vc_row][vc_row][vc_column width=\u00a0\u00bb1\/2&Prime; el_class=\u00a0\u00bbbrand-images\u00a0\u00bb offset=\u00a0\u00bbvc_hidden-xs\u00a0\u00bb][vc_single_image image=\u00a0\u00bb202&Prime; img_size=\u00a0\u00bbfull\u00a0\u00bb el_class=\u00a0\u00bbapertura\u00a0\u00bb][vc_single_image image=\u00a0\u00bb376&Prime; img_size=\u00a0\u00bbfull\u00a0\u00bb alignment=\u00a0\u00bbcenter\u00a0\u00bb el_class=\u00a0\u00bbbrand-mcz\u00a0\u00bb][vc_single_image image=\u00a0\u00bb697&Prime; img_size=\u00a0\u00bbfull\u00a0\u00bb alignment=\u00a0\u00bbcenter\u00a0\u00bb el_class=\u00a0\u00bbbrand-sergio-leoni\u00a0\u00bb][vc_single_image image=\u00a0\u00bb716&Prime; img_size=\u00a0\u00bbfull\u00a0\u00bb alignment=\u00a0\u00bbcenter\u00a0\u00bb el_class=\u00a0\u00bbbrand-redheating\u00a0\u00bb][vc_single_image image=\u00a0\u00bb722&Prime; img_size=\u00a0\u00bbfull\u00a0\u00bb alignment=\u00a0\u00bbcenter\u00a0\u00bb [&hellip;]<\/p>\n","protected":false},"author":1,"featured_media":0,"parent":0,"menu_order":0,"comment_status":"closed","ping_status":"closed","template":"","meta":[],"yoast_head":"<!-- This site is optimized with the Yoast SEO plugin v20.7 - https:\/\/yoast.com\/wordpress\/plugins\/seo\/ -->\n<title>Les marques - Mcz Group<\/title>\n<meta name=\"description\" content=\"Le Groupe est organis\u00e9 en onze marques commerciales nettement s\u00e9par\u00e9es, afin de couvrir des segments de march\u00e9 et des r\u00e9seaux de distribution diff\u00e9rents.\" \/>\n<meta name=\"robots\" content=\"index, follow, max-snippet:-1, max-image-preview:large, max-video-preview:-1\" \/>\n<link rel=\"canonical\" href=\"https:\/\/www.mczgroup.it\/fr\/les-marque-mcz-group\/\" \/>\n<meta property=\"og:locale\" content=\"fr_FR\" \/>\n<meta property=\"og:type\" content=\"article\" \/>\n<meta property=\"og:title\" content=\"Les marques - Mcz Group\" \/>\n<meta property=\"og:description\" content=\"Le Groupe est organis\u00e9 en onze marques commerciales nettement s\u00e9par\u00e9es, afin de couvrir des segments de march\u00e9 et des r\u00e9seaux de distribution diff\u00e9rents.\" \/>\n<meta property=\"og:url\" content=\"https:\/\/www.mczgroup.it\/fr\/les-marque-mcz-group\/\" \/>\n<meta property=\"og:site_name\" content=\"Mcz Group\" \/>\n<meta property=\"article:modified_time\" content=\"2026-01-27T15:43:24+00:00\" \/>\n<meta name=\"twitter:card\" content=\"summary_large_image\" \/>\n<meta name=\"twitter:label1\" content=\"Dur\u00e9e de lecture estim\u00e9e\" \/>\n\t<meta name=\"twitter:data1\" content=\"1 minute\" \/>\n<script type=\"application\/ld+json\" class=\"yoast-schema-graph\">{\"@context\":\"https:\/\/schema.org\",\"@graph\":[{\"@type\":\"WebPage\",\"@id\":\"https:\/\/www.mczgroup.it\/fr\/les-marque-mcz-group\/\",\"url\":\"https:\/\/www.mczgroup.it\/fr\/les-marque-mcz-group\/\",\"name\":\"Les marques - Mcz Group\",\"isPartOf\":{\"@id\":\"https:\/\/www.mczgroup.it\/it\/#website\"},\"datePublished\":\"2019-03-05T09:21:12+00:00\",\"dateModified\":\"2026-01-27T15:43:24+00:00\",\"description\":\"Le Groupe est organis\u00e9 en onze marques commerciales nettement s\u00e9par\u00e9es, afin de couvrir des segments de march\u00e9 et des r\u00e9seaux de distribution diff\u00e9rents.\",\"breadcrumb\":{\"@id\":\"https:\/\/www.mczgroup.it\/fr\/les-marque-mcz-group\/#breadcrumb\"},\"inLanguage\":\"fr-FR\",\"potentialAction\":[{\"@type\":\"ReadAction\",\"target\":[\"https:\/\/www.mczgroup.it\/fr\/les-marque-mcz-group\/\"]}]},{\"@type\":\"BreadcrumbList\",\"@id\":\"https:\/\/www.mczgroup.it\/fr\/les-marque-mcz-group\/#breadcrumb\",\"itemListElement\":[{\"@type\":\"ListItem\",\"position\":1,\"name\":\"MCZ GROUP\",\"item\":\"https:\/\/www.mczgroup.it\/fr\/\"},{\"@type\":\"ListItem\",\"position\":2,\"name\":\"Les marques\"}]},{\"@type\":\"WebSite\",\"@id\":\"https:\/\/www.mczgroup.it\/it\/#website\",\"url\":\"https:\/\/www.mczgroup.it\/it\/\",\"name\":\"Mcz Group\",\"description\":\"\",\"potentialAction\":[{\"@type\":\"SearchAction\",\"target\":{\"@type\":\"EntryPoint\",\"urlTemplate\":\"https:\/\/www.mczgroup.it\/it\/?s={search_term_string}\"},\"query-input\":\"required name=search_term_string\"}],\"inLanguage\":\"fr-FR\"}]}<\/script>\n<!-- \/ Yoast SEO plugin. -->","yoast_head_json":{"title":"Les marques - Mcz Group","description":"Le Groupe est organis\u00e9 en onze marques commerciales nettement s\u00e9par\u00e9es, afin de couvrir des segments de march\u00e9 et des r\u00e9seaux de distribution diff\u00e9rents.","robots":{"index":"index","follow":"follow","max-snippet":"max-snippet:-1","max-image-preview":"max-image-preview:large","max-video-preview":"max-video-preview:-1"},"canonical":"https:\/\/www.mczgroup.it\/fr\/les-marque-mcz-group\/","og_locale":"fr_FR","og_type":"article","og_title":"Les marques - Mcz Group","og_description":"Le Groupe est organis\u00e9 en onze marques commerciales nettement s\u00e9par\u00e9es, afin de couvrir des segments de march\u00e9 et des r\u00e9seaux de distribution diff\u00e9rents.","og_url":"https:\/\/www.mczgroup.it\/fr\/les-marque-mcz-group\/","og_site_name":"Mcz Group","article_modified_time":"2026-01-27T15:43:24+00:00","twitter_card":"summary_large_image","twitter_misc":{"Dur\u00e9e de lecture estim\u00e9e":"1 minute"},"schema":{"@context":"https:\/\/schema.org","@graph":[{"@type":"WebPage","@id":"https:\/\/www.mczgroup.it\/fr\/les-marque-mcz-group\/","url":"https:\/\/www.mczgroup.it\/fr\/les-marque-mcz-group\/","name":"Les marques - Mcz Group","isPartOf":{"@id":"https:\/\/www.mczgroup.it\/it\/#website"},"datePublished":"2019-03-05T09:21:12+00:00","dateModified":"2026-01-27T15:43:24+00:00","description":"Le Groupe est organis\u00e9 en onze marques commerciales nettement s\u00e9par\u00e9es, afin de couvrir des segments de march\u00e9 et des r\u00e9seaux de distribution diff\u00e9rents.","breadcrumb":{"@id":"https:\/\/www.mczgroup.it\/fr\/les-marque-mcz-group\/#breadcrumb"},"inLanguage":"fr-FR","potentialAction":[{"@type":"ReadAction","target":["https:\/\/www.mczgroup.it\/fr\/les-marque-mcz-group\/"]}]},{"@type":"BreadcrumbList","@id":"https:\/\/www.mczgroup.it\/fr\/les-marque-mcz-group\/#breadcrumb","itemListElement":[{"@type":"ListItem","position":1,"name":"MCZ GROUP","item":"https:\/\/www.mczgroup.it\/fr\/"},{"@type":"ListItem","position":2,"name":"Les marques"}]},{"@type":"WebSite","@id":"https:\/\/www.mczgroup.it\/it\/#website","url":"https:\/\/www.mczgroup.it\/it\/","name":"Mcz Group","description":"","potentialAction":[{"@type":"SearchAction","target":{"@type":"EntryPoint","urlTemplate":"https:\/\/www.mczgroup.it\/it\/?s={search_term_string}"},"query-input":"required name=search_term_string"}],"inLanguage":"fr-FR"}]}},"_links":{"self":[{"href":"https:\/\/www.mczgroup.it\/fr\/wp-json\/wp\/v2\/pages\/1618"}],"collection":[{"href":"https:\/\/www.mczgroup.it\/fr\/wp-json\/wp\/v2\/pages"}],"about":[{"href":"https:\/\/www.mczgroup.it\/fr\/wp-json\/wp\/v2\/types\/page"}],"author":[{"embeddable":true,"href":"https:\/\/www.mczgroup.it\/fr\/wp-json\/wp\/v2\/users\/1"}],"replies":[{"embeddable":true,"href":"https:\/\/www.mczgroup.it\/fr\/wp-json\/wp\/v2\/comments?post=1618"}],"version-history":[{"count":5,"href":"https:\/\/www.mczgroup.it\/fr\/wp-json\/wp\/v2\/pages\/1618\/revisions"}],"predecessor-version":[{"id":3518,"href":"https:\/\/www.mczgroup.it\/fr\/wp-json\/wp\/v2\/pages\/1618\/revisions\/3518"}],"wp:attachment":[{"href":"https:\/\/www.mczgroup.it\/fr\/wp-json\/wp\/v2\/media?parent=1618"}],"curies":[{"name":"wp","href":"https:\/\/api.w.org\/{rel}","templated":true}]}}