{"id":1644,"date":"2019-03-19T09:26:37","date_gmt":"2019-03-19T09:26:37","guid":{"rendered":"http:\/\/www.mczgroup.it\/les-marque-mcz-group\/brisach\/"},"modified":"2019-03-26T15:00:54","modified_gmt":"2019-03-26T15:00:54","slug":"brisach","status":"publish","type":"page","link":"https:\/\/www.mczgroup.it\/fr\/les-marque-mcz-group\/brisach\/","title":{"rendered":"Brisach"},"content":{"rendered":"<section class=\"wpb-content-wrapper\"><p>[vc_row][vc_column][vc_column_text el_id=\u00a0\u00bbbreadcrumbs\u00a0\u00bb]<span><span><a href=\"https:\/\/www.mczgroup.it\/fr\/\">MCZ GROUP<\/a><\/span><\/span>[\/vc_column_text][\/vc_column][\/vc_row][vc_row][vc_column width=\u00a0\u00bb10\/12&Prime;][vc_single_image image=\u00a0\u00bb811&Prime; img_size=\u00a0\u00bbfull\u00a0\u00bb][\/vc_column][vc_column width=\u00a0\u00bb2\/12&Prime;][\/vc_column][\/vc_row][vc_row][vc_column width=\u00a0\u00bb5\/12&Prime; el_class=\u00a0\u00bbscheda-brand-logo\u00a0\u00bb][vc_single_image image=\u00a0\u00bb840&Prime; img_size=\u00a0\u00bbfull\u00a0\u00bb alignment=\u00a0\u00bbcenter\u00a0\u00bb][vc_empty_space height=\u00a0\u00bb10px\u00a0\u00bb][vc_btn title=\u00a0\u00bbVoir le site\u00a0\u00bb style=\u00a0\u00bbclassic\u00a0\u00bb shape=\u00a0\u00bbsquare\u00a0\u00bb color=\u00a0\u00bbwhite\u00a0\u00bb align=\u00a0\u00bbcenter\u00a0\u00bb button_block=\u00a0\u00bbtrue\u00a0\u00bb el_class=\u00a0\u00bbbtn-primary\u00a0\u00bb link=\u00a0\u00bburl:http%3A%2F%2Fwww.brisach.com%2F||target:%20_blank|\u00a0\u00bb][\/vc_column][vc_column width=\u00a0\u00bb7\/12&Prime; el_class=\u00a0\u00bbscheda-brand-description\u00a0\u00bb][vc_column_text]<\/p>\n<h1>Un service complet<br \/>\noffert au revendeur<\/h1>\n<p>[\/vc_column_text][vc_empty_space height=\u00a0\u00bb25px\u00a0\u00bb][vc_column_text el_class=\u00a0\u00bbdescription\u00a0\u00bb]<\/p>\n<h3>CAT\u00c9GORIES DE PRODUITS<\/h3>\n<p>Po\u00eales, chemin\u00e9es et inserts aliment\u00e9s au bois, aux pellets, au gaz et au bio\u00e9thanol.<\/p>\n<h3>CIBLE<\/h3>\n<p>Consommateur moderne, amoureux du bois, exigeant et attentif au service.<\/p>\n<h3>PRODUIT<\/h3>\n<p>Une vaste gamme caract\u00e9ris\u00e9e par des produits ayant un contenu technologique et esth\u00e9tique \u00e9lev\u00e9, de style moderne ou traditionnel, qui suit les tendances du secteur.<\/p>\n<h3>CANAL DE DISTRIBUTION<\/h3>\n<p>\u00c0 travers un r\u00e9seau de revendeurs exclusifs qui vendent des produits et des<br \/>\nservices sous la marque Brisach.[\/vc_column_text][\/vc_column][\/vc_row][vc_row][vc_column][vc_empty_space height=\u00a0\u00bb100px\u00a0\u00bb][\/vc_column][\/vc_row]<\/p>\n<\/section>","protected":false},"excerpt":{"rendered":"<p>[vc_row][vc_column][vc_column_text el_id=\u00a0\u00bbbreadcrumbs\u00a0\u00bb][\/vc_column_text][\/vc_column][\/vc_row][vc_row][vc_column width=\u00a0\u00bb10\/12&Prime;][vc_single_image image=\u00a0\u00bb811&Prime; img_size=\u00a0\u00bbfull\u00a0\u00bb][\/vc_column][vc_column width=\u00a0\u00bb2\/12&Prime;][\/vc_column][\/vc_row][vc_row][vc_column width=\u00a0\u00bb5\/12&Prime; el_class=\u00a0\u00bbscheda-brand-logo\u00a0\u00bb][vc_single_image image=\u00a0\u00bb840&Prime; img_size=\u00a0\u00bbfull\u00a0\u00bb alignment=\u00a0\u00bbcenter\u00a0\u00bb][vc_empty_space height=\u00a0\u00bb10px\u00a0\u00bb][vc_btn title=\u00a0\u00bbVoir le site\u00a0\u00bb style=\u00a0\u00bbclassic\u00a0\u00bb shape=\u00a0\u00bbsquare\u00a0\u00bb color=\u00a0\u00bbwhite\u00a0\u00bb align=\u00a0\u00bbcenter\u00a0\u00bb button_block=\u00a0\u00bbtrue\u00a0\u00bb el_class=\u00a0\u00bbbtn-primary\u00a0\u00bb link=\u00a0\u00bburl:http%3A%2F%2Fwww.brisach.com%2F||target:%20_blank|\u00a0\u00bb][\/vc_column][vc_column width=\u00a0\u00bb7\/12&Prime; el_class=\u00a0\u00bbscheda-brand-description\u00a0\u00bb][vc_column_text] Un service complet offert au revendeur [\/vc_column_text][vc_empty_space height=\u00a0\u00bb25px\u00a0\u00bb][vc_column_text el_class=\u00a0\u00bbdescription\u00a0\u00bb] CAT\u00c9GORIES DE PRODUITS Po\u00eales, chemin\u00e9es et inserts aliment\u00e9s au bois, aux pellets, au gaz et au bio\u00e9thanol. CIBLE Consommateur moderne, amoureux du [&hellip;]<\/p>\n","protected":false},"author":1,"featured_media":0,"parent":1618,"menu_order":0,"comment_status":"closed","ping_status":"closed","template":"","meta":[],"yoast_head":"<!-- This site is optimized with the Yoast SEO plugin v20.7 - https:\/\/yoast.com\/wordpress\/plugins\/seo\/ -->\n<title>Brisach - Mcz Group<\/title>\n<meta name=\"description\" content=\"Brisach, marque fran\u00e7aise historique rachet\u00e9e par MCZ Group, est distribu\u00e9 \u00e0 travers un r\u00e9seau de revendeurs exclusifs monomarque.\" \/>\n<meta name=\"robots\" content=\"index, follow, max-snippet:-1, max-image-preview:large, max-video-preview:-1\" \/>\n<link rel=\"canonical\" href=\"https:\/\/www.mczgroup.it\/fr\/les-marque-mcz-group\/brisach\/\" \/>\n<meta property=\"og:locale\" content=\"fr_FR\" \/>\n<meta property=\"og:type\" content=\"article\" \/>\n<meta property=\"og:title\" content=\"Brisach - Mcz Group\" \/>\n<meta property=\"og:description\" content=\"Brisach, marque fran\u00e7aise historique rachet\u00e9e par MCZ Group, est distribu\u00e9 \u00e0 travers un r\u00e9seau de revendeurs exclusifs monomarque.\" \/>\n<meta property=\"og:url\" content=\"https:\/\/www.mczgroup.it\/fr\/les-marque-mcz-group\/brisach\/\" \/>\n<meta property=\"og:site_name\" content=\"Mcz Group\" \/>\n<meta property=\"article:modified_time\" content=\"2019-03-26T15:00:54+00:00\" \/>\n<meta name=\"twitter:card\" content=\"summary_large_image\" \/>\n<meta name=\"twitter:label1\" content=\"Dur\u00e9e de lecture estim\u00e9e\" \/>\n\t<meta name=\"twitter:data1\" content=\"1 minute\" \/>\n<script type=\"application\/ld+json\" class=\"yoast-schema-graph\">{\"@context\":\"https:\/\/schema.org\",\"@graph\":[{\"@type\":\"WebPage\",\"@id\":\"https:\/\/www.mczgroup.it\/fr\/les-marque-mcz-group\/brisach\/\",\"url\":\"https:\/\/www.mczgroup.it\/fr\/les-marque-mcz-group\/brisach\/\",\"name\":\"Brisach - Mcz Group\",\"isPartOf\":{\"@id\":\"https:\/\/www.mczgroup.it\/it\/#website\"},\"datePublished\":\"2019-03-19T09:26:37+00:00\",\"dateModified\":\"2019-03-26T15:00:54+00:00\",\"description\":\"Brisach, marque fran\u00e7aise historique rachet\u00e9e par MCZ Group, est distribu\u00e9 \u00e0 travers un r\u00e9seau de revendeurs exclusifs monomarque.\",\"breadcrumb\":{\"@id\":\"https:\/\/www.mczgroup.it\/fr\/les-marque-mcz-group\/brisach\/#breadcrumb\"},\"inLanguage\":\"fr-FR\",\"potentialAction\":[{\"@type\":\"ReadAction\",\"target\":[\"https:\/\/www.mczgroup.it\/fr\/les-marque-mcz-group\/brisach\/\"]}]},{\"@type\":\"BreadcrumbList\",\"@id\":\"https:\/\/www.mczgroup.it\/fr\/les-marque-mcz-group\/brisach\/#breadcrumb\",\"itemListElement\":[{\"@type\":\"ListItem\",\"position\":1,\"name\":\"MCZ GROUP\",\"item\":\"https:\/\/www.mczgroup.it\/fr\/\"},{\"@type\":\"ListItem\",\"position\":2,\"name\":\"Les marques\",\"item\":\"https:\/\/www.mczgroup.it\/fr\/les-marque-mcz-group\/\"},{\"@type\":\"ListItem\",\"position\":3,\"name\":\"Brisach\"}]},{\"@type\":\"WebSite\",\"@id\":\"https:\/\/www.mczgroup.it\/it\/#website\",\"url\":\"https:\/\/www.mczgroup.it\/it\/\",\"name\":\"Mcz Group\",\"description\":\"\",\"potentialAction\":[{\"@type\":\"SearchAction\",\"target\":{\"@type\":\"EntryPoint\",\"urlTemplate\":\"https:\/\/www.mczgroup.it\/it\/?s={search_term_string}\"},\"query-input\":\"required name=search_term_string\"}],\"inLanguage\":\"fr-FR\"}]}<\/script>\n<!-- \/ Yoast SEO plugin. -->","yoast_head_json":{"title":"Brisach - Mcz Group","description":"Brisach, marque fran\u00e7aise historique rachet\u00e9e par MCZ Group, est distribu\u00e9 \u00e0 travers un r\u00e9seau de revendeurs exclusifs monomarque.","robots":{"index":"index","follow":"follow","max-snippet":"max-snippet:-1","max-image-preview":"max-image-preview:large","max-video-preview":"max-video-preview:-1"},"canonical":"https:\/\/www.mczgroup.it\/fr\/les-marque-mcz-group\/brisach\/","og_locale":"fr_FR","og_type":"article","og_title":"Brisach - Mcz Group","og_description":"Brisach, marque fran\u00e7aise historique rachet\u00e9e par MCZ Group, est distribu\u00e9 \u00e0 travers un r\u00e9seau de revendeurs exclusifs monomarque.","og_url":"https:\/\/www.mczgroup.it\/fr\/les-marque-mcz-group\/brisach\/","og_site_name":"Mcz Group","article_modified_time":"2019-03-26T15:00:54+00:00","twitter_card":"summary_large_image","twitter_misc":{"Dur\u00e9e de lecture estim\u00e9e":"1 minute"},"schema":{"@context":"https:\/\/schema.org","@graph":[{"@type":"WebPage","@id":"https:\/\/www.mczgroup.it\/fr\/les-marque-mcz-group\/brisach\/","url":"https:\/\/www.mczgroup.it\/fr\/les-marque-mcz-group\/brisach\/","name":"Brisach - Mcz Group","isPartOf":{"@id":"https:\/\/www.mczgroup.it\/it\/#website"},"datePublished":"2019-03-19T09:26:37+00:00","dateModified":"2019-03-26T15:00:54+00:00","description":"Brisach, marque fran\u00e7aise historique rachet\u00e9e par MCZ Group, est distribu\u00e9 \u00e0 travers un r\u00e9seau de revendeurs exclusifs monomarque.","breadcrumb":{"@id":"https:\/\/www.mczgroup.it\/fr\/les-marque-mcz-group\/brisach\/#breadcrumb"},"inLanguage":"fr-FR","potentialAction":[{"@type":"ReadAction","target":["https:\/\/www.mczgroup.it\/fr\/les-marque-mcz-group\/brisach\/"]}]},{"@type":"BreadcrumbList","@id":"https:\/\/www.mczgroup.it\/fr\/les-marque-mcz-group\/brisach\/#breadcrumb","itemListElement":[{"@type":"ListItem","position":1,"name":"MCZ GROUP","item":"https:\/\/www.mczgroup.it\/fr\/"},{"@type":"ListItem","position":2,"name":"Les marques","item":"https:\/\/www.mczgroup.it\/fr\/les-marque-mcz-group\/"},{"@type":"ListItem","position":3,"name":"Brisach"}]},{"@type":"WebSite","@id":"https:\/\/www.mczgroup.it\/it\/#website","url":"https:\/\/www.mczgroup.it\/it\/","name":"Mcz Group","description":"","potentialAction":[{"@type":"SearchAction","target":{"@type":"EntryPoint","urlTemplate":"https:\/\/www.mczgroup.it\/it\/?s={search_term_string}"},"query-input":"required name=search_term_string"}],"inLanguage":"fr-FR"}]}},"_links":{"self":[{"href":"https:\/\/www.mczgroup.it\/fr\/wp-json\/wp\/v2\/pages\/1644"}],"collection":[{"href":"https:\/\/www.mczgroup.it\/fr\/wp-json\/wp\/v2\/pages"}],"about":[{"href":"https:\/\/www.mczgroup.it\/fr\/wp-json\/wp\/v2\/types\/page"}],"author":[{"embeddable":true,"href":"https:\/\/www.mczgroup.it\/fr\/wp-json\/wp\/v2\/users\/1"}],"replies":[{"embeddable":true,"href":"https:\/\/www.mczgroup.it\/fr\/wp-json\/wp\/v2\/comments?post=1644"}],"version-history":[{"count":3,"href":"https:\/\/www.mczgroup.it\/fr\/wp-json\/wp\/v2\/pages\/1644\/revisions"}],"predecessor-version":[{"id":1716,"href":"https:\/\/www.mczgroup.it\/fr\/wp-json\/wp\/v2\/pages\/1644\/revisions\/1716"}],"up":[{"embeddable":true,"href":"https:\/\/www.mczgroup.it\/fr\/wp-json\/wp\/v2\/pages\/1618"}],"wp:attachment":[{"href":"https:\/\/www.mczgroup.it\/fr\/wp-json\/wp\/v2\/media?parent=1644"}],"curies":[{"name":"wp","href":"https:\/\/api.w.org\/{rel}","templated":true}]}}