{"id":1822,"date":"2019-03-05T09:32:04","date_gmt":"2019-03-05T09:32:04","guid":{"rendered":"http:\/\/www.mczgroup.it\/press\/"},"modified":"2026-01-27T16:50:23","modified_gmt":"2026-01-27T15:50:23","slug":"presse","status":"publish","type":"page","link":"https:\/\/www.mczgroup.it\/fr\/presse\/","title":{"rendered":"Presse"},"content":{"rendered":"<section class=\"wpb-content-wrapper\"><p>[vc_row][vc_column][vc_empty_space height=\u00a0\u00bb35px\u00a0\u00bb][\/vc_column][\/vc_row][vc_row][vc_column][vc_tta_accordion style=\u00a0\u00bbflat\u00a0\u00bb shape=\u00a0\u00bbsquare\u00a0\u00bb color=\u00a0\u00bbwhite\u00a0\u00bb c_icon=\u00a0\u00bbchevron\u00a0\u00bb c_position=\u00a0\u00bbright\u00a0\u00bb active_section=\u00a0\u00bb10&Prime; no_fill=\u00a0\u00bbtrue\u00a0\u00bb el_class=\u00a0\u00bbaccordion\u00a0\u00bb][vc_tta_section title=\u00a0\u00bbCONTACTS POUR LA PRESSE\u00a0\u00bb tab_id=\u00a0\u00bb1553611432738-e4f91523-590c\u00a0\u00bb][vc_row_inner][vc_column_inner width=\u00a0\u00bb1\/3&Prime;][vc_column_text]<strong>RESPONSABLE DES M\u00c9DIAS<\/strong><br \/>\nPaolo Beacco<br \/>\n<a title=\"\" href=\"mailto:paolo.beacco@mcz.it\">paolo.beacco@mcz.it<\/a>[\/vc_column_text][\/vc_column_inner][vc_column_inner width=\u00a0\u00bb1\/3&Prime;][vc_column_text]<strong>BUREAU DE PRESSE ITALIE<\/strong><br \/>\nBlu Wom Milano &#8211; Via Giacomo Boni, 29 \u2013 20144 Milano &#8211; Italy<br \/>\n<a href=\"https:\/\/www.bluwom-milano.com\" target=\"_blank\" rel=\"noopener noreferrer\">www.bluwom-milano.com<\/a><br \/>\n<strong>Resp. client:<\/strong><br \/>\nPatrizia Fabretti<br \/>\n<a title=\"\" href=\"mailto:p.fabretti@bluwom-milano.com\">p.fabretti@bluwom-milano.com<\/a><br \/>\n<strong>Account Executive:<\/strong><br \/>\nValentina Riva<br \/>\n<a title=\"\" href=\"mailto:v.riva@bluwom-milano.com\">v.riva@bluwom-milano.com<\/a><br \/>\nT\u00e9l\u00e9phone +39 02 87384640[\/vc_column_text][\/vc_column_inner][vc_column_inner width=\u00a0\u00bb1\/3&Prime;][vc_column_text]<strong>BUREAU DE PRESSE INTERNATIONAL<\/strong><br \/>\nERGO &#8211; Piazza Piemonte, 8 &#8211; 20145 Milano<br \/>\n<a href=\"https:\/\/www.ergo-online.it\" target=\"_blank\" rel=\"noopener noreferrer\">www.ergo-online.it<\/a><br \/>\n<a title=\"\" href=\"mailto:info@ergo-online.it\">info@ergo-online.it<\/a><br \/>\nT\u00e9l\u00e9phone +39 02 43995057[\/vc_column_text][\/vc_column_inner][\/vc_row_inner][\/vc_tta_section][vc_tta_section title=\u00a0\u00bbPRESS KIT COMPLET\u00a0\u00bb tab_id=\u00a0\u00bb1551785765744-2dc923a6-f8d8&Prime;][vc_column_text]T\u00e9l\u00e9chargez ici le Press Kit complet et syst\u00e9matiquement mis \u00e0 jour avec les photos prises, les fiches techniques des produits et toutes les derni\u00e8res nouveaut\u00e9s des marques MCZ. Un profil de l\u2019entreprise est inclus avec les derni\u00e8res informations relatives au Groupe.[\/vc_column_text][vc_btn title=\u00a0\u00bbT\u00c9L\u00c9CHARGER\u00a0\u00bb style=\u00a0\u00bbclassic\u00a0\u00bb shape=\u00a0\u00bbsquare\u00a0\u00bb color=\u00a0\u00bbwhite\u00a0\u00bb align=\u00a0\u00bbcenter\u00a0\u00bb link=\u00a0\u00bburl:https%3A%2F%2Fwww.mczgroup.com%2Fpresskit|target:_blank\u00a0\u00bb el_class=\u00a0\u00bbbtn-primary\u00a0\u00bb][vc_empty_space height=\u00a0\u00bb40px\u00a0\u00bb][\/vc_tta_section][vc_tta_section title=\u00a0\u00bbCATALOGUES ET GUIDES\u00a0\u00bb tab_id=\u00a0\u00bb1551785765786-de3b4adf-c8cd\u00a0\u00bb][vc_column_text]Vous voulez en savoir plus sur le chauffage \u00e0 pellet et \u00e0 bois ? Cette page du site MCZ vous permet de t\u00e9l\u00e9charger tous les catalogues (Pellet, Wood, Gas) ainsi qu\u2019une s\u00e9rie de Guides utiles, parfaits pour les personnes qui ne sont pas du secteur et qui souhaitent comprendre, en d\u00e9tail, le fonctionnement des po\u00eales et des chemin\u00e9es et la mani\u00e8re dont il faut les choisir.[\/vc_column_text][vc_btn title=\u00a0\u00bbCONSULTER LES GUIDES\u00a0\u00bb style=\u00a0\u00bbclassic\u00a0\u00bb shape=\u00a0\u00bbsquare\u00a0\u00bb color=\u00a0\u00bbwhite\u00a0\u00bb align=\u00a0\u00bbcenter\u00a0\u00bb link=\u00a0\u00bburl:https%3A%2F%2Fwww.mcz.it%2Ffr%2Fcatalogues-guides%2F||target:%20_blank|\u00a0\u00bb el_class=\u00a0\u00bbbtn-primary\u00a0\u00bb][vc_empty_space height=\u00a0\u00bb40px\u00a0\u00bb][\/vc_tta_section][\/vc_tta_accordion][\/vc_column][\/vc_row][vc_row][vc_column][vc_empty_space height=\u00a0\u00bb80px\u00a0\u00bb][\/vc_column][\/vc_row][vc_row][vc_column][vc_basic_grid post_type=\u00a0\u00bbpost\u00a0\u00bb max_items=\u00a0\u00bb6&Prime; element_width=\u00a0\u00bb12&Prime; gap=\u00a0\u00bb0&Prime; item=\u00a0\u00bb100&Prime; initial_loading_animation=\u00a0\u00bbnone\u00a0\u00bb grid_id=\u00a0\u00bbvc_gid:1769529030019-ef02481f-2448-3&Prime; offset=\u00a0\u00bb0&Prime;][\/vc_column][\/vc_row][vc_row][vc_column][vc_btn title=\u00a0\u00bbCONSULTER LES ARCHIVES\u00a0\u00bb style=\u00a0\u00bbclassic\u00a0\u00bb shape=\u00a0\u00bbsquare\u00a0\u00bb color=\u00a0\u00bbwhite\u00a0\u00bb align=\u00a0\u00bbcenter\u00a0\u00bb link=\u00a0\u00bburl:http%3A%2F%2Fwww.mczgroup.it%2Ffr%2Fpresse%2Farchive%2F|title:Archivio%20Press||\u00a0\u00bb el_class=\u00a0\u00bbbtn-primary\u00a0\u00bb][vc_empty_space height=\u00a0\u00bb70px\u00a0\u00bb][\/vc_column][\/vc_row]<\/p>\n<\/section>","protected":false},"excerpt":{"rendered":"<p>[vc_row][vc_column][vc_empty_space height=\u00a0\u00bb35px\u00a0\u00bb][\/vc_column][\/vc_row][vc_row][vc_column][vc_tta_accordion style=\u00a0\u00bbflat\u00a0\u00bb shape=\u00a0\u00bbsquare\u00a0\u00bb color=\u00a0\u00bbwhite\u00a0\u00bb c_icon=\u00a0\u00bbchevron\u00a0\u00bb c_position=\u00a0\u00bbright\u00a0\u00bb active_section=\u00a0\u00bb10&Prime; no_fill=\u00a0\u00bbtrue\u00a0\u00bb el_class=\u00a0\u00bbaccordion\u00a0\u00bb][vc_tta_section title=\u00a0\u00bbCONTACTS POUR LA PRESSE\u00a0\u00bb tab_id=\u00a0\u00bb1553611432738-e4f91523-590c\u00a0\u00bb][vc_row_inner][vc_column_inner width=\u00a0\u00bb1\/3&Prime;][vc_column_text]RESPONSABLE DES M\u00c9DIAS Paolo Beacco paolo.beacco@mcz.it[\/vc_column_text][\/vc_column_inner][vc_column_inner width=\u00a0\u00bb1\/3&Prime;][vc_column_text]BUREAU DE PRESSE ITALIE Blu Wom Milano &#8211; Via Giacomo Boni, 29 \u2013 20144 Milano &#8211; Italy www.bluwom-milano.com Resp. client: Patrizia Fabretti p.fabretti@bluwom-milano.com Account Executive: Valentina Riva v.riva@bluwom-milano.com T\u00e9l\u00e9phone +39 02 87384640[\/vc_column_text][\/vc_column_inner][vc_column_inner width=\u00a0\u00bb1\/3&Prime;][vc_column_text]BUREAU DE [&hellip;]<\/p>\n","protected":false},"author":1,"featured_media":0,"parent":0,"menu_order":0,"comment_status":"closed","ping_status":"closed","template":"","meta":[],"yoast_head":"<!-- This site is optimized with the Yoast SEO plugin v20.7 - https:\/\/yoast.com\/wordpress\/plugins\/seo\/ -->\n<title>Presse - Mcz Group<\/title>\n<meta name=\"description\" content=\"Toutes les actualit\u00e9s, les \u00e9v\u00e9nements et les communiqu\u00e9s de presse sur l&#039;univers du Groupe MCZ.\" \/>\n<meta name=\"robots\" content=\"index, follow, max-snippet:-1, max-image-preview:large, max-video-preview:-1\" \/>\n<link rel=\"canonical\" href=\"https:\/\/www.mczgroup.it\/fr\/presse\/\" \/>\n<meta property=\"og:locale\" content=\"fr_FR\" \/>\n<meta property=\"og:type\" content=\"article\" \/>\n<meta property=\"og:title\" content=\"Presse - Mcz Group\" \/>\n<meta property=\"og:description\" content=\"Toutes les actualit\u00e9s, les \u00e9v\u00e9nements et les communiqu\u00e9s de presse sur l&#039;univers du Groupe MCZ.\" \/>\n<meta property=\"og:url\" content=\"https:\/\/www.mczgroup.it\/fr\/presse\/\" \/>\n<meta property=\"og:site_name\" content=\"Mcz Group\" \/>\n<meta property=\"article:modified_time\" content=\"2026-01-27T15:50:23+00:00\" \/>\n<meta name=\"twitter:card\" content=\"summary_large_image\" \/>\n<meta name=\"twitter:label1\" content=\"Dur\u00e9e de lecture estim\u00e9e\" \/>\n\t<meta name=\"twitter:data1\" content=\"2 minutes\" \/>\n<script type=\"application\/ld+json\" class=\"yoast-schema-graph\">{\"@context\":\"https:\/\/schema.org\",\"@graph\":[{\"@type\":\"WebPage\",\"@id\":\"https:\/\/www.mczgroup.it\/fr\/presse\/\",\"url\":\"https:\/\/www.mczgroup.it\/fr\/presse\/\",\"name\":\"Presse - Mcz Group\",\"isPartOf\":{\"@id\":\"https:\/\/www.mczgroup.it\/it\/#website\"},\"datePublished\":\"2019-03-05T09:32:04+00:00\",\"dateModified\":\"2026-01-27T15:50:23+00:00\",\"description\":\"Toutes les actualit\u00e9s, les \u00e9v\u00e9nements et les communiqu\u00e9s de presse sur l'univers du Groupe MCZ.\",\"breadcrumb\":{\"@id\":\"https:\/\/www.mczgroup.it\/fr\/presse\/#breadcrumb\"},\"inLanguage\":\"fr-FR\",\"potentialAction\":[{\"@type\":\"ReadAction\",\"target\":[\"https:\/\/www.mczgroup.it\/fr\/presse\/\"]}]},{\"@type\":\"BreadcrumbList\",\"@id\":\"https:\/\/www.mczgroup.it\/fr\/presse\/#breadcrumb\",\"itemListElement\":[{\"@type\":\"ListItem\",\"position\":1,\"name\":\"MCZ GROUP\",\"item\":\"https:\/\/www.mczgroup.it\/fr\/\"},{\"@type\":\"ListItem\",\"position\":2,\"name\":\"Presse\"}]},{\"@type\":\"WebSite\",\"@id\":\"https:\/\/www.mczgroup.it\/it\/#website\",\"url\":\"https:\/\/www.mczgroup.it\/it\/\",\"name\":\"Mcz Group\",\"description\":\"\",\"potentialAction\":[{\"@type\":\"SearchAction\",\"target\":{\"@type\":\"EntryPoint\",\"urlTemplate\":\"https:\/\/www.mczgroup.it\/it\/?s={search_term_string}\"},\"query-input\":\"required name=search_term_string\"}],\"inLanguage\":\"fr-FR\"}]}<\/script>\n<!-- \/ Yoast SEO plugin. -->","yoast_head_json":{"title":"Presse - Mcz Group","description":"Toutes les actualit\u00e9s, les \u00e9v\u00e9nements et les communiqu\u00e9s de presse sur l'univers du Groupe MCZ.","robots":{"index":"index","follow":"follow","max-snippet":"max-snippet:-1","max-image-preview":"max-image-preview:large","max-video-preview":"max-video-preview:-1"},"canonical":"https:\/\/www.mczgroup.it\/fr\/presse\/","og_locale":"fr_FR","og_type":"article","og_title":"Presse - Mcz Group","og_description":"Toutes les actualit\u00e9s, les \u00e9v\u00e9nements et les communiqu\u00e9s de presse sur l'univers du Groupe MCZ.","og_url":"https:\/\/www.mczgroup.it\/fr\/presse\/","og_site_name":"Mcz Group","article_modified_time":"2026-01-27T15:50:23+00:00","twitter_card":"summary_large_image","twitter_misc":{"Dur\u00e9e de lecture estim\u00e9e":"2 minutes"},"schema":{"@context":"https:\/\/schema.org","@graph":[{"@type":"WebPage","@id":"https:\/\/www.mczgroup.it\/fr\/presse\/","url":"https:\/\/www.mczgroup.it\/fr\/presse\/","name":"Presse - Mcz Group","isPartOf":{"@id":"https:\/\/www.mczgroup.it\/it\/#website"},"datePublished":"2019-03-05T09:32:04+00:00","dateModified":"2026-01-27T15:50:23+00:00","description":"Toutes les actualit\u00e9s, les \u00e9v\u00e9nements et les communiqu\u00e9s de presse sur l'univers du Groupe MCZ.","breadcrumb":{"@id":"https:\/\/www.mczgroup.it\/fr\/presse\/#breadcrumb"},"inLanguage":"fr-FR","potentialAction":[{"@type":"ReadAction","target":["https:\/\/www.mczgroup.it\/fr\/presse\/"]}]},{"@type":"BreadcrumbList","@id":"https:\/\/www.mczgroup.it\/fr\/presse\/#breadcrumb","itemListElement":[{"@type":"ListItem","position":1,"name":"MCZ GROUP","item":"https:\/\/www.mczgroup.it\/fr\/"},{"@type":"ListItem","position":2,"name":"Presse"}]},{"@type":"WebSite","@id":"https:\/\/www.mczgroup.it\/it\/#website","url":"https:\/\/www.mczgroup.it\/it\/","name":"Mcz Group","description":"","potentialAction":[{"@type":"SearchAction","target":{"@type":"EntryPoint","urlTemplate":"https:\/\/www.mczgroup.it\/it\/?s={search_term_string}"},"query-input":"required name=search_term_string"}],"inLanguage":"fr-FR"}]}},"_links":{"self":[{"href":"https:\/\/www.mczgroup.it\/fr\/wp-json\/wp\/v2\/pages\/1822"}],"collection":[{"href":"https:\/\/www.mczgroup.it\/fr\/wp-json\/wp\/v2\/pages"}],"about":[{"href":"https:\/\/www.mczgroup.it\/fr\/wp-json\/wp\/v2\/types\/page"}],"author":[{"embeddable":true,"href":"https:\/\/www.mczgroup.it\/fr\/wp-json\/wp\/v2\/users\/1"}],"replies":[{"embeddable":true,"href":"https:\/\/www.mczgroup.it\/fr\/wp-json\/wp\/v2\/comments?post=1822"}],"version-history":[{"count":10,"href":"https:\/\/www.mczgroup.it\/fr\/wp-json\/wp\/v2\/pages\/1822\/revisions"}],"predecessor-version":[{"id":3526,"href":"https:\/\/www.mczgroup.it\/fr\/wp-json\/wp\/v2\/pages\/1822\/revisions\/3526"}],"wp:attachment":[{"href":"https:\/\/www.mczgroup.it\/fr\/wp-json\/wp\/v2\/media?parent=1822"}],"curies":[{"name":"wp","href":"https:\/\/api.w.org\/{rel}","templated":true}]}}