{"id":1896,"date":"2019-03-20T15:07:20","date_gmt":"2019-03-20T15:07:20","guid":{"rendered":"http:\/\/www.mczgroup.it\/cookie-policy\/"},"modified":"2020-01-15T16:36:53","modified_gmt":"2020-01-15T15:36:53","slug":"utilise-de-cookie","status":"publish","type":"page","link":"https:\/\/www.mczgroup.it\/fr\/utilise-de-cookie\/","title":{"rendered":"Utilise de Cookie"},"content":{"rendered":"<section class=\"wpb-content-wrapper\"><p>[vc_row][vc_column][vc_empty_space height=\u00a0\u00bb50px\u00a0\u00bb][\/vc_column][\/vc_row][vc_row][vc_column][vc_column_text]<\/p>\n<h1>Informations cookies multicouche<\/h1>\n<hr \/>\n<p>Conform\u00e9ment \u00e0 la disposition du garant pour la protection des donn\u00e9es personnelles n\u00b0 229 du 8 mai 2014, contenant \u00ab Identification des proc\u00e9dures simplifi\u00e9es pour la divulgation et l\u2019obtention du consentement \u00e0 l\u2019utilisation des cookies \u00bb, MCZ GROUP S.p.a. ayant son si\u00e8ge \u00e0 Vigonovo di Fontanafredda (PN), via La Croce, 8, en qualit\u00e9 de titulaire du traitement des donn\u00e9es personnelles (ci-apr\u00e8s \u00ab Gestionnaire \u00bb), informe les utilisateurs sur l\u2019utilisation des cookies de navigation sur ce site web (ci-apr\u00e8s \u00ab Site \u00bb).<\/p>\n<p>Il est pr\u00e9cis\u00e9 que ces informations se r\u00e9f\u00e8rent uniquement au Site et non aux sites Web de tiers, auxquels l\u2019Utilisateur peut acc\u00e9der par le biais de liens.<\/p>\n<h2>Que sont les cookies<\/h2>\n<p>Un cookie est un petit fichier qui est envoy\u00e9 \u00e0 votre navigateur et enregistr\u00e9 sur votre dispositif lorsque vous visitez un site internet comme www.mcz.it. Les cookies permettent un fonctionnement efficace du Site et en am\u00e9liorent les performances, ils fournissent des informations au propri\u00e9taire du Site \u00e0 des fins statistiques ou publicitaires, principalement pour personnaliser votre exp\u00e9rience de navigation en m\u00e9morisant vos pr\u00e9f\u00e9rences.<\/p>\n<p>Le Site utilise plusieurs types de cookies de premi\u00e8re partie (pr\u00e9vus et g\u00e9r\u00e9s par MCZ GROUP S.p.a.) et de tiers (pr\u00e9vus et g\u00e9r\u00e9s par des tiers en fonction de leur politique de confidentialit\u00e9 et pas sous le contr\u00f4le de MCZ GROUP S.p.a.) : ci-dessous un tableau explicatif.<\/p>\n<table>\n<tbody>\n<tr>\n<td width=\"241\">TYPE DE COOKIES<\/td>\n<td width=\"241\">FONCTION<\/td>\n<\/tr>\n<tr>\n<td width=\"241\">cookies techniques (de cession ou de navigation)<\/td>\n<td width=\"241\">Ils garantissent la navigation normale et l\u2019utilisation du site web et visent donc \u00e0 rendre fonctionnelle et \u00e0 optimiser cette navigation au sein du site.<\/td>\n<\/tr>\n<tr>\n<td width=\"241\">cookies de fonctionnalit\u00e9<\/td>\n<td width=\"241\">Ils sont strictement n\u00e9cessaires pour fournir les services explicitement requis par l\u2019utilisateur.<\/td>\n<\/tr>\n<tr>\n<td width=\"241\">cookies analytiques premi\u00e8re partie<\/td>\n<td width=\"241\">Ils sont utilis\u00e9s et r\u00e9alis\u00e9s exclusivement par MCZ GROUP S.p.a., pour collecter des informations, de mani\u00e8re rattach\u00e9e et anonyme, sur le nombre d\u2019utilisateurs et sur la fa\u00e7on dont les utilisateurs visitent le site.<\/td>\n<\/tr>\n<tr>\n<td width=\"241\">cookies analytiques de tiers (ex. Google Analytics)<\/td>\n<td width=\"241\">Les donn\u00e9es acquises gr\u00e2ce \u00e0 ces outils peuvent \u00e9galement \u00eatre utilis\u00e9es par leurs propri\u00e9taires respectifs (ex. Google), selon les conditions de service pr\u00e9vues par ceux-ci.Votre consentement est requis pour l\u2019utilisation de ces cookies.<\/td>\n<\/tr>\n<tr>\n<td width=\"241\">cookies pour le marketing et le profilage de la premi\u00e8re partie et de tiers<\/td>\n<td width=\"241\">Ces cookies sont con\u00e7us pour cr\u00e9er des profils relatifs \u00e0 l\u2019utilisateur, afin d\u2019envoyer des messages publicitaires correspondant aux pr\u00e9f\u00e9rences affich\u00e9es lors de la visite ou pour am\u00e9liorer votre exp\u00e9rience de navigation : lorsque vous naviguez sur le site, ces cookies sont utiles pour vous montrer des produits qui vous int\u00e9ressent ou similaires \u00e0 ceux que vous avez vus.Les cookies de tiers sont ceux envoy\u00e9s par des soci\u00e9t\u00e9s tierces de confiance. Ces cookies nous permettent de vous offrir notre proposition commerciale sur d\u2019autres sites affili\u00e9s.Sur les cookies de tiers, nous ne contr\u00f4lons pas les informations fournies par le cookie et nous n\u2019avons pas acc\u00e8s \u00e0 ces donn\u00e9es. Ces informations sont totalement contr\u00f4l\u00e9es par les soci\u00e9t\u00e9s tierces telles que d\u00e9crites dans leurs politiques de confidentialit\u00e9.<\/p>\n<p>Votre consentement est requis pour l\u2019utilisation de ces cookies.<\/td>\n<\/tr>\n<\/tbody>\n<\/table>\n<h2>Activation et d\u00e9sactivation des cookies du navigateur<\/h2>\n<p>La plupart des navigateurs sont configur\u00e9s pour accepter, contr\u00f4ler ou \u00e9ventuellement d\u00e9sactiver les cookies via les configurations. Nous vous rappelons toutefois que la d\u00e9sactivation des cookies de navigation ou de fonctionnalit\u00e9 peut entra\u00eener un fonctionnement insatisfaisant du site et\/ou limiter le service que nous proposons.<\/p>\n<p>Voici le parcours \u00e0 suivre pour g\u00e9rer les cookies des navigateurs suivants :<\/p>\n<ul>\n<li>Internet Explorer:\u00a0<a href=\"https:\/\/windows.microsoft.com\/it-it\/windows7\/block-enable-or-allow-cookies\" target=\"_blank\" rel=\"noopener noreferrer\">https:\/\/windows.microsoft.com\/it-it\/windows7\/block-enable-or-allow-cookies<\/a><\/li>\n<li>Safari:\u00a0<a href=\"https:\/\/support.apple.com\/\" target=\"_blank\" rel=\"nofollow noopener noreferrer\">https:\/\/support.apple.com\/<\/a><\/li>\n<li>Chrome:\u00a0<a href=\"https:\/\/support.google.com\/chrome\/a%20nswer\/95647?hl=it-IT&amp;hlrm=fr&amp;hlrm=en\" target=\"_blank\" rel=\"noopener noreferrer\">https:\/\/support.google.com\/chrome\/a nswer\/95647?hl=it-IT&amp;hlrm=fr&amp;hlrm=en<\/a><\/li>\n<\/ul>\n<p>[\/vc_column_text][\/vc_column][\/vc_row]<\/p>\n<\/section>","protected":false},"excerpt":{"rendered":"<p>[vc_row][vc_column][vc_empty_space height=\u00a0\u00bb50px\u00a0\u00bb][\/vc_column][\/vc_row][vc_row][vc_column][vc_column_text] Informations cookies multicouche Conform\u00e9ment \u00e0 la disposition du garant pour la protection des donn\u00e9es personnelles n\u00b0 229 du 8 mai 2014, contenant \u00ab Identification des proc\u00e9dures simplifi\u00e9es pour la divulgation et l\u2019obtention du consentement \u00e0 l\u2019utilisation des cookies \u00bb, MCZ GROUP S.p.a. ayant son si\u00e8ge \u00e0 Vigonovo di Fontanafredda (PN), via La Croce, [&hellip;]<\/p>\n","protected":false},"author":1,"featured_media":0,"parent":0,"menu_order":0,"comment_status":"closed","ping_status":"closed","template":"","meta":[],"yoast_head":"<!-- This site is optimized with the Yoast SEO plugin v20.7 - https:\/\/yoast.com\/wordpress\/plugins\/seo\/ -->\n<title>Utilise de Cookie - Mcz Group<\/title>\n<meta name=\"robots\" content=\"index, follow, max-snippet:-1, max-image-preview:large, max-video-preview:-1\" \/>\n<link rel=\"canonical\" href=\"https:\/\/www.mczgroup.it\/fr\/utilise-de-cookie\/\" \/>\n<meta property=\"og:locale\" content=\"fr_FR\" \/>\n<meta property=\"og:type\" content=\"article\" \/>\n<meta property=\"og:title\" content=\"Utilise de Cookie - Mcz Group\" \/>\n<meta property=\"og:description\" content=\"[vc_row][vc_column][vc_empty_space height=\u00a0\u00bb50px\u00a0\u00bb][\/vc_column][\/vc_row][vc_row][vc_column][vc_column_text] Informations cookies multicouche Conform\u00e9ment \u00e0 la disposition du garant pour la protection des donn\u00e9es personnelles n\u00b0 229 du 8 mai 2014, contenant \u00ab Identification des proc\u00e9dures simplifi\u00e9es pour la divulgation et l\u2019obtention du consentement \u00e0 l\u2019utilisation des cookies \u00bb, MCZ GROUP S.p.a. ayant son si\u00e8ge \u00e0 Vigonovo di Fontanafredda (PN), via La Croce, [&hellip;]\" \/>\n<meta property=\"og:url\" content=\"https:\/\/www.mczgroup.it\/fr\/utilise-de-cookie\/\" \/>\n<meta property=\"og:site_name\" content=\"Mcz Group\" \/>\n<meta property=\"article:modified_time\" content=\"2020-01-15T15:36:53+00:00\" \/>\n<meta name=\"twitter:card\" content=\"summary_large_image\" \/>\n<meta name=\"twitter:label1\" content=\"Dur\u00e9e de lecture estim\u00e9e\" \/>\n\t<meta name=\"twitter:data1\" content=\"3 minutes\" \/>\n<script type=\"application\/ld+json\" class=\"yoast-schema-graph\">{\"@context\":\"https:\/\/schema.org\",\"@graph\":[{\"@type\":\"WebPage\",\"@id\":\"https:\/\/www.mczgroup.it\/fr\/utilise-de-cookie\/\",\"url\":\"https:\/\/www.mczgroup.it\/fr\/utilise-de-cookie\/\",\"name\":\"Utilise de Cookie - Mcz Group\",\"isPartOf\":{\"@id\":\"https:\/\/www.mczgroup.it\/it\/#website\"},\"datePublished\":\"2019-03-20T15:07:20+00:00\",\"dateModified\":\"2020-01-15T15:36:53+00:00\",\"breadcrumb\":{\"@id\":\"https:\/\/www.mczgroup.it\/fr\/utilise-de-cookie\/#breadcrumb\"},\"inLanguage\":\"fr-FR\",\"potentialAction\":[{\"@type\":\"ReadAction\",\"target\":[\"https:\/\/www.mczgroup.it\/fr\/utilise-de-cookie\/\"]}]},{\"@type\":\"BreadcrumbList\",\"@id\":\"https:\/\/www.mczgroup.it\/fr\/utilise-de-cookie\/#breadcrumb\",\"itemListElement\":[{\"@type\":\"ListItem\",\"position\":1,\"name\":\"MCZ GROUP\",\"item\":\"https:\/\/www.mczgroup.it\/fr\/\"},{\"@type\":\"ListItem\",\"position\":2,\"name\":\"Utilise de Cookie\"}]},{\"@type\":\"WebSite\",\"@id\":\"https:\/\/www.mczgroup.it\/it\/#website\",\"url\":\"https:\/\/www.mczgroup.it\/it\/\",\"name\":\"Mcz Group\",\"description\":\"\",\"potentialAction\":[{\"@type\":\"SearchAction\",\"target\":{\"@type\":\"EntryPoint\",\"urlTemplate\":\"https:\/\/www.mczgroup.it\/it\/?s={search_term_string}\"},\"query-input\":\"required name=search_term_string\"}],\"inLanguage\":\"fr-FR\"}]}<\/script>\n<!-- \/ Yoast SEO plugin. -->","yoast_head_json":{"title":"Utilise de Cookie - Mcz Group","robots":{"index":"index","follow":"follow","max-snippet":"max-snippet:-1","max-image-preview":"max-image-preview:large","max-video-preview":"max-video-preview:-1"},"canonical":"https:\/\/www.mczgroup.it\/fr\/utilise-de-cookie\/","og_locale":"fr_FR","og_type":"article","og_title":"Utilise de Cookie - Mcz Group","og_description":"[vc_row][vc_column][vc_empty_space height=\u00a0\u00bb50px\u00a0\u00bb][\/vc_column][\/vc_row][vc_row][vc_column][vc_column_text] Informations cookies multicouche Conform\u00e9ment \u00e0 la disposition du garant pour la protection des donn\u00e9es personnelles n\u00b0 229 du 8 mai 2014, contenant \u00ab Identification des proc\u00e9dures simplifi\u00e9es pour la divulgation et l\u2019obtention du consentement \u00e0 l\u2019utilisation des cookies \u00bb, MCZ GROUP S.p.a. ayant son si\u00e8ge \u00e0 Vigonovo di Fontanafredda (PN), via La Croce, [&hellip;]","og_url":"https:\/\/www.mczgroup.it\/fr\/utilise-de-cookie\/","og_site_name":"Mcz Group","article_modified_time":"2020-01-15T15:36:53+00:00","twitter_card":"summary_large_image","twitter_misc":{"Dur\u00e9e de lecture estim\u00e9e":"3 minutes"},"schema":{"@context":"https:\/\/schema.org","@graph":[{"@type":"WebPage","@id":"https:\/\/www.mczgroup.it\/fr\/utilise-de-cookie\/","url":"https:\/\/www.mczgroup.it\/fr\/utilise-de-cookie\/","name":"Utilise de Cookie - Mcz Group","isPartOf":{"@id":"https:\/\/www.mczgroup.it\/it\/#website"},"datePublished":"2019-03-20T15:07:20+00:00","dateModified":"2020-01-15T15:36:53+00:00","breadcrumb":{"@id":"https:\/\/www.mczgroup.it\/fr\/utilise-de-cookie\/#breadcrumb"},"inLanguage":"fr-FR","potentialAction":[{"@type":"ReadAction","target":["https:\/\/www.mczgroup.it\/fr\/utilise-de-cookie\/"]}]},{"@type":"BreadcrumbList","@id":"https:\/\/www.mczgroup.it\/fr\/utilise-de-cookie\/#breadcrumb","itemListElement":[{"@type":"ListItem","position":1,"name":"MCZ GROUP","item":"https:\/\/www.mczgroup.it\/fr\/"},{"@type":"ListItem","position":2,"name":"Utilise de Cookie"}]},{"@type":"WebSite","@id":"https:\/\/www.mczgroup.it\/it\/#website","url":"https:\/\/www.mczgroup.it\/it\/","name":"Mcz Group","description":"","potentialAction":[{"@type":"SearchAction","target":{"@type":"EntryPoint","urlTemplate":"https:\/\/www.mczgroup.it\/it\/?s={search_term_string}"},"query-input":"required name=search_term_string"}],"inLanguage":"fr-FR"}]}},"_links":{"self":[{"href":"https:\/\/www.mczgroup.it\/fr\/wp-json\/wp\/v2\/pages\/1896"}],"collection":[{"href":"https:\/\/www.mczgroup.it\/fr\/wp-json\/wp\/v2\/pages"}],"about":[{"href":"https:\/\/www.mczgroup.it\/fr\/wp-json\/wp\/v2\/types\/page"}],"author":[{"embeddable":true,"href":"https:\/\/www.mczgroup.it\/fr\/wp-json\/wp\/v2\/users\/1"}],"replies":[{"embeddable":true,"href":"https:\/\/www.mczgroup.it\/fr\/wp-json\/wp\/v2\/comments?post=1896"}],"version-history":[{"count":5,"href":"https:\/\/www.mczgroup.it\/fr\/wp-json\/wp\/v2\/pages\/1896\/revisions"}],"predecessor-version":[{"id":2408,"href":"https:\/\/www.mczgroup.it\/fr\/wp-json\/wp\/v2\/pages\/1896\/revisions\/2408"}],"wp:attachment":[{"href":"https:\/\/www.mczgroup.it\/fr\/wp-json\/wp\/v2\/media?parent=1896"}],"curies":[{"name":"wp","href":"https:\/\/api.w.org\/{rel}","templated":true}]}}