{"id":1899,"date":"2019-02-28T15:10:42","date_gmt":"2019-02-28T15:10:42","guid":{"rendered":"http:\/\/www.mczgroup.it\/privacy-policy\/"},"modified":"2019-03-27T12:00:30","modified_gmt":"2019-03-27T12:00:30","slug":"politique-de-confidentialite","status":"publish","type":"page","link":"https:\/\/www.mczgroup.it\/fr\/politique-de-confidentialite\/","title":{"rendered":"Politique de confidentialit\u00e9"},"content":{"rendered":"<section class=\"wpb-content-wrapper\"><p>[vc_row][vc_column][vc_empty_space height=\u00a0\u00bb50px\u00a0\u00bb][\/vc_column][\/vc_row][vc_row][vc_column][vc_column_text]<\/p>\n<h1>Informations concernant la discipline sur la protection des donn\u00e9es personnelles<\/h1>\n<hr \/>\n<p>MCZ GROUP S.p.a. (ci-apr\u00e8s \u00ab Soci\u00e9t\u00e9 \u00bb) fournit ces informations conform\u00e9ment et en vertu ce qui est vis\u00e9 \u00e0 l\u2019art. 13 du R\u00e8glement (UE) 2016\/679 (ci-apr\u00e8s \u00ab GDPR \u00bb), quant \u00e0 la protection des personnes physiques concernant le traitement des donn\u00e9es personnelles, afin de vous informer sur les finalit\u00e9s et les m\u00e9thodes de traitement des donn\u00e9es personnelles que vous pourriez transmettre pendant la navigation sur ce site Internet (ci-apr\u00e8s \u00ab Site \u00bb).<\/p>\n<p>Il est pr\u00e9cis\u00e9 que ces informations se r\u00e9f\u00e8rent uniquement au Site et non aux sites Web de tiers, auxquels l\u2019Utilisateur peut acc\u00e9der par le biais de liens.<\/p>\n<h2>CAT\u00c9GORIES DES DONN\u00c9ES TRAIT\u00c9ES<\/h2>\n<p><strong>Donn\u00e9es de navigation<\/strong><\/p>\n<p>Les syst\u00e8mes informatiques et les proc\u00e9dures logicielles utilis\u00e9s pour faire fonctionner ce site web saisissent, au cours de leur fonctionnement normal, certaines donn\u00e9es personnelles dont la transmission est implicite dans l\u2019usage des protocoles de communication d\u2019Internet. Il s\u2019agit d\u2019informations qui\u00a0ne sont pas collect\u00e9es pour \u00eatre associ\u00e9es \u00e0 des int\u00e9r\u00eats d\u2019identification, mais qui de par leur nature m\u00eame pourraient, suite \u00e0 des \u00e9laborations et des associations avec des donn\u00e9es d\u00e9tenues par des tiers, permettre d\u2019identifier les utilisateurs. Cette cat\u00e9gorie de donn\u00e9es comprend les adresses IP ou les noms de domaine des ordinateurs utilis\u00e9s par les utilisateurs qui se connectent au site, les URI (Uniform Resource Identifier) des ressources demand\u00e9es, l\u2019heure de la demande, la m\u00e9thode utilis\u00e9e pour soumettre la demande au serveur, la taille du\u00a0fichier\u00a0obtenu en r\u00e9ponse, le code num\u00e9rique indiquant l\u2019\u00e9tat de la r\u00e9ponse donn\u00e9e par le\u00a0serveur\u00a0(succ\u00e8s, erreur, etc.) et d\u2019autres param\u00e8tres concernant le syst\u00e8me d\u2019exploitation et l\u2019environnement informatique de l\u2019utilisateur. Ces donn\u00e9es sont utilis\u00e9es seulement pour obtenir des statistiques anonymes sur l\u2019utilisation du site et pour en contr\u00f4ler le bon fonctionnement et sont supprim\u00e9es imm\u00e9diatement apr\u00e8s le traitement.<\/p>\n<p><strong>Donn\u00e9es fournies volontairement par l\u2019utilisateur<\/strong><\/p>\n<p>L\u2019envoi facultatif, explicite et volontaire de poste \u00e9lectronique aux adresses indiqu\u00e9es sur le Site implique la saisie successive de l\u2019adresse de l\u2019exp\u00e9diteur, n\u00e9cessaire pour r\u00e9pondre aux demandes, ainsi que d\u2019autres donn\u00e9es personnelles incluses dans le message. Des informations sp\u00e9cifiques r\u00e9sum\u00e9es sont \u00e9galement report\u00e9es ou affich\u00e9es dans les sections du Site pr\u00e9vues pour des services particuliers sur demande et soumises, si n\u00e9cessaire, au consentement de la partie int\u00e9ress\u00e9e.<\/p>\n<p><strong><br \/>\nCookie<\/strong><\/p>\n<p>Pour toute information concernant l\u2019utilisation des cookies par le Site, acc\u00e9dez aux informations appropri\u00e9es en cliquant\u00a0<a href=\"https:\/\/www.mczgroup.it\/fr\/utilise-de-cookie\/\">ici<\/a>.<\/p>\n<h2>FINALIT\u00c9 ET BASE JURIDIQUE DU TRAITEMENT, NATURE DE LA FOURNITURE DES DONN\u00c9ES ET LES CONS\u00c9QUENCES EN CAS DE REFUS<\/h2>\n<p>La Soci\u00e9t\u00e9 traitera vos donn\u00e9es pour faciliter la navigation et vous fournir les services que vous avez demand\u00e9s par le biais des formulaires sp\u00e9cialement pr\u00e9vus sur le Site. En dehors de ce qui est sp\u00e9cifi\u00e9 pour les donn\u00e9es de navigation et pour les cookies techniques, dans les sections du Site mises en place pour des services particuliers sur demande, vous serez libre de fournir vos donn\u00e9es personnelles aux fins \u00e9nonc\u00e9es dans les informations respectives, mais leur absence peut rendre impossible d\u2019obtenir le service demand\u00e9.<\/p>\n<h2>P\u00c9RIODE DE CONSERVATION DES DONN\u00c9ES<\/h2>\n<p>Les donn\u00e9es personnelles collect\u00e9es \u00e0 travers l\u2019utilisation du Site sont trait\u00e9es pendant le temps strictement n\u00e9cessaire pour atteindre les finalit\u00e9s pour lesquelles elles ont \u00e9t\u00e9 collect\u00e9es et, lorsque celui-ci est termin\u00e9, pendant les d\u00e9lais \u00e9ventuellement fix\u00e9s par la r\u00e9glementation en vigueur.<\/p>\n<p>Pour plus de d\u00e9tails, se reporter aux informations pr\u00e9vues pour les services particuliers.<\/p>\n<h2>CADRE DE COMMUNICATION DES DONN\u00c9ES ET CAT\u00c9GORIES DE DESTINATAIRES<\/h2>\n<p>Exclusivement aux fins pr\u00e9cis\u00e9es ci-dessus, toutes les donn\u00e9es collect\u00e9es et trait\u00e9es peuvent \u00eatre communiqu\u00e9es \u00e0 des figures internes autoris\u00e9es au traitement en raison de leurs fonctions respectives, ainsi qu\u2019\u00e0 des tiers \u00e0 qui il est n\u00e9cessaire de communiquer les donn\u00e9es. Ces destinataires, s\u2019ils devaient traiter des donn\u00e9es pour le compte de la Soci\u00e9t\u00e9, seront d\u00e9sign\u00e9s comme responsables du traitement avec un contrat sp\u00e9cifique ou un autre document juridique.<\/p>\n<p>Pour plus de d\u00e9tails, se reporter aux informations pr\u00e9vues pour les services particuliers.<\/p>\n<h2>TRANSFERT DES DONN\u00c9ES VERS UN PAYS TIERS ET\/OU UNE ORGANISATION INTERNATIONALE<\/h2>\n<p>Vos donn\u00e9es personnelles ne feront pas l\u2019objet de transfert vers des Pays Tiers non europ\u00e9ens.<\/p>\n<h2>DROITS DES UTILISATEURS<\/h2>\n<p>Vous avez le droit (voir art. 15 -22 du GDPR) de demander \u00e0 notre Soci\u00e9t\u00e9 d\u2019acc\u00e9der \u00e0 vos donn\u00e9es personnelles et de les corriger si elles sont inexactes, de les supprimer ou de limiter leur traitement si les conditions pr\u00e9alables sont remplies, ainsi que d\u2019obtenir la portabilit\u00e9 des donn\u00e9es que vous avez fournies uniquement si elles font l\u2019objet d\u2019un traitement automatis\u00e9 bas\u00e9 sur l\u2019autorisation ou sur le contrat. Vous avez \u00e9galement le droit de r\u00e9voquer l\u2019autorisation accord\u00e9e aux fins de traitement qui l\u2019exigent, sans pr\u00e9judice de la lic\u00e9it\u00e9 du traitement effectu\u00e9 jusqu\u2019au moment de la r\u00e9vocation. Vous avez \u00e9galement le droit de d\u00e9poser une plainte aupr\u00e8s de l\u2019autorit\u00e9 de contr\u00f4le comp\u00e9tente en la mati\u00e8re, Garante pour la protection des donn\u00e9es personnelles.<\/p>\n<p>Pour plus de d\u00e9tails, se reporter aux informations pr\u00e9vues pour les services particuliers.<\/p>\n<h2>ENTIT\u00c9S DU TRAITEMENT<\/h2>\n<p>Le titulaire du traitement est MCZ GROUP, ayant son si\u00e8ge social \u00e0 Vigonovo di Fontanafredda (PN), Italie, via La Croce, 8, qui peut \u00eatre contact\u00e9 \u00e0 l\u2019adresse \u00e9lectronique suivante : contact@mcz.it<\/p>\n<h2>RESPONSABLE DE LA PROTECTION DES DONNEES\/DATA PROTECTION OFFICER<\/h2>\n<p>Le Responsable de la protection des donn\u00e9es\/data protection officer (RPD\/DPO) est UNINDUSTRIA SERVIZI &amp; FORMAZIONE TREVISO PORDENONE S.C.A.R.L., ayant son si\u00e8ge \u00e0 Tr\u00e9vise, Piazza delle Istituzioni, 12, Italie, et peut \u00eatre contact\u00e9 \u00e0 l\u2019adresse \u00e9lectronique suivante : dpo@mcz.it<\/p>\n<p><strong>Derni\u00e8re mise \u00e0 jour : Mai 2018<\/strong><\/p>\n<p>Ces informations pourront subir des variations. Il est donc conseill\u00e9 de contr\u00f4ler r\u00e9guli\u00e8rement cette page internet et de prendre en consid\u00e9ration la version la plus r\u00e9cente des informations qui y sont contenues.[\/vc_column_text][\/vc_column][\/vc_row]<\/p>\n<\/section>","protected":false},"excerpt":{"rendered":"<p>[vc_row][vc_column][vc_empty_space height=\u00a0\u00bb50px\u00a0\u00bb][\/vc_column][\/vc_row][vc_row][vc_column][vc_column_text] Informations concernant la discipline sur la protection des donn\u00e9es personnelles MCZ GROUP S.p.a. (ci-apr\u00e8s \u00ab Soci\u00e9t\u00e9 \u00bb) fournit ces informations conform\u00e9ment et en vertu ce qui est vis\u00e9 \u00e0 l\u2019art. 13 du R\u00e8glement (UE) 2016\/679 (ci-apr\u00e8s \u00ab GDPR \u00bb), quant \u00e0 la protection des personnes physiques concernant le traitement des donn\u00e9es personnelles, afin [&hellip;]<\/p>\n","protected":false},"author":1,"featured_media":0,"parent":0,"menu_order":0,"comment_status":"closed","ping_status":"closed","template":"","meta":[],"yoast_head":"<!-- This site is optimized with the Yoast SEO plugin v20.7 - https:\/\/yoast.com\/wordpress\/plugins\/seo\/ -->\n<title>Politique de confidentialit\u00e9 - Mcz Group<\/title>\n<meta name=\"robots\" content=\"index, follow, max-snippet:-1, max-image-preview:large, max-video-preview:-1\" \/>\n<link rel=\"canonical\" href=\"https:\/\/www.mczgroup.it\/fr\/politique-de-confidentialite\/\" \/>\n<meta property=\"og:locale\" content=\"fr_FR\" \/>\n<meta property=\"og:type\" content=\"article\" \/>\n<meta property=\"og:title\" content=\"Politique de confidentialit\u00e9 - Mcz Group\" \/>\n<meta property=\"og:description\" content=\"[vc_row][vc_column][vc_empty_space height=\u00a0\u00bb50px\u00a0\u00bb][\/vc_column][\/vc_row][vc_row][vc_column][vc_column_text] Informations concernant la discipline sur la protection des donn\u00e9es personnelles MCZ GROUP S.p.a. (ci-apr\u00e8s \u00ab Soci\u00e9t\u00e9 \u00bb) fournit ces informations conform\u00e9ment et en vertu ce qui est vis\u00e9 \u00e0 l\u2019art. 13 du R\u00e8glement (UE) 2016\/679 (ci-apr\u00e8s \u00ab GDPR \u00bb), quant \u00e0 la protection des personnes physiques concernant le traitement des donn\u00e9es personnelles, afin [&hellip;]\" \/>\n<meta property=\"og:url\" content=\"https:\/\/www.mczgroup.it\/fr\/politique-de-confidentialite\/\" \/>\n<meta property=\"og:site_name\" content=\"Mcz Group\" \/>\n<meta property=\"article:modified_time\" content=\"2019-03-27T12:00:30+00:00\" \/>\n<meta name=\"twitter:card\" content=\"summary_large_image\" \/>\n<meta name=\"twitter:label1\" content=\"Dur\u00e9e de lecture estim\u00e9e\" \/>\n\t<meta name=\"twitter:data1\" content=\"6 minutes\" \/>\n<script type=\"application\/ld+json\" class=\"yoast-schema-graph\">{\"@context\":\"https:\/\/schema.org\",\"@graph\":[{\"@type\":\"WebPage\",\"@id\":\"https:\/\/www.mczgroup.it\/fr\/politique-de-confidentialite\/\",\"url\":\"https:\/\/www.mczgroup.it\/fr\/politique-de-confidentialite\/\",\"name\":\"Politique de confidentialit\u00e9 - Mcz Group\",\"isPartOf\":{\"@id\":\"https:\/\/www.mczgroup.it\/it\/#website\"},\"datePublished\":\"2019-02-28T15:10:42+00:00\",\"dateModified\":\"2019-03-27T12:00:30+00:00\",\"breadcrumb\":{\"@id\":\"https:\/\/www.mczgroup.it\/fr\/politique-de-confidentialite\/#breadcrumb\"},\"inLanguage\":\"fr-FR\",\"potentialAction\":[{\"@type\":\"ReadAction\",\"target\":[\"https:\/\/www.mczgroup.it\/fr\/politique-de-confidentialite\/\"]}]},{\"@type\":\"BreadcrumbList\",\"@id\":\"https:\/\/www.mczgroup.it\/fr\/politique-de-confidentialite\/#breadcrumb\",\"itemListElement\":[{\"@type\":\"ListItem\",\"position\":1,\"name\":\"MCZ GROUP\",\"item\":\"https:\/\/www.mczgroup.it\/fr\/\"},{\"@type\":\"ListItem\",\"position\":2,\"name\":\"Politique de confidentialit\u00e9\"}]},{\"@type\":\"WebSite\",\"@id\":\"https:\/\/www.mczgroup.it\/it\/#website\",\"url\":\"https:\/\/www.mczgroup.it\/it\/\",\"name\":\"Mcz Group\",\"description\":\"\",\"potentialAction\":[{\"@type\":\"SearchAction\",\"target\":{\"@type\":\"EntryPoint\",\"urlTemplate\":\"https:\/\/www.mczgroup.it\/it\/?s={search_term_string}\"},\"query-input\":\"required name=search_term_string\"}],\"inLanguage\":\"fr-FR\"}]}<\/script>\n<!-- \/ Yoast SEO plugin. -->","yoast_head_json":{"title":"Politique de confidentialit\u00e9 - Mcz Group","robots":{"index":"index","follow":"follow","max-snippet":"max-snippet:-1","max-image-preview":"max-image-preview:large","max-video-preview":"max-video-preview:-1"},"canonical":"https:\/\/www.mczgroup.it\/fr\/politique-de-confidentialite\/","og_locale":"fr_FR","og_type":"article","og_title":"Politique de confidentialit\u00e9 - Mcz Group","og_description":"[vc_row][vc_column][vc_empty_space height=\u00a0\u00bb50px\u00a0\u00bb][\/vc_column][\/vc_row][vc_row][vc_column][vc_column_text] Informations concernant la discipline sur la protection des donn\u00e9es personnelles MCZ GROUP S.p.a. (ci-apr\u00e8s \u00ab Soci\u00e9t\u00e9 \u00bb) fournit ces informations conform\u00e9ment et en vertu ce qui est vis\u00e9 \u00e0 l\u2019art. 13 du R\u00e8glement (UE) 2016\/679 (ci-apr\u00e8s \u00ab GDPR \u00bb), quant \u00e0 la protection des personnes physiques concernant le traitement des donn\u00e9es personnelles, afin [&hellip;]","og_url":"https:\/\/www.mczgroup.it\/fr\/politique-de-confidentialite\/","og_site_name":"Mcz Group","article_modified_time":"2019-03-27T12:00:30+00:00","twitter_card":"summary_large_image","twitter_misc":{"Dur\u00e9e de lecture estim\u00e9e":"6 minutes"},"schema":{"@context":"https:\/\/schema.org","@graph":[{"@type":"WebPage","@id":"https:\/\/www.mczgroup.it\/fr\/politique-de-confidentialite\/","url":"https:\/\/www.mczgroup.it\/fr\/politique-de-confidentialite\/","name":"Politique de confidentialit\u00e9 - Mcz Group","isPartOf":{"@id":"https:\/\/www.mczgroup.it\/it\/#website"},"datePublished":"2019-02-28T15:10:42+00:00","dateModified":"2019-03-27T12:00:30+00:00","breadcrumb":{"@id":"https:\/\/www.mczgroup.it\/fr\/politique-de-confidentialite\/#breadcrumb"},"inLanguage":"fr-FR","potentialAction":[{"@type":"ReadAction","target":["https:\/\/www.mczgroup.it\/fr\/politique-de-confidentialite\/"]}]},{"@type":"BreadcrumbList","@id":"https:\/\/www.mczgroup.it\/fr\/politique-de-confidentialite\/#breadcrumb","itemListElement":[{"@type":"ListItem","position":1,"name":"MCZ GROUP","item":"https:\/\/www.mczgroup.it\/fr\/"},{"@type":"ListItem","position":2,"name":"Politique de confidentialit\u00e9"}]},{"@type":"WebSite","@id":"https:\/\/www.mczgroup.it\/it\/#website","url":"https:\/\/www.mczgroup.it\/it\/","name":"Mcz Group","description":"","potentialAction":[{"@type":"SearchAction","target":{"@type":"EntryPoint","urlTemplate":"https:\/\/www.mczgroup.it\/it\/?s={search_term_string}"},"query-input":"required name=search_term_string"}],"inLanguage":"fr-FR"}]}},"_links":{"self":[{"href":"https:\/\/www.mczgroup.it\/fr\/wp-json\/wp\/v2\/pages\/1899"}],"collection":[{"href":"https:\/\/www.mczgroup.it\/fr\/wp-json\/wp\/v2\/pages"}],"about":[{"href":"https:\/\/www.mczgroup.it\/fr\/wp-json\/wp\/v2\/types\/page"}],"author":[{"embeddable":true,"href":"https:\/\/www.mczgroup.it\/fr\/wp-json\/wp\/v2\/users\/1"}],"replies":[{"embeddable":true,"href":"https:\/\/www.mczgroup.it\/fr\/wp-json\/wp\/v2\/comments?post=1899"}],"version-history":[{"count":3,"href":"https:\/\/www.mczgroup.it\/fr\/wp-json\/wp\/v2\/pages\/1899\/revisions"}],"predecessor-version":[{"id":1960,"href":"https:\/\/www.mczgroup.it\/fr\/wp-json\/wp\/v2\/pages\/1899\/revisions\/1960"}],"wp:attachment":[{"href":"https:\/\/www.mczgroup.it\/fr\/wp-json\/wp\/v2\/media?parent=1899"}],"curies":[{"name":"wp","href":"https:\/\/api.w.org\/{rel}","templated":true}]}}