{"id":1902,"date":"2019-03-20T15:02:42","date_gmt":"2019-03-20T15:02:42","guid":{"rendered":"http:\/\/www.mczgroup.it\/avvertenze-legali\/"},"modified":"2019-03-27T11:59:24","modified_gmt":"2019-03-27T11:59:24","slug":"informations-legales","status":"publish","type":"page","link":"https:\/\/www.mczgroup.it\/fr\/informations-legales\/","title":{"rendered":"Informations l\u00e9gales"},"content":{"rendered":"<section class=\"wpb-content-wrapper\"><p>[vc_row][vc_column][vc_empty_space height=\u00a0\u00bb50px\u00a0\u00bb][\/vc_column][\/vc_row][vc_row][vc_column][vc_column_text]<\/p>\n<h1>Informations l\u00e9gales<\/h1>\n<hr \/>\n<header class=\"page\">\n<h2>Termes et conditions d\u2019utilisation<\/h2>\n<\/header>\n<p>Le Site Internet pr\u00e9sent est un service d\u2019informations en ligne fourni par MCZ Group SpA. Votre utilisation est soumise \u00e0 l\u2019acceptation des termes et des conditions, \u00e9tablis ci-dessous. Si vous ne souhaitez pas accepter, vous \u00eates invit\u00e9s \u00e0 ne pas utiliser le Site Internet et \u00e0 ne t\u00e9l\u00e9charger aucun mat\u00e9riel de celui-ci.<\/p>\n<h2>Limites d\u2019utilisation<\/h2>\n<p>Les contenus des pages du Site Internet pr\u00e9sent sont Copyright de MCZ Group SpA. Tous droits r\u00e9serv\u00e9s. Les contenus des pages du Site Internet pr\u00e9sent ne peuvent, ni int\u00e9gralement ni en partie, \u00eatre copi\u00e9s, reproduits, transf\u00e9r\u00e9s, charg\u00e9s, publi\u00e9s ou distribu\u00e9s de fa\u00e7on quelconque sans l\u2019accord \u00e9crit au pr\u00e9alable de MCZ Group SpA, sans pr\u00e9judice de la possibilit\u00e9 de les stocker dans son propre ordinateur ou d\u2019imprimer des extraits des pages de ce Site uniquement pour un usage personnel.<\/p>\n<p>Sauf indication contraire, les marques et logos qui apparaissent sur ce Site appartiennent \u00e0 MCZ Group SpA. Ils ne peuvent \u00eatre utilis\u00e9s sur aucun site Internet diff\u00e9rent du Site Internet pr\u00e9sent sans l\u2019accord \u00e9crit au pr\u00e9alable de MCZ Group SpA. Le nom et toute marque ne peuvent \u00eatre utilis\u00e9s comme adresses Internet d\u2019autres sites, ou comme parties de ces adresses, sans l\u2019accord \u00e9crit au pr\u00e9alable de MCZ Group SpA.<\/p>\n<h2>Limites de responsabilit\u00e9s<\/h2>\n<p>Les informations de ce Site internet sont fournies en toute bonne foi et MCZ Group SpA les consid\u00e8re comme \u00e9tant exactes.\u00a0 Dans tous les cas, quiconque souhaiterait acheter des produits ne doit pas se r\u00e9f\u00e9rer \u00e0 ces informations mais doit s\u2019assurer, ensuite, de la nature effective des produits et de leur conformit\u00e9 concr\u00e8te \u00e0 l\u2019usage destin\u00e9. Par cons\u00e9quent, toutes les informations de ce Site sont fournies sans aucune garantie, implicite ou explicite, de nature quelconque, comme, \u00e0 titre d\u2019exemple, de qualit\u00e9 des produits, de conformit\u00e9 pour un but sp\u00e9cifique ou de non violation de droits de propri\u00e9t\u00e9 intellectuelle.\u00a0 En aucun cas, MCZ Group SpA sera consid\u00e9r\u00e9e comme responsable pour tout dommage direct ou indirect, provoqu\u00e9 par l\u2019utilisation de ce Site.<\/p>\n<p>Les informations contenues dans ce Site peuvent \u00eatre techniquement inexactes ou vici\u00e9es par des erreurs typographiques. Les informations peuvent \u00eatre modifi\u00e9es ou mises \u00e0 jour sans pr\u00e9avis. MCZ Group SpA peut \u00e9galement am\u00e9liorer ou changer ce qui est d\u00e9crit dans ce Site, sans pr\u00e9avis.<\/p>\n<h2>Liens<\/h2>\n<p>MCZ Group SpA n\u2019assume aucune responsabilit\u00e9 pour des mat\u00e9riaux cr\u00e9\u00e9s ou publi\u00e9s par des tiers avec lesquels le Site poss\u00e8de un lien. Les personnes qui d\u00e9cident de visiter un Site li\u00e9 au Site pr\u00e9sent le font \u00e0 leurs risques et p\u00e9rils, en se chargeant de prendre toute les mesures n\u00e9cessaires contre des virus ou autres \u00e9l\u00e9ments destructeurs.\u00a0 La liaison avec d\u2019autres sites n\u2019implique pas que MCZ Group SpA sponsorise ou soit affili\u00e9e avec les entit\u00e9s qui effectuent les services d\u00e9crits dans ces sites.<\/p>\n<h2>Traitement des donn\u00e9es personnelles<\/h2>\n<p>En r\u00e9f\u00e9rence au D.-L. 30 juin 2003 n\u00b0196 (code en mati\u00e8re de protection des donn\u00e9es personnelles), nous vous communiquons que le traitement de vos donn\u00e9es personnelles vise \u00e0 la gestion des op\u00e9rations d\u00e9crites et \u00e0 l\u2019envoi de notre mat\u00e9riel informatif.<\/p>\n<p>Le Responsable du traitement des donn\u00e9es est MCZ Group SpA. Vous pouvez exercer les droits mentionn\u00e9s \u00e0 l\u2019Art.7 du D.-L. 196\/03 en vous adressant \u00e0 MCZ Group SpA, 33074 Vigonovo di Fontanafredda (PN) Italie.<\/p>\n<p>&gt; Plus d\u2019info\u00a0<a href=\"https:\/\/www.mczgroup.it\/fr\/politique-de-confidentialite\/\">Privacy Policy<\/a><\/p>\n<h2>Cookies<\/h2>\n<p>Ce site utilise les cookies afin de pouvoir vous offrir une exp\u00e9rience de navigation personnalis\u00e9e. Sans les cookies, nous ne serions pas en mesure d\u2019offrir toutes les fonctions pr\u00e9sentes sur le site.<\/p>\n<p>&gt; Plus d\u2019info\u00a0<a href=\"https:\/\/www.mcz.it\/fr\/utilise-de-cookie\/\">Cookies<\/a>[\/vc_column_text][\/vc_column][\/vc_row]<\/p>\n<\/section>","protected":false},"excerpt":{"rendered":"<p>[vc_row][vc_column][vc_empty_space height=\u00a0\u00bb50px\u00a0\u00bb][\/vc_column][\/vc_row][vc_row][vc_column][vc_column_text] Informations l\u00e9gales Termes et conditions d\u2019utilisation Le Site Internet pr\u00e9sent est un service d\u2019informations en ligne fourni par MCZ Group SpA. Votre utilisation est soumise \u00e0 l\u2019acceptation des termes et des conditions, \u00e9tablis ci-dessous. Si vous ne souhaitez pas accepter, vous \u00eates invit\u00e9s \u00e0 ne pas utiliser le Site Internet et \u00e0 ne [&hellip;]<\/p>\n","protected":false},"author":1,"featured_media":0,"parent":0,"menu_order":0,"comment_status":"closed","ping_status":"closed","template":"","meta":[],"yoast_head":"<!-- This site is optimized with the Yoast SEO plugin v20.7 - https:\/\/yoast.com\/wordpress\/plugins\/seo\/ -->\n<title>Informations l\u00e9gales - Mcz Group<\/title>\n<meta name=\"robots\" content=\"index, follow, max-snippet:-1, max-image-preview:large, max-video-preview:-1\" \/>\n<link rel=\"canonical\" href=\"https:\/\/www.mczgroup.it\/fr\/informations-legales\/\" \/>\n<meta property=\"og:locale\" content=\"fr_FR\" \/>\n<meta property=\"og:type\" content=\"article\" \/>\n<meta property=\"og:title\" content=\"Informations l\u00e9gales - Mcz Group\" \/>\n<meta property=\"og:description\" content=\"[vc_row][vc_column][vc_empty_space height=\u00a0\u00bb50px\u00a0\u00bb][\/vc_column][\/vc_row][vc_row][vc_column][vc_column_text] Informations l\u00e9gales Termes et conditions d\u2019utilisation Le Site Internet pr\u00e9sent est un service d\u2019informations en ligne fourni par MCZ Group SpA. Votre utilisation est soumise \u00e0 l\u2019acceptation des termes et des conditions, \u00e9tablis ci-dessous. Si vous ne souhaitez pas accepter, vous \u00eates invit\u00e9s \u00e0 ne pas utiliser le Site Internet et \u00e0 ne [&hellip;]\" \/>\n<meta property=\"og:url\" content=\"https:\/\/www.mczgroup.it\/fr\/informations-legales\/\" \/>\n<meta property=\"og:site_name\" content=\"Mcz Group\" \/>\n<meta property=\"article:modified_time\" content=\"2019-03-27T11:59:24+00:00\" \/>\n<meta name=\"twitter:card\" content=\"summary_large_image\" \/>\n<meta name=\"twitter:label1\" content=\"Dur\u00e9e de lecture estim\u00e9e\" \/>\n\t<meta name=\"twitter:data1\" content=\"3 minutes\" \/>\n<script type=\"application\/ld+json\" class=\"yoast-schema-graph\">{\"@context\":\"https:\/\/schema.org\",\"@graph\":[{\"@type\":\"WebPage\",\"@id\":\"https:\/\/www.mczgroup.it\/fr\/informations-legales\/\",\"url\":\"https:\/\/www.mczgroup.it\/fr\/informations-legales\/\",\"name\":\"Informations l\u00e9gales - Mcz Group\",\"isPartOf\":{\"@id\":\"https:\/\/www.mczgroup.it\/it\/#website\"},\"datePublished\":\"2019-03-20T15:02:42+00:00\",\"dateModified\":\"2019-03-27T11:59:24+00:00\",\"breadcrumb\":{\"@id\":\"https:\/\/www.mczgroup.it\/fr\/informations-legales\/#breadcrumb\"},\"inLanguage\":\"fr-FR\",\"potentialAction\":[{\"@type\":\"ReadAction\",\"target\":[\"https:\/\/www.mczgroup.it\/fr\/informations-legales\/\"]}]},{\"@type\":\"BreadcrumbList\",\"@id\":\"https:\/\/www.mczgroup.it\/fr\/informations-legales\/#breadcrumb\",\"itemListElement\":[{\"@type\":\"ListItem\",\"position\":1,\"name\":\"MCZ GROUP\",\"item\":\"https:\/\/www.mczgroup.it\/fr\/\"},{\"@type\":\"ListItem\",\"position\":2,\"name\":\"Informations l\u00e9gales\"}]},{\"@type\":\"WebSite\",\"@id\":\"https:\/\/www.mczgroup.it\/it\/#website\",\"url\":\"https:\/\/www.mczgroup.it\/it\/\",\"name\":\"Mcz Group\",\"description\":\"\",\"potentialAction\":[{\"@type\":\"SearchAction\",\"target\":{\"@type\":\"EntryPoint\",\"urlTemplate\":\"https:\/\/www.mczgroup.it\/it\/?s={search_term_string}\"},\"query-input\":\"required name=search_term_string\"}],\"inLanguage\":\"fr-FR\"}]}<\/script>\n<!-- \/ Yoast SEO plugin. -->","yoast_head_json":{"title":"Informations l\u00e9gales - Mcz Group","robots":{"index":"index","follow":"follow","max-snippet":"max-snippet:-1","max-image-preview":"max-image-preview:large","max-video-preview":"max-video-preview:-1"},"canonical":"https:\/\/www.mczgroup.it\/fr\/informations-legales\/","og_locale":"fr_FR","og_type":"article","og_title":"Informations l\u00e9gales - Mcz Group","og_description":"[vc_row][vc_column][vc_empty_space height=\u00a0\u00bb50px\u00a0\u00bb][\/vc_column][\/vc_row][vc_row][vc_column][vc_column_text] Informations l\u00e9gales Termes et conditions d\u2019utilisation Le Site Internet pr\u00e9sent est un service d\u2019informations en ligne fourni par MCZ Group SpA. Votre utilisation est soumise \u00e0 l\u2019acceptation des termes et des conditions, \u00e9tablis ci-dessous. Si vous ne souhaitez pas accepter, vous \u00eates invit\u00e9s \u00e0 ne pas utiliser le Site Internet et \u00e0 ne [&hellip;]","og_url":"https:\/\/www.mczgroup.it\/fr\/informations-legales\/","og_site_name":"Mcz Group","article_modified_time":"2019-03-27T11:59:24+00:00","twitter_card":"summary_large_image","twitter_misc":{"Dur\u00e9e de lecture estim\u00e9e":"3 minutes"},"schema":{"@context":"https:\/\/schema.org","@graph":[{"@type":"WebPage","@id":"https:\/\/www.mczgroup.it\/fr\/informations-legales\/","url":"https:\/\/www.mczgroup.it\/fr\/informations-legales\/","name":"Informations l\u00e9gales - Mcz Group","isPartOf":{"@id":"https:\/\/www.mczgroup.it\/it\/#website"},"datePublished":"2019-03-20T15:02:42+00:00","dateModified":"2019-03-27T11:59:24+00:00","breadcrumb":{"@id":"https:\/\/www.mczgroup.it\/fr\/informations-legales\/#breadcrumb"},"inLanguage":"fr-FR","potentialAction":[{"@type":"ReadAction","target":["https:\/\/www.mczgroup.it\/fr\/informations-legales\/"]}]},{"@type":"BreadcrumbList","@id":"https:\/\/www.mczgroup.it\/fr\/informations-legales\/#breadcrumb","itemListElement":[{"@type":"ListItem","position":1,"name":"MCZ GROUP","item":"https:\/\/www.mczgroup.it\/fr\/"},{"@type":"ListItem","position":2,"name":"Informations l\u00e9gales"}]},{"@type":"WebSite","@id":"https:\/\/www.mczgroup.it\/it\/#website","url":"https:\/\/www.mczgroup.it\/it\/","name":"Mcz Group","description":"","potentialAction":[{"@type":"SearchAction","target":{"@type":"EntryPoint","urlTemplate":"https:\/\/www.mczgroup.it\/it\/?s={search_term_string}"},"query-input":"required name=search_term_string"}],"inLanguage":"fr-FR"}]}},"_links":{"self":[{"href":"https:\/\/www.mczgroup.it\/fr\/wp-json\/wp\/v2\/pages\/1902"}],"collection":[{"href":"https:\/\/www.mczgroup.it\/fr\/wp-json\/wp\/v2\/pages"}],"about":[{"href":"https:\/\/www.mczgroup.it\/fr\/wp-json\/wp\/v2\/types\/page"}],"author":[{"embeddable":true,"href":"https:\/\/www.mczgroup.it\/fr\/wp-json\/wp\/v2\/users\/1"}],"replies":[{"embeddable":true,"href":"https:\/\/www.mczgroup.it\/fr\/wp-json\/wp\/v2\/comments?post=1902"}],"version-history":[{"count":3,"href":"https:\/\/www.mczgroup.it\/fr\/wp-json\/wp\/v2\/pages\/1902\/revisions"}],"predecessor-version":[{"id":1959,"href":"https:\/\/www.mczgroup.it\/fr\/wp-json\/wp\/v2\/pages\/1902\/revisions\/1959"}],"wp:attachment":[{"href":"https:\/\/www.mczgroup.it\/fr\/wp-json\/wp\/v2\/media?parent=1902"}],"curies":[{"name":"wp","href":"https:\/\/api.w.org\/{rel}","templated":true}]}}