{"id":30,"date":"2019-03-04T16:02:57","date_gmt":"2019-03-04T16:02:57","guid":{"rendered":"http:\/\/www.mczgroup.it\/?page_id=30"},"modified":"2023-06-28T09:00:25","modified_gmt":"2023-06-28T08:00:25","slug":"mcz-group","status":"publish","type":"page","link":"https:\/\/www.mczgroup.it\/fr\/","title":{"rendered":"Homepage"},"content":{"rendered":"<section class=\"wpb-content-wrapper\"><p>[vc_row][vc_column offset=\u00a0\u00bbvc_hidden-xs\u00a0\u00bb][rev_slider_vc alias=\u00a0\u00bbhomepage\u00a0\u00bb][\/vc_column][vc_column offset=\u00a0\u00bbvc_hidden-lg vc_hidden-md vc_hidden-sm\u00a0\u00bb][vc_raw_html]JTNDcCUzRSUzQ3ZpZGVvJTIwc3R5bGUlM0QlMjJtYXgtd2lkdGglM0ElMjA3NjhweCUyMCUyMWltcG9ydGFudCUzQiUyMiUyMGF1dG9wbGF5JTIwbG9vcCUyMG11dGVkJTNEJTIyJTIyJTIwd2lkdGglM0QlMjIxMDAlMjUlMjIlMjBoZWlnaHQlM0QlMjIxMDAlMjUlMjIlM0UlM0Nzb3VyY2UlMjBzcmMlM0QlMjJodHRwcyUzQSUyRiUyRnd3dy5tY3pncm91cC5pdCUyRmNvcmUlMkZhc3NldHMlMkZtY3pncm91cCUyRnZpZGVvJTJGbG9vcC1ob21lcGFnZS1tY3pncm91cC12Mi5tcDQlMjIlMjB0eXBlJTNEJTIydmlkZW8lMkZtcDQlMjIlMjAlMkYlM0VZb3VyJTIwYnJvd3NlciUyMGRvZXMlMjBub3QlMjBzdXBwb3J0JTIwdGhlJTIwdmlkZW8lMjB0YWcuJTNDJTJGdmlkZW8lM0UlM0MlMkZwJTNF[\/vc_raw_html][\/vc_column][\/vc_row][vc_row][vc_column][vc_column_text]<\/p>\n<h1 style=\"text-align: center;\">MCZ Group en chiffres<\/h1>\n<hr \/>\n<p>[\/vc_column_text][\/vc_column][\/vc_row][vc_row el_class=\u00a0\u00bbrow-scroller1&Prime;][vc_column width=\u00a0\u00bb1\/3&Prime; el_class=\u00a0\u00bbbox-scroller\u00a0\u00bb][vc_column_text]<\/p>\n<h4>Chiffre d\u2019affaires<\/h4>\n<div>\n<p class=\"result\">190<\/p>\n<\/div>\n<h3>millions d\u2019euros<br \/>\nau 31 d\u00e9cembre 2022<\/h3>\n<p>[\/vc_column_text][\/vc_column][vc_column width=\u00a0\u00bb1\/3&Prime; el_class=\u00a0\u00bbbox-scroller\u00a0\u00bb][vc_column_text]<\/p>\n<h4>Employ\u00e9s<\/h4>\n<div>\n<p class=\"result\">673<\/p>\n<\/div>\n<h3>personnes qui<br \/>\ntravaillent avec nous<\/h3>\n<p>[\/vc_column_text][\/vc_column][vc_column width=\u00a0\u00bb1\/3&Prime; el_class=\u00a0\u00bbbox-scroller\u00a0\u00bb][vc_column_text]<\/p>\n<h4>EXPORT<\/h4>\n<div>\n<p class=\"result\">81%<\/p>\n<\/div>\n<h3>pourcentage du chiffre d\u2019affaires r\u00e9alis\u00e9 \u00e0 l\u2019\u00e9tranger<\/h3>\n<p>[\/vc_column_text][\/vc_column][\/vc_row][vc_row][vc_column][vc_column_text]<\/p>\n<p style=\"text-align: center;\">Chiffres agr\u00e9g\u00e9s pour MCZ Group SpA et ses filiales<\/p>\n<p>[\/vc_column_text][\/vc_column][vc_column][vc_empty_space height=\u00a0\u00bb70px\u00a0\u00bb][\/vc_column][\/vc_row][vc_row][vc_column width=\u00a0\u00bb1\/12&Prime;][\/vc_column][vc_column width=\u00a0\u00bb10\/12&Prime;][vc_column_text el_class=\u00a0\u00bbhighlight\u00a0\u00bb]Nous sommes habitu\u00e9s \u00e0 travailler<br \/>\nen ayant bien \u00e0 l\u2019esprit<br \/>\nque ce que nous avons fait hier<br \/>\nne suffira pas demain<br \/>\n&#8211;<br \/>\n<small>Giacomo Zanette, President de MCZ Group<\/small>[\/vc_column_text][\/vc_column][vc_column width=\u00a0\u00bb1\/12&Prime;][\/vc_column][\/vc_row][vc_row][vc_column][vc_empty_space height=\u00a0\u00bb35px\u00a0\u00bb][\/vc_column][\/vc_row][vc_row el_class=\u00a0\u00bbrow-scroller2&Prime;][vc_column width=\u00a0\u00bb1\/3&Prime; el_class=\u00a0\u00bbbox-scroller\u00a0\u00bb][vc_column_text]<\/p>\n<h4>NOS CLIENTS<\/h4>\n<div>\n<p class=\"result small\">100<sup>.000<\/sup><img decoding=\"async\" src=\"https:\/\/www.mczgroup.it\/wp-content\/uploads\/icona-nostri-clienti.png\" alt=\"i nostri clienti\" \/><\/p>\n<\/div>\n<h3>familles qui ont choisi un produit MCZ Group en 2021<\/h3>\n<p>[\/vc_column_text][\/vc_column][vc_column width=\u00a0\u00bb1\/3&Prime; el_class=\u00a0\u00bbbox-scroller\u00a0\u00bb][vc_column_text]<\/p>\n<h4>Notre durabilit\u00e9<\/h4>\n<div>\n<p class=\"result big\">9<sup>.365<\/sup><img decoding=\"async\" src=\"https:\/\/www.mczgroup.it\/wp-content\/uploads\/icona-energia-pulita.png\" alt=\"energia pulita\" \/><\/p>\n<\/div>\n<h3>millions de kWh d\u2019\u00e9nergie \u00e9cologique autoproduite (thermique et \u00e9lectrique)<\/h3>\n<p>[\/vc_column_text][\/vc_column][vc_column width=\u00a0\u00bb1\/3&Prime; el_class=\u00a0\u00bbbox-scroller\u00a0\u00bb][vc_column_text]<\/p>\n<h4>Notre engagement<\/h4>\n<div>\n<p class=\"result big\">3<sup>.430<\/sup> <img decoding=\"async\" src=\"https:\/\/www.mczgroup.it\/wp-content\/uploads\/icona-formazione.png\" alt=\"formazione\" \/><\/p>\n<\/div>\n<h3>heures de formation d\u00e9di\u00e9es \u00e0 la s\u00e9curit\u00e9 en 2022<\/h3>\n<p>[\/vc_column_text][\/vc_column][\/vc_row][vc_row][vc_column][vc_empty_space height=\u00a0\u00bb70px\u00a0\u00bb][\/vc_column][\/vc_row][vc_row][vc_column][vc_column_text]<\/p>\n<h2 class=\"big\" style=\"text-align: center;\">ACTUALIT\u00c9S<\/h2>\n<hr \/>\n<p>[\/vc_column_text][\/vc_column][\/vc_row][vc_row][vc_column][vc_empty_space height=\u00a0\u00bb35px\u00a0\u00bb][\/vc_column][\/vc_row][vc_row][vc_column][vc_basic_grid post_type=\u00a0\u00bbpost\u00a0\u00bb max_items=\u00a0\u00bb3&Prime; element_width=\u00a0\u00bb12&Prime; gap=\u00a0\u00bb0&Prime; item=\u00a0\u00bb100&Prime; initial_loading_animation=\u00a0\u00bbnone\u00a0\u00bb grid_id=\u00a0\u00bbvc_gid:1687939189083-33976b61-13ea-4&Prime;][\/vc_column][\/vc_row][vc_row][vc_column][vc_raw_js]JTNDc2NyaXB0JTIwdHlwZSUzRCUyMnRleHQlMkZqYXZhc2NyaXB0JTIyJTNFJTI4ZnVuY3Rpb24lMjAlMjglMjQlMjklMjAlN0IlMEElMDl2YXIlMjB2aWV3JTIwJTNEJTIwJTdCJTdEJTNCJTBBJTA5ZnVuY3Rpb24lMjBpbml0X3Njcm9sbGVybWF0aW9uJTI4JTI5JTIwJTdCJTBBJTA5JTA5JTBBJTA5JTA5dmFyJTIwc2Nyb2xsZXIxJTIwJTNEJTIwJTI0JTI4JTIyJTIzY29udGVudCUyMC5yb3ctc2Nyb2xsZXIxJTIwLmJveC1zY3JvbGxlciUyMCUzRSUyMC52Y19jb2x1bW4taW5uZXIlMjAlM0UlMjAud3BiX3dyYXBwZXIlMjAlM0UlMjBkaXYlMjIlMjklM0IlMEElMDklMDl2YXIlMjBzY3JvbGxlcjIlMjAlM0QlMjAlMjQlMjglMjIlMjNjb250ZW50JTIwLnJvdy1zY3JvbGxlcjIlMjAuYm94LXNjcm9sbGVyJTIwJTNFJTIwLnZjX2NvbHVtbi1pbm5lciUyMCUzRSUyMC53cGJfd3JhcHBlciUyMCUzRSUyMGRpdiUyMiUyOSUzQiUwQSUwQSUwOSUwOXZhciUyMGVsZW1zJTIwJTNEJTIwJTVCJTBBJTA5JTA5JTA5JTVCc2Nyb2xsZXIxJTJDJTIwc2Nyb2xsZXIxLmZpbmQlMjglMjIucmVzdWx0JTIyJTI5JTVEJTJDJTBBJTA5JTA5JTA5JTVCc2Nyb2xsZXIyJTJDJTIwc2Nyb2xsZXIyLmZpbmQlMjglMjIucmVzdWx0JTIyJTI5JTVEJTBBJTA5JTA5JTBBJTA5JTA5JTVEJTNCJTBBJTBBJTA5JTA5ZnVuY3Rpb24lMjByZXBvc2l0aW9uJTI4JTI5JTIwJTdCJTBBJTA5JTA5JTA5dmFyJTIwc2Nyb2xsVG9wJTIwJTNEJTIwJTI0JTI4d2luZG93JTI5LnNjcm9sbFRvcCUyOCUyOSUzQiUwQSUwOSUwOSUwOSUwQSUwOSUwOSUwOXZhciUyMHdpbmRvd0hlaWdodCUyMCUzRCUyMCUyNCUyOHdpbmRvdyUyOS5oZWlnaHQlMjglMjklM0IlMEElMDklMDklMDl2YXIlMjBtaWRwb2ludCUyMCUzRCUyMCUyOHNjcm9sbFRvcCUyOSUyMCUyQiUyMCUyOHdpbmRvd0hlaWdodCUyMCUyQSUyMDAuOCUyOSUzQiUwQSUwOSUwOSUwOSUyNC5lYWNoJTI4ZWxlbXMlMkMlMjBmdW5jdGlvbiUyMCUyOF8lMkMlMjBhJTI5JTIwJTdCJTBBJTA5JTA5JTA5JTA5dmFyJTIwZWxzJTIwJTNEJTIwYSU1QjAlNUQlM0IlMEElMDklMDklMDklMDklMEElMDklMDklMDklMDl2YXIlMjBhbmltRWxzJTIwJTNEJTIwYSU1QjElNUQlM0IlMEElMDklMDklMDklMDklMEElMDklMDklMDklMDl2YXIlMjBoZWlnaHQlMjAlM0QlMjBlbHMuZmlyc3QlMjglMjkub3V0ZXJIZWlnaHQlMjglMjklM0IlMEElMDklMDklMDklMDklMEElMDklMDklMDklMDl2YXIlMjB0b3AlMjAlM0QlMjBlbHMub2Zmc2V0JTI4JTI5LnRvcCUzQiUwQSUwOSUwOSUwOSUwQSUwOSUwOSUwOSUwOXZhciUyMG0lMjAlM0QlMjBNYXRoLm1heCUyODAlMkMlMjBoZWlnaHQlMjAtJTIwJTI4bWlkcG9pbnQlMjAtJTIwdG9wJTI5JTI5JTNCJTBBJTA5JTA5JTA5JTA5JTA5JTJGJTJGY29uc29sZS5sb2clMjhtJTI5JTNCJTBBJTA5JTA5JTA5JTA5YW5pbUVscy5jc3MlMjglN0IlMEElMDklMDklMDklMDklMDklMEElMDklMDklMDklMDklMDlwb3NpdGlvbiUzQSUyMCUyN3JlbGF0aXZlJTI3JTJDJTBBJTA5JTA5JTA5JTA5JTA5dG9wJTNBJTIwJTI4bSUyMCUyQSUyMDEuNSUyOSUwQSUwOSUwOSUwOSUwOSU3RCUyOSUzQiUwQSUwOSUwOSUwOSU3RCUyOSUzQiUwQSUwOSUwOSU3RCUwQSUwOSUwOSUyNCUyOHdpbmRvdyUyOS5zY3JvbGwlMjhyZXBvc2l0aW9uJTI5LnJlc2l6ZSUyOHJlcG9zaXRpb24lMjklM0IlMEElMDklMDklMjQlMjh2aWV3JTI5LmJpbmQlMjglMjJ0cmFuc2l0aW9uJTIyJTJDJTIwcmVwb3NpdGlvbiUyOSUzQiUwQSUwOSU3RCUwQSUwQSUwOSUyNCUyOGZ1bmN0aW9uJTIwJTI4JTI5JTIwJTdCJTBBJTIwJTIwJTIwJTIwJTIwJTIwJTIwJTIwJTIwJTIwJTIwJTIwaWYlMjAlMjglMjBqUXVlcnklMjh3aW5kb3clMjkud2lkdGglMjglMjklMjAlM0UlMjA3NjclMjklMjAlN0IlMEElMDklMDlpbml0X3Njcm9sbGVybWF0aW9uJTI4JTI5JTNCJTBBJTIwJTIwJTIwJTIwJTIwJTIwJTIwJTIwJTIwJTIwJTIwJTIwJTdEJTBBJTA5JTdEJTI5JTBBJTA5JTBBJTdEJTI5JTI4alF1ZXJ5JTI5JTNCJTBBJTIwJTNDJTJGc2NyaXB0JTNF[\/vc_raw_js][\/vc_column][\/vc_row]<\/p>\n<\/section>","protected":false},"excerpt":{"rendered":"<p>[vc_row][vc_column offset=\u00a0\u00bbvc_hidden-xs\u00a0\u00bb][rev_slider_vc alias=\u00a0\u00bbhomepage\u00a0\u00bb][\/vc_column][vc_column offset=\u00a0\u00bbvc_hidden-lg vc_hidden-md vc_hidden-sm\u00a0\u00bb][vc_raw_html]JTNDcCUzRSUzQ3ZpZGVvJTIwc3R5bGUlM0QlMjJtYXgtd2lkdGglM0ElMjA3NjhweCUyMCUyMWltcG9ydGFudCUzQiUyMiUyMGF1dG9wbGF5JTIwbG9vcCUyMG11dGVkJTNEJTIyJTIyJTIwd2lkdGglM0QlMjIxMDAlMjUlMjIlMjBoZWlnaHQlM0QlMjIxMDAlMjUlMjIlM0UlM0Nzb3VyY2UlMjBzcmMlM0QlMjJodHRwcyUzQSUyRiUyRnd3dy5tY3pncm91cC5pdCUyRmNvcmUlMkZhc3NldHMlMkZtY3pncm91cCUyRnZpZGVvJTJGbG9vcC1ob21lcGFnZS1tY3pncm91cC12Mi5tcDQlMjIlMjB0eXBlJTNEJTIydmlkZW8lMkZtcDQlMjIlMjAlMkYlM0VZb3VyJTIwYnJvd3NlciUyMGRvZXMlMjBub3QlMjBzdXBwb3J0JTIwdGhlJTIwdmlkZW8lMjB0YWcuJTNDJTJGdmlkZW8lM0UlM0MlMkZwJTNF[\/vc_raw_html][\/vc_column][\/vc_row][vc_row][vc_column][vc_column_text] MCZ Group en chiffres [\/vc_column_text][\/vc_column][\/vc_row][vc_row el_class=\u00a0\u00bbrow-scroller1&Prime;][vc_column width=\u00a0\u00bb1\/3&Prime; el_class=\u00a0\u00bbbox-scroller\u00a0\u00bb][vc_column_text] Chiffre d\u2019affaires 190 millions d\u2019euros au 31 d\u00e9cembre 2022 [\/vc_column_text][\/vc_column][vc_column width=\u00a0\u00bb1\/3&Prime; el_class=\u00a0\u00bbbox-scroller\u00a0\u00bb][vc_column_text] Employ\u00e9s 673 personnes qui travaillent avec nous [\/vc_column_text][\/vc_column][vc_column width=\u00a0\u00bb1\/3&Prime; el_class=\u00a0\u00bbbox-scroller\u00a0\u00bb][vc_column_text] EXPORT 81% pourcentage du chiffre d\u2019affaires r\u00e9alis\u00e9 \u00e0 l\u2019\u00e9tranger [\/vc_column_text][\/vc_column][\/vc_row][vc_row][vc_column][vc_column_text] Chiffres agr\u00e9g\u00e9s pour MCZ Group SpA et ses filiales [&hellip;]<\/p>\n","protected":false},"author":1,"featured_media":0,"parent":0,"menu_order":0,"comment_status":"closed","ping_status":"closed","template":"","meta":[],"yoast_head":"<!-- This site is optimized with the Yoast SEO plugin v20.7 - https:\/\/yoast.com\/wordpress\/plugins\/seo\/ -->\n<title>Homepage - Mcz Group<\/title>\n<meta name=\"description\" content=\"Le Groupe MCZ repr\u00e9sente, avec ses diff\u00e9rentes marques, tous les types d&#039;utilisation du feu (Chemin\u00e9es, Po\u00eales, Chaudi\u00e8res, Cuisini\u00e8res, Barbecues)\" \/>\n<meta name=\"robots\" content=\"index, follow, max-snippet:-1, max-image-preview:large, max-video-preview:-1\" \/>\n<link rel=\"canonical\" href=\"https:\/\/www.mczgroup.it\/fr\/\" \/>\n<meta property=\"og:locale\" content=\"fr_FR\" \/>\n<meta property=\"og:type\" content=\"article\" \/>\n<meta property=\"og:title\" content=\"Homepage - Mcz Group\" \/>\n<meta property=\"og:description\" content=\"Le Groupe MCZ repr\u00e9sente, avec ses diff\u00e9rentes marques, tous les types d&#039;utilisation du feu (Chemin\u00e9es, Po\u00eales, Chaudi\u00e8res, Cuisini\u00e8res, Barbecues)\" \/>\n<meta property=\"og:url\" content=\"https:\/\/www.mczgroup.it\/fr\/\" \/>\n<meta property=\"og:site_name\" content=\"Mcz Group\" \/>\n<meta property=\"article:modified_time\" content=\"2023-06-28T08:00:25+00:00\" \/>\n<meta property=\"og:image\" content=\"https:\/\/www.mczgroup.it\/wp-content\/uploads\/icona-nostri-clienti.png\" \/>\n<meta name=\"twitter:card\" content=\"summary_large_image\" \/>\n<meta name=\"twitter:label1\" content=\"Dur\u00e9e de lecture estim\u00e9e\" \/>\n\t<meta name=\"twitter:data1\" content=\"2 minutes\" \/>\n<script type=\"application\/ld+json\" class=\"yoast-schema-graph\">{\"@context\":\"https:\/\/schema.org\",\"@graph\":[{\"@type\":\"WebPage\",\"@id\":\"https:\/\/www.mczgroup.it\/fr\/\",\"url\":\"https:\/\/www.mczgroup.it\/fr\/\",\"name\":\"Homepage - Mcz Group\",\"isPartOf\":{\"@id\":\"https:\/\/www.mczgroup.it\/it\/#website\"},\"datePublished\":\"2019-03-04T16:02:57+00:00\",\"dateModified\":\"2023-06-28T08:00:25+00:00\",\"description\":\"Le Groupe MCZ repr\u00e9sente, avec ses diff\u00e9rentes marques, tous les types d'utilisation du feu (Chemin\u00e9es, Po\u00eales, Chaudi\u00e8res, Cuisini\u00e8res, Barbecues)\",\"breadcrumb\":{\"@id\":\"https:\/\/www.mczgroup.it\/fr\/#breadcrumb\"},\"inLanguage\":\"fr-FR\",\"potentialAction\":[{\"@type\":\"ReadAction\",\"target\":[\"https:\/\/www.mczgroup.it\/fr\/\"]}]},{\"@type\":\"BreadcrumbList\",\"@id\":\"https:\/\/www.mczgroup.it\/fr\/#breadcrumb\",\"itemListElement\":[{\"@type\":\"ListItem\",\"position\":1,\"name\":\"MCZ GROUP\",\"item\":\"https:\/\/www.mczgroup.it\/fr\/\"},{\"@type\":\"ListItem\",\"position\":2,\"name\":\"Homepage\"}]},{\"@type\":\"WebSite\",\"@id\":\"https:\/\/www.mczgroup.it\/it\/#website\",\"url\":\"https:\/\/www.mczgroup.it\/it\/\",\"name\":\"Mcz Group\",\"description\":\"\",\"potentialAction\":[{\"@type\":\"SearchAction\",\"target\":{\"@type\":\"EntryPoint\",\"urlTemplate\":\"https:\/\/www.mczgroup.it\/it\/?s={search_term_string}\"},\"query-input\":\"required name=search_term_string\"}],\"inLanguage\":\"fr-FR\"}]}<\/script>\n<!-- \/ Yoast SEO plugin. -->","yoast_head_json":{"title":"Homepage - Mcz Group","description":"Le Groupe MCZ repr\u00e9sente, avec ses diff\u00e9rentes marques, tous les types d'utilisation du feu (Chemin\u00e9es, Po\u00eales, Chaudi\u00e8res, Cuisini\u00e8res, Barbecues)","robots":{"index":"index","follow":"follow","max-snippet":"max-snippet:-1","max-image-preview":"max-image-preview:large","max-video-preview":"max-video-preview:-1"},"canonical":"https:\/\/www.mczgroup.it\/fr\/","og_locale":"fr_FR","og_type":"article","og_title":"Homepage - Mcz Group","og_description":"Le Groupe MCZ repr\u00e9sente, avec ses diff\u00e9rentes marques, tous les types d'utilisation du feu (Chemin\u00e9es, Po\u00eales, Chaudi\u00e8res, Cuisini\u00e8res, Barbecues)","og_url":"https:\/\/www.mczgroup.it\/fr\/","og_site_name":"Mcz Group","article_modified_time":"2023-06-28T08:00:25+00:00","og_image":[{"url":"https:\/\/www.mczgroup.it\/wp-content\/uploads\/icona-nostri-clienti.png"}],"twitter_card":"summary_large_image","twitter_misc":{"Dur\u00e9e de lecture estim\u00e9e":"2 minutes"},"schema":{"@context":"https:\/\/schema.org","@graph":[{"@type":"WebPage","@id":"https:\/\/www.mczgroup.it\/fr\/","url":"https:\/\/www.mczgroup.it\/fr\/","name":"Homepage - Mcz Group","isPartOf":{"@id":"https:\/\/www.mczgroup.it\/it\/#website"},"datePublished":"2019-03-04T16:02:57+00:00","dateModified":"2023-06-28T08:00:25+00:00","description":"Le Groupe MCZ repr\u00e9sente, avec ses diff\u00e9rentes marques, tous les types d'utilisation du feu (Chemin\u00e9es, Po\u00eales, Chaudi\u00e8res, Cuisini\u00e8res, Barbecues)","breadcrumb":{"@id":"https:\/\/www.mczgroup.it\/fr\/#breadcrumb"},"inLanguage":"fr-FR","potentialAction":[{"@type":"ReadAction","target":["https:\/\/www.mczgroup.it\/fr\/"]}]},{"@type":"BreadcrumbList","@id":"https:\/\/www.mczgroup.it\/fr\/#breadcrumb","itemListElement":[{"@type":"ListItem","position":1,"name":"MCZ GROUP","item":"https:\/\/www.mczgroup.it\/fr\/"},{"@type":"ListItem","position":2,"name":"Homepage"}]},{"@type":"WebSite","@id":"https:\/\/www.mczgroup.it\/it\/#website","url":"https:\/\/www.mczgroup.it\/it\/","name":"Mcz Group","description":"","potentialAction":[{"@type":"SearchAction","target":{"@type":"EntryPoint","urlTemplate":"https:\/\/www.mczgroup.it\/it\/?s={search_term_string}"},"query-input":"required name=search_term_string"}],"inLanguage":"fr-FR"}]}},"_links":{"self":[{"href":"https:\/\/www.mczgroup.it\/fr\/wp-json\/wp\/v2\/pages\/30"}],"collection":[{"href":"https:\/\/www.mczgroup.it\/fr\/wp-json\/wp\/v2\/pages"}],"about":[{"href":"https:\/\/www.mczgroup.it\/fr\/wp-json\/wp\/v2\/types\/page"}],"author":[{"embeddable":true,"href":"https:\/\/www.mczgroup.it\/fr\/wp-json\/wp\/v2\/users\/1"}],"replies":[{"embeddable":true,"href":"https:\/\/www.mczgroup.it\/fr\/wp-json\/wp\/v2\/comments?post=30"}],"version-history":[{"count":16,"href":"https:\/\/www.mczgroup.it\/fr\/wp-json\/wp\/v2\/pages\/30\/revisions"}],"predecessor-version":[{"id":3281,"href":"https:\/\/www.mczgroup.it\/fr\/wp-json\/wp\/v2\/pages\/30\/revisions\/3281"}],"wp:attachment":[{"href":"https:\/\/www.mczgroup.it\/fr\/wp-json\/wp\/v2\/media?parent=30"}],"curies":[{"name":"wp","href":"https:\/\/api.w.org\/{rel}","templated":true}]}}