{"id":3191,"date":"2023-05-05T11:04:33","date_gmt":"2023-05-05T10:04:33","guid":{"rendered":"https:\/\/www.mczgroup.it\/?page_id=3191"},"modified":"2023-05-05T11:04:33","modified_gmt":"2023-05-05T10:04:33","slug":"informativa-sul-trattamento-dei-dati-personali-career","status":"publish","type":"page","link":"https:\/\/www.mczgroup.it\/it\/informativa-sul-trattamento-dei-dati-personali-career\/","title":{"rendered":"Informativa sul trattamento dei dati personali &#8211; Career"},"content":{"rendered":"<p><strong>1. TITOLARE DEL TRATTAMENTO<\/strong><\/p>\n<p style=\"text-align: justify;\">Titolare del trattamento dei dati personali \u00e8 la societ\u00e0 MCZ Group S.p.A. (di seguito anche \u201cTitolare\u201d), cha ha sede legale a Vigonovo di Fontanafredda (PN) in Via La Croce, 8 e che pu\u00f2 essere contattata per questioni attinenti alla protezione dei dati personali all&#8217;indirizzo di posta elettronica <a href=\"mailto:privacy@mcz.it\">privacy@mcz.it<\/a>.<br \/>\nPer offrire ai propri candidati una gestione trasversale delle candidature, MCZ Group S.p.A. ha stretto accordi con la societ\u00e0 Cadel S.r.l. (indicata di seguito anche come &#8220;Contitolare&#8221;), che ha sede a Santa Lucia di Piave (TV) in Via Martiri della Libert\u00e0, 74, con la quale condivide dati personali dei candidati. Nell&#8217;esecuzione delle predette attivit\u00e0 MCZ Group S.p.A. e Cadel S.r.l. operano in qualit\u00e0 di contitolari del trattamento (nel prosieguo dell&#8217;informativa allorch\u00e9 verr\u00e0 utilizzata l\u2019espressione \u201cContitolari\u201d si far\u00e0 quindi riferimento congiuntamente alle due societ\u00e0). In ossequio alle disposizioni dell&#8217;art. 26 del GDPR le due societ\u00e0 hanno concluso un accordo per disciplinare i rispettivi ruoli e responsabilit\u00e0 nei confronti dei soggetti interessati, un estratto del quale pu\u00f2 essere richiesto alla MCZ Group S.p.A. ai recapiti indicati sopra.<br \/>\nMCZ Group S.p.A. ha nominato un responsabile protezione dati (DPO) che risponde alla mail <a href=\"mailto:dpo@mcz.it\">dpo@mcz.it<\/a>;<br \/>\nCadel S.r.l. ha nominato un responsabile protezione dati (DPO) che risponde alla mail <a href=\"mailto:dpo@cadelsrl.it\">dpo@cadelsrl.it<\/a>.<\/p>\n<p>&nbsp;<\/p>\n<p><strong>2. CATEGORIE DI DATI PERSONALI TRATTATI<\/strong><\/p>\n<p style=\"text-align: justify;\">Per la selezione del personale potranno essere trattati dati forniti spontaneamente dal candidato e quelli raccolti attraverso il modulo presente nel sito internet del Titolare (come, ad esempio, nome, cognome, residenza, data e luogo di nascita, recapiti telefonici e telematici, esperienze scolastiche, professionali e lavorative).<\/p>\n<p>&nbsp;<\/p>\n<p><strong>3. FINALIT\u00c0, BASE GIURIDICA E PERIODO DI CONSERVAZIONE<\/strong><\/p>\n<p style=\"text-align: justify;\">I dati personali saranno trattati dai contitolari per le finalit\u00e0 ed alle condizioni riportate di seguito.<\/p>\n<table>\n<tbody>\n<tr>\n<td style=\"text-align: center;\"><strong>FINALIT\u00c0<\/strong><\/td>\n<td style=\"text-align: center;\"><strong>BASE GIURIDICA<\/strong><\/td>\n<td style=\"text-align: center;\"><strong>PERIODO DI CONSERVAZIONEDEI DATI<\/strong><\/td>\n<\/tr>\n<tr>\n<td style=\"text-align: center;\">Ricerca di personale: per il reclutamento e la selezione di candidati al fine dell\u2019eventuale instaurazione di un rapporto di lavoro.<\/td>\n<td style=\"text-align: center;\">Esecuzione di misure precontrattuali.<br \/>\nLegittimo Interesse per la conservazione ad ulteriori 24 mesi.<\/td>\n<td style=\"text-align: center;\">Il periodo di conservazione dei dati \u00e8 di 24 mesi dal loro conferimento. Successivamente un limitato set di dati (Dati identificativi, feedback ed esito del colloquio) saranno conservati per ulteriori 24 mesi.<\/td>\n<\/tr>\n<\/tbody>\n<\/table>\n<p>&nbsp;<\/p>\n<p><strong>4. NECESSIT\u00c0 DEI DATI<\/strong><\/p>\n<p style=\"text-align: justify;\">Nel caso il candidato rifiutasse di fornire i dati richiesti per la selezione, il Titolare non sar\u00e0 in grado di valutare la sua candidatura.<\/p>\n<p>&nbsp;<\/p>\n<p><strong>5. CATEGORIE DI DESTINATARI DEI DATI PERSONALI<\/strong><\/p>\n<p style=\"text-align: justify;\">I dati personali dei candidati saranno trattati dagli incaricati del Titolare alla selezione del personale, nonch\u00e9, eventualmente, da professionisti o societ\u00e0 esterne cui lo stesso abbia demandato tale attivit\u00e0.<\/p>\n<p>&nbsp;<\/p>\n<p><strong>6. TRASFERIMENTO DEI DATI VERSO PAESI TERZI<\/strong><\/p>\n<p style=\"text-align: justify;\">I dati personali trattati dal Titolare potranno essere trasferiti, esclusivamente per il perseguimento delle finalit\u00e0 indicate sopra, a societ\u00e0 con sede negli Stati Uniti d\u2019America (USA). Tale trasferimento avverr\u00e0 esclusivamente a seguito della sottoscrizione tra MCZ Group S.p.A. e le societ\u00e0 destinatarie dei dati di accordi contrattuali tipo (S.C.C.) adottate dalla Commissione dell\u2019Unione Europea (art. 46, comma II, lettere C e D del GDPR).<\/p>\n<p>&nbsp;<\/p>\n<p><strong>7. DIRITTI DEGLI INTERESSATI<\/strong><\/p>\n<p style=\"text-align: justify;\">In relazione ai dati personali conferiti, i soggetti interessati hanno in qualunque momento il diritto di chiedere: la conferma che sia o meno in corso un trattamento di dati personali che li riguardano e, in tal caso, di ottenere l\u2019accesso ai dati ed una copia degli stessi (art. 15 GDPR); la rettifica di eventuali dati personali inesatti o l\u2019integrazione di quelli incompleti (art. 16 GDPR); nei casi specificamente previsti dalla normativa, la cancellazione dei dati (art. 17 GDPR), la limitazione del loro trattamento (art. 18 GDPR) e l&#8217;opposizione al trattamento (art. 21 GDPR).<br \/>\nPer esercitare tali diritti, gli interessati possono inviare le loro richieste via posta elettronica al Titolare all&#8217;indirizzo <a href=\"mailto:privacy@mcz.it\">privacy@mcz.it<\/a>. In alternativa gli interessati possono utilizzare i recapiti di posta ordinaria indicati al punto 1 della presente informativa.<br \/>\nOve gli interessati dovessero ritenere che siano stati violati diritti loro riconosciuti dalla normativa sulla protezione dei dati personali possono presentare reclamo all&#8217;Autorit\u00e0 garante (<a href=\"https:\/\/www.garanteprivacy.it\/\">www.garanteprivacy.it<\/a>) ai sensi e per gli effetti di cui all&#8217;art. 77 GDPR.<\/p>\n","protected":false},"excerpt":{"rendered":"<p>1. TITOLARE DEL TRATTAMENTO Titolare del trattamento dei dati personali \u00e8 la societ\u00e0 MCZ Group S.p.A. (di seguito anche \u201cTitolare\u201d), cha ha sede legale a Vigonovo di Fontanafredda (PN) in Via La Croce, 8 e che pu\u00f2 essere contattata per questioni attinenti alla protezione dei dati personali all&#8217;indirizzo di posta elettronica privacy@mcz.it. Per offrire ai [&hellip;]<\/p>\n","protected":false},"author":9,"featured_media":0,"parent":0,"menu_order":0,"comment_status":"closed","ping_status":"closed","template":"","meta":[],"yoast_head":"<!-- This site is optimized with the Yoast SEO plugin v20.7 - https:\/\/yoast.com\/wordpress\/plugins\/seo\/ -->\n<title>Informativa sul trattamento dei dati personali - Career - Mcz Group<\/title>\n<meta name=\"robots\" content=\"index, follow, max-snippet:-1, max-image-preview:large, max-video-preview:-1\" \/>\n<link rel=\"canonical\" href=\"https:\/\/www.mczgroup.it\/it\/informativa-sul-trattamento-dei-dati-personali-career\/\" \/>\n<meta property=\"og:locale\" content=\"it_IT\" \/>\n<meta property=\"og:type\" content=\"article\" \/>\n<meta property=\"og:title\" content=\"Informativa sul trattamento dei dati personali - Career - Mcz Group\" \/>\n<meta property=\"og:description\" content=\"1. TITOLARE DEL TRATTAMENTO Titolare del trattamento dei dati personali \u00e8 la societ\u00e0 MCZ Group S.p.A. (di seguito anche \u201cTitolare\u201d), cha ha sede legale a Vigonovo di Fontanafredda (PN) in Via La Croce, 8 e che pu\u00f2 essere contattata per questioni attinenti alla protezione dei dati personali all&#8217;indirizzo di posta elettronica privacy@mcz.it. Per offrire ai [&hellip;]\" \/>\n<meta property=\"og:url\" content=\"https:\/\/www.mczgroup.it\/it\/informativa-sul-trattamento-dei-dati-personali-career\/\" \/>\n<meta property=\"og:site_name\" content=\"Mcz Group\" \/>\n<meta name=\"twitter:card\" content=\"summary_large_image\" \/>\n<script type=\"application\/ld+json\" class=\"yoast-schema-graph\">{\"@context\":\"https:\/\/schema.org\",\"@graph\":[{\"@type\":\"WebPage\",\"@id\":\"https:\/\/www.mczgroup.it\/it\/informativa-sul-trattamento-dei-dati-personali-career\/\",\"url\":\"https:\/\/www.mczgroup.it\/it\/informativa-sul-trattamento-dei-dati-personali-career\/\",\"name\":\"Informativa sul trattamento dei dati personali - Career - Mcz Group\",\"isPartOf\":{\"@id\":\"https:\/\/www.mczgroup.it\/it\/#website\"},\"datePublished\":\"2023-05-05T10:04:33+00:00\",\"dateModified\":\"2023-05-05T10:04:33+00:00\",\"breadcrumb\":{\"@id\":\"https:\/\/www.mczgroup.it\/it\/informativa-sul-trattamento-dei-dati-personali-career\/#breadcrumb\"},\"inLanguage\":\"it-IT\",\"potentialAction\":[{\"@type\":\"ReadAction\",\"target\":[\"https:\/\/www.mczgroup.it\/it\/informativa-sul-trattamento-dei-dati-personali-career\/\"]}]},{\"@type\":\"BreadcrumbList\",\"@id\":\"https:\/\/www.mczgroup.it\/it\/informativa-sul-trattamento-dei-dati-personali-career\/#breadcrumb\",\"itemListElement\":[{\"@type\":\"ListItem\",\"position\":1,\"name\":\"MCZ GROUP\",\"item\":\"https:\/\/www.mczgroup.it\/it\/\"},{\"@type\":\"ListItem\",\"position\":2,\"name\":\"Informativa sul trattamento dei dati personali &#8211; Career\"}]},{\"@type\":\"WebSite\",\"@id\":\"https:\/\/www.mczgroup.it\/it\/#website\",\"url\":\"https:\/\/www.mczgroup.it\/it\/\",\"name\":\"Mcz Group\",\"description\":\"\",\"potentialAction\":[{\"@type\":\"SearchAction\",\"target\":{\"@type\":\"EntryPoint\",\"urlTemplate\":\"https:\/\/www.mczgroup.it\/it\/?s={search_term_string}\"},\"query-input\":\"required name=search_term_string\"}],\"inLanguage\":\"it-IT\"}]}<\/script>\n<!-- \/ Yoast SEO plugin. -->","yoast_head_json":{"title":"Informativa sul trattamento dei dati personali - Career - Mcz Group","robots":{"index":"index","follow":"follow","max-snippet":"max-snippet:-1","max-image-preview":"max-image-preview:large","max-video-preview":"max-video-preview:-1"},"canonical":"https:\/\/www.mczgroup.it\/it\/informativa-sul-trattamento-dei-dati-personali-career\/","og_locale":"it_IT","og_type":"article","og_title":"Informativa sul trattamento dei dati personali - Career - Mcz Group","og_description":"1. TITOLARE DEL TRATTAMENTO Titolare del trattamento dei dati personali \u00e8 la societ\u00e0 MCZ Group S.p.A. (di seguito anche \u201cTitolare\u201d), cha ha sede legale a Vigonovo di Fontanafredda (PN) in Via La Croce, 8 e che pu\u00f2 essere contattata per questioni attinenti alla protezione dei dati personali all&#8217;indirizzo di posta elettronica privacy@mcz.it. Per offrire ai [&hellip;]","og_url":"https:\/\/www.mczgroup.it\/it\/informativa-sul-trattamento-dei-dati-personali-career\/","og_site_name":"Mcz Group","twitter_card":"summary_large_image","schema":{"@context":"https:\/\/schema.org","@graph":[{"@type":"WebPage","@id":"https:\/\/www.mczgroup.it\/it\/informativa-sul-trattamento-dei-dati-personali-career\/","url":"https:\/\/www.mczgroup.it\/it\/informativa-sul-trattamento-dei-dati-personali-career\/","name":"Informativa sul trattamento dei dati personali - Career - Mcz Group","isPartOf":{"@id":"https:\/\/www.mczgroup.it\/it\/#website"},"datePublished":"2023-05-05T10:04:33+00:00","dateModified":"2023-05-05T10:04:33+00:00","breadcrumb":{"@id":"https:\/\/www.mczgroup.it\/it\/informativa-sul-trattamento-dei-dati-personali-career\/#breadcrumb"},"inLanguage":"it-IT","potentialAction":[{"@type":"ReadAction","target":["https:\/\/www.mczgroup.it\/it\/informativa-sul-trattamento-dei-dati-personali-career\/"]}]},{"@type":"BreadcrumbList","@id":"https:\/\/www.mczgroup.it\/it\/informativa-sul-trattamento-dei-dati-personali-career\/#breadcrumb","itemListElement":[{"@type":"ListItem","position":1,"name":"MCZ GROUP","item":"https:\/\/www.mczgroup.it\/it\/"},{"@type":"ListItem","position":2,"name":"Informativa sul trattamento dei dati personali &#8211; Career"}]},{"@type":"WebSite","@id":"https:\/\/www.mczgroup.it\/it\/#website","url":"https:\/\/www.mczgroup.it\/it\/","name":"Mcz Group","description":"","potentialAction":[{"@type":"SearchAction","target":{"@type":"EntryPoint","urlTemplate":"https:\/\/www.mczgroup.it\/it\/?s={search_term_string}"},"query-input":"required name=search_term_string"}],"inLanguage":"it-IT"}]}},"_links":{"self":[{"href":"https:\/\/www.mczgroup.it\/it\/wp-json\/wp\/v2\/pages\/3191"}],"collection":[{"href":"https:\/\/www.mczgroup.it\/it\/wp-json\/wp\/v2\/pages"}],"about":[{"href":"https:\/\/www.mczgroup.it\/it\/wp-json\/wp\/v2\/types\/page"}],"author":[{"embeddable":true,"href":"https:\/\/www.mczgroup.it\/it\/wp-json\/wp\/v2\/users\/9"}],"replies":[{"embeddable":true,"href":"https:\/\/www.mczgroup.it\/it\/wp-json\/wp\/v2\/comments?post=3191"}],"version-history":[{"count":1,"href":"https:\/\/www.mczgroup.it\/it\/wp-json\/wp\/v2\/pages\/3191\/revisions"}],"predecessor-version":[{"id":3192,"href":"https:\/\/www.mczgroup.it\/it\/wp-json\/wp\/v2\/pages\/3191\/revisions\/3192"}],"wp:attachment":[{"href":"https:\/\/www.mczgroup.it\/it\/wp-json\/wp\/v2\/media?parent=3191"}],"curies":[{"name":"wp","href":"https:\/\/api.w.org\/{rel}","templated":true}]}}