{"id":3203,"date":"2023-05-08T13:52:09","date_gmt":"2023-05-08T12:52:09","guid":{"rendered":"https:\/\/www.mczgroup.it\/?page_id=3203"},"modified":"2023-05-08T14:19:10","modified_gmt":"2023-05-08T13:19:10","slug":"privacy-policy","status":"publish","type":"page","link":"https:\/\/www.mczgroup.it\/it\/visite-esterni-in-azienda\/privacy-policy\/","title":{"rendered":"Visite esterni in azienda &#8211; Privacy Policy"},"content":{"rendered":"<section class=\"wpb-content-wrapper\"><p>[vc_row][vc_column][vc_empty_space height=&#8221;50px&#8221;][\/vc_column][\/vc_row][vc_row][vc_column][vc_column_text]<strong>INFORMATIVA SUL TRATTAMENTO DEI DATI PERSONALI <\/strong><\/p>\n<p>Egr. Sig.\/Gent.ma Sig.ra,<\/p>\n<p>MCZ Group S.p.A., Via La Croce 8 \u2013 33074 Vigonovo di Fontanafredda (PN) in qualit\u00e0 di titolare del trattamento dei dati personali (di seguito \u201cTitolare\u201d), rilascia la presente informativa all\u2019Interessato nel rispetto della disciplina europea e italiana in materia di protezione dei dati personali.<\/p>\n<p>Il Titolare ha nominato un responsabile della protezione dei dati (DPO), che l\u2019Interessato potr\u00e0 contattare scrivendo al seguente recapito: dpo@mcz.it<\/p>\n<p><strong><u>Finalit\u00e0 e base giuridica del trattamento<\/u><\/strong><\/p>\n<p>Il Titolare tratta i dati personali per il perseguimento dei propri legittimi interessi e, in particolare, per le seguenti finalit\u00e0:<\/p>\n<ul>\n<li>protezione dell\u2019incolumit\u00e0 degli individui e conseguente necessit\u00e0 di censire gli accessi e le presenze nella struttura e negli ambienti aziendali in modo continuativo, anche ai fini di poter in ogni momento conoscere il numero, l\u2019identit\u00e0 e l\u2019ubicazione delle persone ai fini legati alla sicurezza negli ambienti di lavoro (evacuazioni in caso di emergenze, calamit\u00e0, ecc.);<\/li>\n<li>tutela del patrimonio aziendale;<\/li>\n<li>protezione dell\u2019incolumit\u00e0 della propriet\u00e0 rispetto a possibili aggressioni, furti, rapine o atti di vandalismo;<\/li>\n<li>eventuale difesa dei diritti in sede giudiziaria.<\/li>\n<\/ul>\n<p>La base giuridica che giustifica il trattamento dei dati \u00e8 la necessit\u00e0 per il perseguimento delle sopra esposte finalit\u00e0.<\/p>\n<p><strong><u>Periodo di conservazione dei dati<\/u><\/strong><\/p>\n<p>Il Titolare tratter\u00e0 i Suoi dati, per il periodo di tempo strettamente necessario al raggiungimento delle finalit\u00e0 sopra indicate: di regola per 15 giorni, fatta salva l\u2019ulteriore conservazione a fronte di eventuali specifiche esigenze di difesa dei diritti in sede giudiziaria e richieste dell\u2019Autorit\u00e0 Giudiziaria o di polizia giudiziaria in relazione ad attivit\u00e0 investigative in corso. Al termine del periodo di conservazione previsto, i Suoi dati sono cancellati dai documenti cartacei nonch\u00e9 dai supporti elettronici, informatici o magnetici.<\/p>\n<p><strong><u>Natura del conferimento dei dati e conseguenze in caso di rifiuto<\/u><\/strong><\/p>\n<p>Il conferimento dei Suoi dati personali \u00e8 necessario per l\u2019accesso alla struttura. Pertanto, l&#8217;eventuale rifiuto a fornirli in tutto o in parte impedisce l\u2019accesso allo stabilimento e\/o alla sede del Titolare.<\/p>\n<p><strong><u>Categorie di destinatari<\/u><\/strong><\/p>\n<p>I dati possono essere oggetto di trattamento esclusivamente da parte del personale appositamente autorizzato dal Titolare o dalle societ\u00e0 esterne che, in qualit\u00e0 di responsabili del trattamento, collaborano alla manutenzione degli impianti ed alle attivit\u00e0 di vigilanza privata, nonch\u00e9 ai consulenti che assisteranno il Titolare in eventuali procedimenti giudiziari.<\/p>\n<p><strong><u>Trasferimento dati verso un Paese terzo e\/o un\u2019organizzazione internazionale<\/u><\/strong><\/p>\n<p>I dati personali non saranno oggetto di trasferimento n\u00e9 verso Paesi terzi non europei n\u00e9 verso organizzazioni internazionali.<\/p>\n<p><strong><u>Diritti degli interessati <\/u><\/strong><\/p>\n<p>L\u2019interessato ha il diritto di chiedere al Titolare di accedere ai propri dati personali e di rettificarli se inesatti, di cancellarli o limitarne il trattamento se ne ricorrono i presupposti, di opporsi al loro trattamento per legittimi interessi perseguiti dal Titolare, nonch\u00e9 di ottenere la portabilit\u00e0 dei dati personalmente forniti solo se oggetto di un trattamento automatizzato basato sul consenso o sul contratto. L\u2019interessato ha altres\u00ec il diritto di revocare il consenso prestato per le finalit\u00e0 di trattamento che lo richiedono, ferma restando la liceit\u00e0 del trattamento effettuato sino al momento della revoca.<\/p>\n<p>Per esercitare i propri diritti, l\u2019Interessato pu\u00f2 utilizzare il modulo disponibile al link <a href=\"https:\/\/www.garanteprivacy.it\/web\/guest\/home\/docweb\/-\/docweb-display\/docweb\/1089924\">https:\/\/www.garanteprivacy.it\/web\/guest\/home\/docweb\/-\/docweb-display\/docweb\/1089924<\/a> e inoltrarlo al seguente recapito: <a href=\"mailto:privacy@mcz.it\">privacy@mcz.it<\/a> . L\u2019Interessato ha anche il diritto di proporre reclamo all\u2019autorit\u00e0 di controllo competente in materia, Garante per la protezione dei dati personali (<a href=\"http:\/\/www.garanteprivacy.it\">www.garanteprivacy.it<\/a>).[\/vc_column_text][\/vc_column][\/vc_row]<\/p>\n<\/section>","protected":false},"excerpt":{"rendered":"<p>[vc_row][vc_column][vc_empty_space height=&#8221;50px&#8221;][\/vc_column][\/vc_row][vc_row][vc_column][vc_column_text]INFORMATIVA SUL TRATTAMENTO DEI DATI PERSONALI Egr. Sig.\/Gent.ma Sig.ra, MCZ Group S.p.A., Via La Croce 8 \u2013 33074 Vigonovo di Fontanafredda (PN) in qualit\u00e0 di titolare del trattamento dei dati personali (di seguito \u201cTitolare\u201d), rilascia la presente informativa all\u2019Interessato nel rispetto della disciplina europea e italiana in materia di protezione dei dati personali. Il [&hellip;]<\/p>\n","protected":false},"author":1,"featured_media":0,"parent":3205,"menu_order":0,"comment_status":"closed","ping_status":"closed","template":"","meta":[],"yoast_head":"<!-- This site is optimized with the Yoast SEO plugin v20.7 - https:\/\/yoast.com\/wordpress\/plugins\/seo\/ -->\n<title>Visite esterni in azienda - Privacy Policy - Mcz Group<\/title>\n<meta name=\"robots\" content=\"noindex, nofollow\" \/>\n<meta property=\"og:locale\" content=\"it_IT\" \/>\n<meta property=\"og:type\" content=\"article\" \/>\n<meta property=\"og:title\" content=\"Visite esterni in azienda - Privacy Policy - Mcz Group\" \/>\n<meta property=\"og:description\" content=\"[vc_row][vc_column][vc_empty_space height=&#8221;50px&#8221;][\/vc_column][\/vc_row][vc_row][vc_column][vc_column_text]INFORMATIVA SUL TRATTAMENTO DEI DATI PERSONALI Egr. Sig.\/Gent.ma Sig.ra, MCZ Group S.p.A., Via La Croce 8 \u2013 33074 Vigonovo di Fontanafredda (PN) in qualit\u00e0 di titolare del trattamento dei dati personali (di seguito \u201cTitolare\u201d), rilascia la presente informativa all\u2019Interessato nel rispetto della disciplina europea e italiana in materia di protezione dei dati personali. Il [&hellip;]\" \/>\n<meta property=\"og:url\" content=\"https:\/\/www.mczgroup.it\/it\/visite-esterni-in-azienda\/privacy-policy\/\" \/>\n<meta property=\"og:site_name\" content=\"Mcz Group\" \/>\n<meta property=\"article:modified_time\" content=\"2023-05-08T13:19:10+00:00\" \/>\n<meta name=\"twitter:card\" content=\"summary_large_image\" \/>\n<meta name=\"twitter:label1\" content=\"Tempo di lettura stimato\" \/>\n\t<meta name=\"twitter:data1\" content=\"3 minuti\" \/>\n<script type=\"application\/ld+json\" class=\"yoast-schema-graph\">{\"@context\":\"https:\/\/schema.org\",\"@graph\":[{\"@type\":\"WebPage\",\"@id\":\"https:\/\/www.mczgroup.it\/it\/visite-esterni-in-azienda\/privacy-policy\/\",\"url\":\"https:\/\/www.mczgroup.it\/it\/visite-esterni-in-azienda\/privacy-policy\/\",\"name\":\"Visite esterni in azienda - Privacy Policy - Mcz Group\",\"isPartOf\":{\"@id\":\"https:\/\/www.mczgroup.it\/it\/#website\"},\"datePublished\":\"2023-05-08T12:52:09+00:00\",\"dateModified\":\"2023-05-08T13:19:10+00:00\",\"breadcrumb\":{\"@id\":\"https:\/\/www.mczgroup.it\/it\/visite-esterni-in-azienda\/privacy-policy\/#breadcrumb\"},\"inLanguage\":\"it-IT\",\"potentialAction\":[{\"@type\":\"ReadAction\",\"target\":[\"https:\/\/www.mczgroup.it\/it\/visite-esterni-in-azienda\/privacy-policy\/\"]}]},{\"@type\":\"BreadcrumbList\",\"@id\":\"https:\/\/www.mczgroup.it\/it\/visite-esterni-in-azienda\/privacy-policy\/#breadcrumb\",\"itemListElement\":[{\"@type\":\"ListItem\",\"position\":1,\"name\":\"MCZ GROUP\",\"item\":\"https:\/\/www.mczgroup.it\/it\/\"},{\"@type\":\"ListItem\",\"position\":2,\"name\":\"Pagina della privacy policy - esterni in azienda\",\"item\":\"https:\/\/www.mczgroup.it\/it\/visite-esterni-in-azienda\/\"},{\"@type\":\"ListItem\",\"position\":3,\"name\":\"Pagina della privacy policy - esterni in azienda\"}]},{\"@type\":\"WebSite\",\"@id\":\"https:\/\/www.mczgroup.it\/it\/#website\",\"url\":\"https:\/\/www.mczgroup.it\/it\/\",\"name\":\"Mcz Group\",\"description\":\"\",\"potentialAction\":[{\"@type\":\"SearchAction\",\"target\":{\"@type\":\"EntryPoint\",\"urlTemplate\":\"https:\/\/www.mczgroup.it\/it\/?s={search_term_string}\"},\"query-input\":\"required name=search_term_string\"}],\"inLanguage\":\"it-IT\"}]}<\/script>\n<!-- \/ Yoast SEO plugin. -->","yoast_head_json":{"title":"Visite esterni in azienda - Privacy Policy - Mcz Group","robots":{"index":"noindex","follow":"nofollow"},"og_locale":"it_IT","og_type":"article","og_title":"Visite esterni in azienda - Privacy Policy - Mcz Group","og_description":"[vc_row][vc_column][vc_empty_space height=&#8221;50px&#8221;][\/vc_column][\/vc_row][vc_row][vc_column][vc_column_text]INFORMATIVA SUL TRATTAMENTO DEI DATI PERSONALI Egr. Sig.\/Gent.ma Sig.ra, MCZ Group S.p.A., Via La Croce 8 \u2013 33074 Vigonovo di Fontanafredda (PN) in qualit\u00e0 di titolare del trattamento dei dati personali (di seguito \u201cTitolare\u201d), rilascia la presente informativa all\u2019Interessato nel rispetto della disciplina europea e italiana in materia di protezione dei dati personali. Il [&hellip;]","og_url":"https:\/\/www.mczgroup.it\/it\/visite-esterni-in-azienda\/privacy-policy\/","og_site_name":"Mcz Group","article_modified_time":"2023-05-08T13:19:10+00:00","twitter_card":"summary_large_image","twitter_misc":{"Tempo di lettura stimato":"3 minuti"},"schema":{"@context":"https:\/\/schema.org","@graph":[{"@type":"WebPage","@id":"https:\/\/www.mczgroup.it\/it\/visite-esterni-in-azienda\/privacy-policy\/","url":"https:\/\/www.mczgroup.it\/it\/visite-esterni-in-azienda\/privacy-policy\/","name":"Visite esterni in azienda - Privacy Policy - Mcz Group","isPartOf":{"@id":"https:\/\/www.mczgroup.it\/it\/#website"},"datePublished":"2023-05-08T12:52:09+00:00","dateModified":"2023-05-08T13:19:10+00:00","breadcrumb":{"@id":"https:\/\/www.mczgroup.it\/it\/visite-esterni-in-azienda\/privacy-policy\/#breadcrumb"},"inLanguage":"it-IT","potentialAction":[{"@type":"ReadAction","target":["https:\/\/www.mczgroup.it\/it\/visite-esterni-in-azienda\/privacy-policy\/"]}]},{"@type":"BreadcrumbList","@id":"https:\/\/www.mczgroup.it\/it\/visite-esterni-in-azienda\/privacy-policy\/#breadcrumb","itemListElement":[{"@type":"ListItem","position":1,"name":"MCZ GROUP","item":"https:\/\/www.mczgroup.it\/it\/"},{"@type":"ListItem","position":2,"name":"Pagina della privacy policy - esterni in azienda","item":"https:\/\/www.mczgroup.it\/it\/visite-esterni-in-azienda\/"},{"@type":"ListItem","position":3,"name":"Pagina della privacy policy - esterni in azienda"}]},{"@type":"WebSite","@id":"https:\/\/www.mczgroup.it\/it\/#website","url":"https:\/\/www.mczgroup.it\/it\/","name":"Mcz Group","description":"","potentialAction":[{"@type":"SearchAction","target":{"@type":"EntryPoint","urlTemplate":"https:\/\/www.mczgroup.it\/it\/?s={search_term_string}"},"query-input":"required name=search_term_string"}],"inLanguage":"it-IT"}]}},"_links":{"self":[{"href":"https:\/\/www.mczgroup.it\/it\/wp-json\/wp\/v2\/pages\/3203"}],"collection":[{"href":"https:\/\/www.mczgroup.it\/it\/wp-json\/wp\/v2\/pages"}],"about":[{"href":"https:\/\/www.mczgroup.it\/it\/wp-json\/wp\/v2\/types\/page"}],"author":[{"embeddable":true,"href":"https:\/\/www.mczgroup.it\/it\/wp-json\/wp\/v2\/users\/1"}],"replies":[{"embeddable":true,"href":"https:\/\/www.mczgroup.it\/it\/wp-json\/wp\/v2\/comments?post=3203"}],"version-history":[{"count":2,"href":"https:\/\/www.mczgroup.it\/it\/wp-json\/wp\/v2\/pages\/3203\/revisions"}],"predecessor-version":[{"id":3207,"href":"https:\/\/www.mczgroup.it\/it\/wp-json\/wp\/v2\/pages\/3203\/revisions\/3207"}],"up":[{"embeddable":true,"href":"https:\/\/www.mczgroup.it\/it\/wp-json\/wp\/v2\/pages\/3205"}],"wp:attachment":[{"href":"https:\/\/www.mczgroup.it\/it\/wp-json\/wp\/v2\/media?parent=3203"}],"curies":[{"name":"wp","href":"https:\/\/api.w.org\/{rel}","templated":true}]}}