{"id":944,"date":"2019-03-20T15:02:42","date_gmt":"2019-03-20T15:02:42","guid":{"rendered":"http:\/\/www.mczgroup.it\/?page_id=944"},"modified":"2019-03-27T10:23:07","modified_gmt":"2019-03-27T10:23:07","slug":"avvertenze-legali","status":"publish","type":"page","link":"https:\/\/www.mczgroup.it\/it\/avvertenze-legali\/","title":{"rendered":"Avvertenze Legali"},"content":{"rendered":"<section class=\"wpb-content-wrapper\"><p>[vc_row][vc_column][vc_empty_space height=&#8221;50px&#8221;][\/vc_column][\/vc_row][vc_row][vc_column][vc_column_text]<\/p>\n<h1>Avvertenze Legali<\/h1>\n<hr \/>\n<h2>Termini e condizioni di utilizzo<\/h2>\n<p>Il presente Sito web \u00e8 un servizio di informazioni on-line fornito da MCZ Group SpA. Il suo utilizzo \u00e8 subordinato all\u2019accettazione dei termini e delle condizioni, qui di seguito stabilite. Se non si intende accettare si \u00e8 invitati a non utilizzare il Sito web ed a non scaricare alcun materiale dallo stesso.<\/p>\n<h2>Limiti all\u2019utilizzo<\/h2>\n<p>I contenuti delle pagine del presente Sito Web sono Copyright di MCZ Group SpA. Tutti i diritti sono riservati. I contenuti delle pagine del presente Sito web non possono, n\u00e9 totalmente n\u00e9 in parte, essere copiati, riprodotti, trasferiti, caricati, pubblicati o distribuiti in qualsiasi modo senza il preventivo consenso scritto di MCZ Group SpA, fatta salva la possibilit\u00e0 di immagazzinarli nel proprio computer o di stampare estratti delle pagine di questo Sito unicamente per utilizzo personale.<\/p>\n<p>Ove non diversamente indicato, i marchi e logo che compaiono su questo Sito sono di propriet\u00e0 di MCZ Group SpA. Essi non possono essere utilizzati su alcun sito Internet diverso dal presente Sito web senza il preventivo consenso scritto di MCZ Group SpA. Il nome e qualsiasi marchio non possono essere utilizzati come indirizzi Internet di altri siti, o quali parti di tali indirizzi, senza il preventivo consenso scritto di MCZ Group SpA.<\/p>\n<h2>Limiti di responsabilit\u00e0<\/h2>\n<p>Le informazioni di questo Sito web sono fornite in buona fede e MCZ Group SpA le ritiene accurate. In ogni caso, chiunque intenda acquistare prodotti non deve rifarsi a dette informazioni ma deve accertarsi, ulteriormente, dell\u2019effettiva natura dei prodotti e della loro concreta idoneit\u00e0 all\u2019uso che se ne intende fare. Conseguentemente, tutte le informazioni di questo Sito sono fornite senza alcuna garanzia, implicita od esplicita, di qualsiasi tipo, quali, a titolo puramente esemplificativo, di qualit\u00e0 dei prodotti, di idoneit\u00e0 per uno specifico scopo o di non violazione di diritti di propriet\u00e0 intellettuale. In nessun caso MCZ Group SpA sar\u00e0 ritenuta responsabile per qualsiasi danno diretto o indiretto, causato dall\u2019utilizzo di questo Sito.<\/p>\n<p>Le informazioni contenute in questo Sito possono essere tecnicamente inaccurate o viziate da errori tipografici. Le informazioni possono essere modificate od aggiornate senza preavviso. MCZ Group SpA pu\u00f2 anche migliorare o cambiare quanto descritto in questo Sito, senza preavviso.<\/p>\n<h2>Links<\/h2>\n<p>MCZ Group SpA non assume alcuna responsabilit\u00e0 per materiali creati o pubblicati da terzi con i quali il Sito abbia un link di collegamento. Chi decide di visitare un Sito collegato al presente Sito web lo fa a suo rischio, assumendosi l\u2019onere di prendere tutte le misure necessarie contro virus od altri elementi distruttivi. Il collegamento con altri siti non implica che MCZ Group SpA sponsorizzi o sia affiliata con le entit\u00e0 che effettuano i servizi descritti in quei siti.<\/p>\n<h2>Trattamento dei dati personali<\/h2>\n<p>In riferimento al D.lgs 30 giugno 2003 n. 196 (codice in materia di protezione dei dati personali), le comunichiamo che il trattamento dei suoi dati personali \u00e8 finalizzato alla gestione delle operazioni descritte ed all\u2019invio di nostro materiale informativo.<\/p>\n<p>Il Titolare del trattamento dei dati \u00e8 MCZ Group SpA. Lei pu\u00f2 esercitare i diritti di cui all\u2019Art.7 del D.lgs 196\/03 rivolgendosi a MCZ Group SpA, 33074 Vigonovo di Fontanafredda (PN) Italy.<\/p>\n<p>&gt; Maggiori informazioni riguardo alla <a href=\"https:\/\/www.mczgroup.it\/it\/privacy-policy\/\">Privacy Policy<\/a><\/p>\n<h2>Cookies<\/h2>\n<p>Questo sito utilizza i cookies per poter fornire un\u2019esperienza di navigazione personalizzata. Senza i cookies non saremmo in grado di offrire tutte le funzioni presenti sul sito.<\/p>\n<p>&gt; Maggiori informazioni riguardo ai <a href=\"https:\/\/www.mczgroup.it\/it\/cookie-policy\/\">Cookies<\/a>[\/vc_column_text][\/vc_column][\/vc_row]<\/p>\n<\/section>","protected":false},"excerpt":{"rendered":"<p>[vc_row][vc_column][vc_empty_space height=&#8221;50px&#8221;][\/vc_column][\/vc_row][vc_row][vc_column][vc_column_text] Avvertenze Legali Termini e condizioni di utilizzo Il presente Sito web \u00e8 un servizio di informazioni on-line fornito da MCZ Group SpA. Il suo utilizzo \u00e8 subordinato all\u2019accettazione dei termini e delle condizioni, qui di seguito stabilite. Se non si intende accettare si \u00e8 invitati a non utilizzare il Sito web ed a [&hellip;]<\/p>\n","protected":false},"author":1,"featured_media":0,"parent":0,"menu_order":0,"comment_status":"closed","ping_status":"closed","template":"","meta":[],"yoast_head":"<!-- This site is optimized with the Yoast SEO plugin v20.7 - https:\/\/yoast.com\/wordpress\/plugins\/seo\/ -->\n<title>Avvertenze Legali - Mcz Group<\/title>\n<meta name=\"robots\" content=\"index, follow, max-snippet:-1, max-image-preview:large, max-video-preview:-1\" \/>\n<link rel=\"canonical\" href=\"https:\/\/www.mczgroup.it\/it\/avvertenze-legali\/\" \/>\n<meta property=\"og:locale\" content=\"it_IT\" \/>\n<meta property=\"og:type\" content=\"article\" \/>\n<meta property=\"og:title\" content=\"Avvertenze Legali - Mcz Group\" \/>\n<meta property=\"og:description\" content=\"[vc_row][vc_column][vc_empty_space height=&#8221;50px&#8221;][\/vc_column][\/vc_row][vc_row][vc_column][vc_column_text] Avvertenze Legali Termini e condizioni di utilizzo Il presente Sito web \u00e8 un servizio di informazioni on-line fornito da MCZ Group SpA. Il suo utilizzo \u00e8 subordinato all\u2019accettazione dei termini e delle condizioni, qui di seguito stabilite. Se non si intende accettare si \u00e8 invitati a non utilizzare il Sito web ed a [&hellip;]\" \/>\n<meta property=\"og:url\" content=\"https:\/\/www.mczgroup.it\/it\/avvertenze-legali\/\" \/>\n<meta property=\"og:site_name\" content=\"Mcz Group\" \/>\n<meta property=\"article:modified_time\" content=\"2019-03-27T10:23:07+00:00\" \/>\n<meta name=\"twitter:card\" content=\"summary_large_image\" \/>\n<meta name=\"twitter:label1\" content=\"Tempo di lettura stimato\" \/>\n\t<meta name=\"twitter:data1\" content=\"3 minuti\" \/>\n<script type=\"application\/ld+json\" class=\"yoast-schema-graph\">{\"@context\":\"https:\/\/schema.org\",\"@graph\":[{\"@type\":\"WebPage\",\"@id\":\"https:\/\/www.mczgroup.it\/it\/avvertenze-legali\/\",\"url\":\"https:\/\/www.mczgroup.it\/it\/avvertenze-legali\/\",\"name\":\"Avvertenze Legali - Mcz Group\",\"isPartOf\":{\"@id\":\"https:\/\/www.mczgroup.it\/it\/#website\"},\"datePublished\":\"2019-03-20T15:02:42+00:00\",\"dateModified\":\"2019-03-27T10:23:07+00:00\",\"breadcrumb\":{\"@id\":\"https:\/\/www.mczgroup.it\/it\/avvertenze-legali\/#breadcrumb\"},\"inLanguage\":\"it-IT\",\"potentialAction\":[{\"@type\":\"ReadAction\",\"target\":[\"https:\/\/www.mczgroup.it\/it\/avvertenze-legali\/\"]}]},{\"@type\":\"BreadcrumbList\",\"@id\":\"https:\/\/www.mczgroup.it\/it\/avvertenze-legali\/#breadcrumb\",\"itemListElement\":[{\"@type\":\"ListItem\",\"position\":1,\"name\":\"MCZ GROUP\",\"item\":\"https:\/\/www.mczgroup.it\/it\/\"},{\"@type\":\"ListItem\",\"position\":2,\"name\":\"Avvertenze Legali\"}]},{\"@type\":\"WebSite\",\"@id\":\"https:\/\/www.mczgroup.it\/it\/#website\",\"url\":\"https:\/\/www.mczgroup.it\/it\/\",\"name\":\"Mcz Group\",\"description\":\"\",\"potentialAction\":[{\"@type\":\"SearchAction\",\"target\":{\"@type\":\"EntryPoint\",\"urlTemplate\":\"https:\/\/www.mczgroup.it\/it\/?s={search_term_string}\"},\"query-input\":\"required name=search_term_string\"}],\"inLanguage\":\"it-IT\"}]}<\/script>\n<!-- \/ Yoast SEO plugin. -->","yoast_head_json":{"title":"Avvertenze Legali - Mcz Group","robots":{"index":"index","follow":"follow","max-snippet":"max-snippet:-1","max-image-preview":"max-image-preview:large","max-video-preview":"max-video-preview:-1"},"canonical":"https:\/\/www.mczgroup.it\/it\/avvertenze-legali\/","og_locale":"it_IT","og_type":"article","og_title":"Avvertenze Legali - Mcz Group","og_description":"[vc_row][vc_column][vc_empty_space height=&#8221;50px&#8221;][\/vc_column][\/vc_row][vc_row][vc_column][vc_column_text] Avvertenze Legali Termini e condizioni di utilizzo Il presente Sito web \u00e8 un servizio di informazioni on-line fornito da MCZ Group SpA. Il suo utilizzo \u00e8 subordinato all\u2019accettazione dei termini e delle condizioni, qui di seguito stabilite. Se non si intende accettare si \u00e8 invitati a non utilizzare il Sito web ed a [&hellip;]","og_url":"https:\/\/www.mczgroup.it\/it\/avvertenze-legali\/","og_site_name":"Mcz Group","article_modified_time":"2019-03-27T10:23:07+00:00","twitter_card":"summary_large_image","twitter_misc":{"Tempo di lettura stimato":"3 minuti"},"schema":{"@context":"https:\/\/schema.org","@graph":[{"@type":"WebPage","@id":"https:\/\/www.mczgroup.it\/it\/avvertenze-legali\/","url":"https:\/\/www.mczgroup.it\/it\/avvertenze-legali\/","name":"Avvertenze Legali - Mcz Group","isPartOf":{"@id":"https:\/\/www.mczgroup.it\/it\/#website"},"datePublished":"2019-03-20T15:02:42+00:00","dateModified":"2019-03-27T10:23:07+00:00","breadcrumb":{"@id":"https:\/\/www.mczgroup.it\/it\/avvertenze-legali\/#breadcrumb"},"inLanguage":"it-IT","potentialAction":[{"@type":"ReadAction","target":["https:\/\/www.mczgroup.it\/it\/avvertenze-legali\/"]}]},{"@type":"BreadcrumbList","@id":"https:\/\/www.mczgroup.it\/it\/avvertenze-legali\/#breadcrumb","itemListElement":[{"@type":"ListItem","position":1,"name":"MCZ GROUP","item":"https:\/\/www.mczgroup.it\/it\/"},{"@type":"ListItem","position":2,"name":"Avvertenze Legali"}]},{"@type":"WebSite","@id":"https:\/\/www.mczgroup.it\/it\/#website","url":"https:\/\/www.mczgroup.it\/it\/","name":"Mcz Group","description":"","potentialAction":[{"@type":"SearchAction","target":{"@type":"EntryPoint","urlTemplate":"https:\/\/www.mczgroup.it\/it\/?s={search_term_string}"},"query-input":"required name=search_term_string"}],"inLanguage":"it-IT"}]}},"_links":{"self":[{"href":"https:\/\/www.mczgroup.it\/it\/wp-json\/wp\/v2\/pages\/944"}],"collection":[{"href":"https:\/\/www.mczgroup.it\/it\/wp-json\/wp\/v2\/pages"}],"about":[{"href":"https:\/\/www.mczgroup.it\/it\/wp-json\/wp\/v2\/types\/page"}],"author":[{"embeddable":true,"href":"https:\/\/www.mczgroup.it\/it\/wp-json\/wp\/v2\/users\/1"}],"replies":[{"embeddable":true,"href":"https:\/\/www.mczgroup.it\/it\/wp-json\/wp\/v2\/comments?post=944"}],"version-history":[{"count":4,"href":"https:\/\/www.mczgroup.it\/it\/wp-json\/wp\/v2\/pages\/944\/revisions"}],"predecessor-version":[{"id":1916,"href":"https:\/\/www.mczgroup.it\/it\/wp-json\/wp\/v2\/pages\/944\/revisions\/1916"}],"wp:attachment":[{"href":"https:\/\/www.mczgroup.it\/it\/wp-json\/wp\/v2\/media?parent=944"}],"curies":[{"name":"wp","href":"https:\/\/api.w.org\/{rel}","templated":true}]}}